{"id":697991,"date":"2025-12-22T17:41:31","date_gmt":"2025-12-22T14:41:31","guid":{"rendered":"https:\/\/nbg.eu\/product\/pakkett-upranger\/"},"modified":"2026-01-07T13:14:46","modified_gmt":"2026-01-07T10:14:46","slug":"pakkett-upranger","status":"publish","type":"product","link":"https:\/\/nbg.eu\/mt\/product\/pakkett-upranger\/","title":{"rendered":"Pakkett UpRanger"},"content":{"rendered":"<h2>UpRanger Pack: Ibdil il-Portata ta &#8216;Tag\u0127mir tieg\u0127ek g\u0127al-Log\u0127ob ta &#8216;3 Armi u Outdoor<\/h2>\n<p>Imsejjes fuq il-\u0127ti\u0121ijiet ta&#8217; Kampjun 3-Gunner, il-pakkett UpRanger\u2122 jibdel il-log\u0127ba. Iddisinjat biex jintefa &#8216;fuq il-wi\u010b\u010b tieg\u0127u ta&#8217; barra tal-polykarbonati, il-pakkett jista&#8217; jinfeta\u0127 mill-\u0121enb tal-\u0127arness g\u0127al a\u010b\u010bess malajr g\u0127at-tag\u0127mir tieg\u0127ek ming\u0127ajr u\u017cura jew tni\u0121\u0121is \u017cejjed. Kemm jekk tu\u017cah g\u0127ar-ranja, b\u0127ala bor\u017ca tal-kamra robusta, jew g\u0127al kull avventura outdoor o\u0127ra, l-UpRanger g\u0127andu l-kapa\u010bit\u00e0 u l-karatteristi\u010bi biex jikkumbatti kollox.<\/p>\n<p>B&#8217;volum ta &#8216;3260 pulzieri kubi\u010bi (53.4 L) u b&#8217;pi\u017c ta&#8217; 6.45 lbs biss, l-UpRanger huwa pakkett kapa\u010bi \u0127afna i\u017cda \u0127afif. Il-\u0127arness tal-ispalla soffevoli u a\u0121\u0121ustabbli tieg\u0127u ji\u017cgura li jit\u0127ammi\u0121 b&#8217;mod komdu, filwaqt li d-dividituri konfigurabli jippermettu lilek li \u0121\u0121ib l-arran\u0121ament intern skond il-\u0127ti\u0121ijiet spe\u010bifi\u010bi tieg\u0127ek. G\u0127al protezzjoni addizzjonali, il-pakkett huwa kompatibbli mal-Kopertura tal-Imtliet Kbira tag\u0127na biex i\u017comm it-tag\u0127mir tieg\u0127ek xott f&#8217;temp \u0127a\u017cin.<\/p>\n<p>G\u0127all-arran\u0121ament 3-Gun finali, ippajjar l-UpRanger ma &#8216;Sidwinder rifle cases tag\u0127na g\u0127al soluzzjoni \u0121enerali li \u017c\u017comm l-armamenti tieg\u0127ek siguri u fa\u010bilment a\u010b\u010bessibbli. Il-pannelli tal-\u0121enb removabbli jipprovdu flessibbilt\u00e0 addizzjonali, li jippermettulek tikkonfigura l-pakkett skond ir-rekwi\u017citi uni\u010bi tieg\u0127ek.<\/p>\n<p>Elevat il-\u0121estjoni tat-tag\u0127mir tal-outdoor tieg\u0127ek b&#8217;pakkett innovattiv UpRanger, iddisinjat biex jirregola l-attivitajiet tieg\u0127ek u \u017c\u017comm it-tag\u0127mir essenzjali tieg\u0127ek organizzat u protett.<\/p>\n","protected":false},"excerpt":{"rendered":"<p>Pakkett versatili g\u0127at-3 Pistol b&#8217;ba\u017ci ta&#8217; polikarbonat g\u0127al a\u010b\u010bess rapidu u ming\u0127ajr trab.<\/p>\n","protected":false},"featured_media":696439,"template":"","meta":{"_acf_changed":false},"product_brand":[15150],"product_cat":[14102],"product_tag":[],"class_list":{"0":"post-697991","1":"product","2":"type-product","3":"status-publish","4":"has-post-thumbnail","6":"product_brand-eberlestock","7":"product_cat-boroz-tad-dahar","9":"first","10":"instock","11":"taxable","12":"shipping-taxable","13":"purchasable","14":"product-type-variable","15":"wvs-archive-product-wrapper"},"acf":[],"_links":{"self":[{"href":"https:\/\/nbg.eu\/mt\/wp-json\/wp\/v2\/product\/697991","targetHints":{"allow":["GET"]}}],"collection":[{"href":"https:\/\/nbg.eu\/mt\/wp-json\/wp\/v2\/product"}],"about":[{"href":"https:\/\/nbg.eu\/mt\/wp-json\/wp\/v2\/types\/product"}],"wp:featuredmedia":[{"embeddable":true,"href":"https:\/\/nbg.eu\/mt\/wp-json\/wp\/v2\/media\/696439"}],"wp:attachment":[{"href":"https:\/\/nbg.eu\/mt\/wp-json\/wp\/v2\/media?parent=697991"}],"wp:term":[{"taxonomy":"product_brand","embeddable":true,"href":"https:\/\/nbg.eu\/mt\/wp-json\/wp\/v2\/product_brand?post=697991"},{"taxonomy":"product_cat","embeddable":true,"href":"https:\/\/nbg.eu\/mt\/wp-json\/wp\/v2\/product_cat?post=697991"},{"taxonomy":"product_tag","embeddable":true,"href":"https:\/\/nbg.eu\/mt\/wp-json\/wp\/v2\/product_tag?post=697991"}],"curies":[{"name":"wp","href":"https:\/\/api.w.org\/{rel}","templated":true}]}}