{"id":698312,"date":"2025-12-22T17:45:44","date_gmt":"2025-12-22T14:45:44","guid":{"rendered":"https:\/\/nbg.eu\/product\/tappiera-tal-irqad-fil-hamrija\/"},"modified":"2026-04-15T14:32:18","modified_gmt":"2026-04-15T11:32:18","slug":"tappiera-tal-irqad-fil-hamrija","status":"publish","type":"product","link":"https:\/\/nbg.eu\/mt\/product\/tappiera-tal-irqad-fil-hamrija\/","title":{"rendered":"Eberlestock Imnie\u0127el tat-Tir Dirt Nap"},"content":{"rendered":"<h2>Dirt Nap Shooting Mat: Ottimizzat g\u0127all-Kumdit\u00e0 u l-Konvenjenza tal-Postazzjoni Prona<\/h2>\n<p>Il-Dirt Nap Shooting Mat huwa ddisinjat b&#8217;ekspert u prijoritat g\u0127all-postazzjoni ta&#8217; tirazzjoni prona. Jissa\u0127\u0127a\u0127 il-\u0127ru\u0121 tieg\u0127ek b&#8217;kumdit\u00e0 u prattikalit\u00e0 superjuri, u jkun addizzjoni essenzjali g\u0127all-kit tal-jum tar-radda tieg\u0127ek.<\/p>\n<p>Id-Dirt Nap jinkludi \u010belloli mpadurin individwalment li jo\u0127olqu \u0121ebel naturali, u jippermetti tpi\u010b\u010bir u \u0127a\u017cna kompatti fa\u010bli. B&#8217;padurin s\u0127a\u0127 fil-nofs ta&#8217; fuq u li jestendu &#8216;l isfel lejn i\u010b-\u010bentru tan-nofs ta&#8217; wara, jipprovdi l-massimu ta&#8217; kumdit\u00e0 e\u017cattament fejn g\u0127andek l-aktar b\u017conn tieg\u0127u.<\/p>\n<p>Bl-Tul ta&#8217; 94&#8243; u l-Wisa&#8217; ta&#8217; 34&#8243;, li jitpi\u010b\u010bar sa 12&#8243; x 17&#8243; kompatt, id-Dirt Nap Shooting Mat ji\u017cen biss 4 libbri u 13 unzja. Il-kostruzzjoni b&#8217;nylon tal-PVC ta&#8217; 600D, is-soqfa tal-PVC u l-mani\u0121 tal-kunsinna jag\u0127mluh g\u0127a\u017cla robusta u prattika g\u0127al kull tiratur.<\/p>\n<p>Il-faxxa tal-\u0127a\u017cna b&#8217;straps u bokklijiet ta&#8217; 20mm ji\u017cguraw li d-Dirt Nap tieg\u0127ek jibqa&#8217; f&#8217;postu b&#8217;mod sikur, filwaqt li l-karatteristi\u010bi tad-disinn daqsxejn ta&#8217; \u0127sieb jag\u0127mluh bi\u010b\u010ba essenzjali tal-tag\u0127mir g\u0127all-jum tar-radda li jmiss tieg\u0127ek.<\/p>\n","protected":false},"excerpt":{"rendered":"<p>Il-Dirt Nap Shooting Mat &#8211; ddisinjat b&#8217;esperjenza g\u0127al tirgunnar f&#8217;po\u017cizzjoni qrib l-art, li joffri kummudit\u00e0 u prattikalit\u00e0 superjuri.<\/p>\n","protected":false},"featured_media":698535,"template":"","meta":{"_acf_changed":false},"product_brand":[15150],"product_cat":[14166],"product_tag":[],"class_list":{"0":"post-698312","1":"product","2":"type-product","3":"status-publish","4":"has-post-thumbnail","6":"product_brand-eberlestock","7":"product_cat-tagmir","9":"first","10":"instock","11":"taxable","12":"shipping-taxable","13":"purchasable","14":"product-type-variable","15":"wvs-archive-product-wrapper"},"acf":[],"_links":{"self":[{"href":"https:\/\/nbg.eu\/mt\/wp-json\/wp\/v2\/product\/698312","targetHints":{"allow":["GET"]}}],"collection":[{"href":"https:\/\/nbg.eu\/mt\/wp-json\/wp\/v2\/product"}],"about":[{"href":"https:\/\/nbg.eu\/mt\/wp-json\/wp\/v2\/types\/product"}],"wp:featuredmedia":[{"embeddable":true,"href":"https:\/\/nbg.eu\/mt\/wp-json\/wp\/v2\/media\/698535"}],"wp:attachment":[{"href":"https:\/\/nbg.eu\/mt\/wp-json\/wp\/v2\/media?parent=698312"}],"wp:term":[{"taxonomy":"product_brand","embeddable":true,"href":"https:\/\/nbg.eu\/mt\/wp-json\/wp\/v2\/product_brand?post=698312"},{"taxonomy":"product_cat","embeddable":true,"href":"https:\/\/nbg.eu\/mt\/wp-json\/wp\/v2\/product_cat?post=698312"},{"taxonomy":"product_tag","embeddable":true,"href":"https:\/\/nbg.eu\/mt\/wp-json\/wp\/v2\/product_tag?post=698312"}],"curies":[{"name":"wp","href":"https:\/\/api.w.org\/{rel}","templated":true}]}}