{"id":699113,"date":"2025-12-22T17:57:48","date_gmt":"2025-12-22T14:57:48","guid":{"rendered":"https:\/\/nbg.eu\/product\/gunslinger-ii-pack\/"},"modified":"2026-04-15T14:32:11","modified_gmt":"2026-04-15T11:32:11","slug":"gunslinger-ii-pack","status":"publish","type":"product","link":"https:\/\/nbg.eu\/mt\/product\/gunslinger-ii-pack\/","title":{"rendered":"Eberlestock Backpack G2 Gunslinger II"},"content":{"rendered":"<h2>Gunslinger II\u2122 Tactical Pack<\/h2>\n<p>Il-Gunslinger II\u2122 huwa pack tattiku ta&#8217; daqs medju b&#8217;iscabbard bl-inqas wisa&#8217; sabiex jista&#8217; jie\u0127u armi b&#8217;saqqijiet akbar jew b&#8217;ottiki kbar. L-iscabbard wiesg\u0127a tippermettilu wkoll li jservi b\u0127ala kompartiment g\u0127al laptop jew radju militari. Anke bil-iscabbard mag\u0127fus &#8216;il fuq, se jifri\u0121\u0121i l-aktar fucili b&#8217;\u010bappieri qosra. Il-Gunslinger II g\u0127andu kapa\u010bit\u00e0 ta&#8217; 2100 pul\u010bi kubi u ji\u0121i standard bit-Intex-II\u2122 No-Shelf frame system tubolari, sistema ta&#8217; xkubetti kompletament a\u0121\u0121ustabbli u \u010binturin tal-ilqug\u0127 merfug\u0127.<\/p>\n<h2>Dimensjonijiet<\/h2>\n<p>Volum tal-pack: 2,100 pul\u010bi kubi \/ 34.41L<br \/>\nVolum tal-iscabbard: 600 pul\u010bi kubi<br \/>\n-Volum totali: 44 litri \/ 2,700 pul\u010bi kubi<br \/>\n-Pi\u017c: 6 libbri u 8 ons<br \/>\n-Dimensjonijiet tal-bor\u017ca prin\u010bipali: 22 pulzier g\u0127oli x 10 pulzier wiesa&#8217; x 8 pulzier fond<br \/>\n-Dimensjonijiet tal-iscabbard: 34 pulzier tul x 10 pulzier wisa&#8217; x 3 pulzier fond, b&#8217;faqqieg\u0127a b&#8217;\u010birkonferenza ta&#8217; 26 pulzier. Il-g\u0127ata GSTC tippermetti t-trasport ta&#8217; armi sa 60 pulzier.<\/p>\n<h2>Karatteristi\u010bi<\/h2>\n<p>Bu\u017c\u017cieqa fil-g\u0127atba fuqija<br \/>\n-Panell tal-tag\u0127bija<br \/>\n-Bu\u017c\u017cieqi g\u0127al bottilja tal-ilma<br \/>\n-Iscabbard tal-arma integrat<br \/>\n-Straps ta&#8217; kompressjoni tal-grappel<br \/>\n-Ftu\u0127 tas-saqq ta&#8217; fuq u fer\u0127a quddiem<br \/>\n-Qafas tubolari Intex II<\/p>\n","protected":false},"excerpt":{"rendered":"<p>Il-Gunslinger II\u2122 huwa pakkett tatti\u010bi ta&#8217; daqs medju b&#8217;scabbard ta&#8217; wisa&#8217; s\u0127i\u0127a sabiex jakkommodaw armi b&#8217;sezzjonijiet transversali akbar jew ottika kbira.<\/p>\n","protected":false},"featured_media":699166,"template":"","meta":{"_acf_changed":false},"product_brand":[15150],"product_cat":[14102],"product_tag":[],"class_list":{"0":"post-699113","1":"product","2":"type-product","3":"status-publish","4":"has-post-thumbnail","6":"product_brand-eberlestock","7":"product_cat-boroz-tad-dahar","9":"first","10":"instock","11":"taxable","12":"shipping-taxable","13":"purchasable","14":"product-type-variable","15":"wvs-archive-product-wrapper"},"acf":[],"_links":{"self":[{"href":"https:\/\/nbg.eu\/mt\/wp-json\/wp\/v2\/product\/699113","targetHints":{"allow":["GET"]}}],"collection":[{"href":"https:\/\/nbg.eu\/mt\/wp-json\/wp\/v2\/product"}],"about":[{"href":"https:\/\/nbg.eu\/mt\/wp-json\/wp\/v2\/types\/product"}],"wp:featuredmedia":[{"embeddable":true,"href":"https:\/\/nbg.eu\/mt\/wp-json\/wp\/v2\/media\/699166"}],"wp:attachment":[{"href":"https:\/\/nbg.eu\/mt\/wp-json\/wp\/v2\/media?parent=699113"}],"wp:term":[{"taxonomy":"product_brand","embeddable":true,"href":"https:\/\/nbg.eu\/mt\/wp-json\/wp\/v2\/product_brand?post=699113"},{"taxonomy":"product_cat","embeddable":true,"href":"https:\/\/nbg.eu\/mt\/wp-json\/wp\/v2\/product_cat?post=699113"},{"taxonomy":"product_tag","embeddable":true,"href":"https:\/\/nbg.eu\/mt\/wp-json\/wp\/v2\/product_tag?post=699113"}],"curies":[{"name":"wp","href":"https:\/\/api.w.org\/{rel}","templated":true}]}}