{"id":699661,"date":"2025-12-22T18:02:07","date_gmt":"2025-12-22T15:02:07","guid":{"rendered":"https:\/\/nbg.eu\/product\/xatba-tax-xita-ta-bino\/"},"modified":"2026-04-15T14:32:07","modified_gmt":"2026-04-15T11:32:07","slug":"xatba-tax-xita-ta-bino","status":"publish","type":"product","link":"https:\/\/nbg.eu\/mt\/product\/xatba-tax-xita-ta-bino\/","title":{"rendered":"Eberlestock Kopertura tax-Xita tal-Binokulari Recon"},"content":{"rendered":"<h2>Bino Rain Fly: Kompatt u \u0126fief Protezzjoni g\u0127all-Ottika Tieg\u0127ek<\/h2>\n<p>Il-Bino Rain Fly hija soluzzjoni versatili u kompatta g\u0127al biex i\u017c\u017comm il-binokkulari tieg\u0127ek xotti u protetti mill-elementi. Imfassla biex tintegra bla xkiel mal-Recon Bino Harness, din il-bijofly toffri kopertura u konvenjenza affidabbli.<\/p>\n<p>Mag\u0127mula minn materjali li jdumu u \u0127fief, il-Bino Rain Fly tidda\u0127\u0127al f&#8217;ta\u0127\u017cira inklu\u017ca, li tag\u0127milha fa\u010bli biex ittella&#8217; u tu\u017caha meta me\u0127tie\u0121a. Il-bandella tal-Hangar ta&#8217; 10mm tippermettik li twa\u0127\u0127al bil-sikurezza l-bijofly mal-o\u0121\u0121etti tieg\u0127ek, biex ti\u017cgura li l-binokkulari tieg\u0127ek jibqg\u0127u m\u0127arsa mir-ri\u0127, ix-xita, u kundizzjonijiet meteorolo\u0121i\u010bi o\u0127ra.<\/p>\n<p>Bi disinn ta&#8217; kopertura s\u0127i\u0127a, il-Bino Rain Fly tg\u0127atti kompletament il-Recon Bino Harness, biex tipprovdi protezzjoni s\u0127i\u0127a g\u0127all-ottika tieg\u0127ek. Kun ffukat fuq l-avventuri tieg\u0127ek fl-arja miftu\u0127a ming\u0127ajr ma tinkwieta li l-elementi jistg\u0127u jdg\u0127ajfu l-esperjenza tal-vi\u017cjoni tieg\u0127ek.<\/p>\n<p>Kemm jekk int bird-watching, rabbit, jew esploratur tal-arja miftu\u0127a, il-Bino Rain Fly hija a\u010b\u010bessorju essenzjali biex i\u017c\u017comm il-binokkulari tieg\u0127ek xotti u f&#8217;kundizzjoni e\u010b\u010bellenti. Kompatta, \u0127afifa, u fa\u010bli biex tu\u017ca, hija l-kumpanja perfetta g\u0127al kull enthu\u017cjast tal-arja miftu\u0127a.<\/p>\n","protected":false},"excerpt":{"rendered":"<p>G\u0127atu g\u0127all-kun\u010bett li jipprote\u0121i l-Recon Bino Harness tieg\u0127ek.<\/p>\n","protected":false},"featured_media":700053,"template":"","meta":{"_acf_changed":false},"product_brand":[15150],"product_cat":[15208],"product_tag":[],"class_list":{"0":"post-699661","1":"product","2":"type-product","3":"status-publish","4":"has-post-thumbnail","6":"product_brand-eberlestock","7":"product_cat-binocular-harnesses-mt","9":"first","10":"instock","11":"taxable","12":"shipping-taxable","13":"purchasable","14":"product-type-variable","15":"wvs-archive-product-wrapper"},"acf":[],"_links":{"self":[{"href":"https:\/\/nbg.eu\/mt\/wp-json\/wp\/v2\/product\/699661","targetHints":{"allow":["GET"]}}],"collection":[{"href":"https:\/\/nbg.eu\/mt\/wp-json\/wp\/v2\/product"}],"about":[{"href":"https:\/\/nbg.eu\/mt\/wp-json\/wp\/v2\/types\/product"}],"wp:featuredmedia":[{"embeddable":true,"href":"https:\/\/nbg.eu\/mt\/wp-json\/wp\/v2\/media\/700053"}],"wp:attachment":[{"href":"https:\/\/nbg.eu\/mt\/wp-json\/wp\/v2\/media?parent=699661"}],"wp:term":[{"taxonomy":"product_brand","embeddable":true,"href":"https:\/\/nbg.eu\/mt\/wp-json\/wp\/v2\/product_brand?post=699661"},{"taxonomy":"product_cat","embeddable":true,"href":"https:\/\/nbg.eu\/mt\/wp-json\/wp\/v2\/product_cat?post=699661"},{"taxonomy":"product_tag","embeddable":true,"href":"https:\/\/nbg.eu\/mt\/wp-json\/wp\/v2\/product_tag?post=699661"}],"curies":[{"name":"wp","href":"https:\/\/api.w.org\/{rel}","templated":true}]}}