{"id":700386,"date":"2025-12-22T18:10:47","date_gmt":"2025-12-22T15:10:47","guid":{"rendered":"https:\/\/nbg.eu\/product\/pannell-molle\/"},"modified":"2026-04-15T14:32:04","modified_gmt":"2026-04-15T11:32:04","slug":"pannell-molle","status":"publish","type":"product","link":"https:\/\/nbg.eu\/mt\/product\/pannell-molle\/","title":{"rendered":"Eberlestock Pannell MOLLE Recon"},"content":{"rendered":"<h2>Recon MOLLE Panel &#8211; A\u010b\u010bessorju Versatili g\u0127at-Tag\u0127bija tieg\u0127ek tal-Binoklu<\/h2>\n<p>Ir-Recon MOLLE Panel huwa \u017cieda sempli\u010bi i\u017cda versatili g\u0127all-installazzjoni tat-tag\u0127bija tal-binoklu tieg\u0127ek. Jipprovdi mod konvenjenti biex twa\u0127\u0127al diversi kpiepel, b\u0127all-Recon Bearspray Pouch jew ir-Recon Rangefinder Pouch, orizzontalment ta\u0127t il-kpiepel tal-binoklu tieg\u0127ek. Dan il-panel jaqdi wkoll b\u0127ala pjattaforma sikura g\u0127all-holsters kompatibbli mal-MOLLE, li jippermettulek i\u0121\u0121orr arma fil-mani b&#8217;mod sikur u komdu fuq it-tag\u0127bija tal-binoklu tieg\u0127ek.<\/p>\n<p>Li jkejjel 6 pulzieri wisa&#8217; u 3.25 pulzieri g\u0127oli, ir-Recon MOLLE Panel joffri disinn kompatt u mill-aqwa li mhux se ji\u017cid il-qies bla b\u017conn g\u0127at-tag\u0127mir tieg\u0127ek. Il-kostruzzjoni kompatibli mal-MOLLE ti\u017cgura kompatibilit\u00e0 ma&#8217; firxa wiesg\u0127a ta&#8217; a\u010b\u010bessorji, li jipprovdulek il-flessibbilt\u00e0 biex tikkustomizza l-installazzjoni tieg\u0127ek biex taqbel mal-\u0127ti\u0121ijiet spe\u010bifi\u010bi tieg\u0127ek.<\/p>\n","protected":false},"excerpt":{"rendered":"<p>Il-panell MOLLE versatili g\u0127all-\u0121arr tal-pouch u l-pistola fuq l-imnie\u0127er tas-\u017carbun.<\/p>\n","protected":false},"featured_media":700454,"template":"","meta":{"_acf_changed":false},"product_brand":[15150],"product_cat":[14156],"product_tag":[],"class_list":{"0":"post-700386","1":"product","2":"type-product","3":"status-publish","4":"has-post-thumbnail","6":"product_brand-eberlestock","7":"product_cat-boroz","9":"first","10":"instock","11":"taxable","12":"shipping-taxable","13":"purchasable","14":"product-type-variable","15":"wvs-archive-product-wrapper"},"acf":[],"_links":{"self":[{"href":"https:\/\/nbg.eu\/mt\/wp-json\/wp\/v2\/product\/700386","targetHints":{"allow":["GET"]}}],"collection":[{"href":"https:\/\/nbg.eu\/mt\/wp-json\/wp\/v2\/product"}],"about":[{"href":"https:\/\/nbg.eu\/mt\/wp-json\/wp\/v2\/types\/product"}],"wp:featuredmedia":[{"embeddable":true,"href":"https:\/\/nbg.eu\/mt\/wp-json\/wp\/v2\/media\/700454"}],"wp:attachment":[{"href":"https:\/\/nbg.eu\/mt\/wp-json\/wp\/v2\/media?parent=700386"}],"wp:term":[{"taxonomy":"product_brand","embeddable":true,"href":"https:\/\/nbg.eu\/mt\/wp-json\/wp\/v2\/product_brand?post=700386"},{"taxonomy":"product_cat","embeddable":true,"href":"https:\/\/nbg.eu\/mt\/wp-json\/wp\/v2\/product_cat?post=700386"},{"taxonomy":"product_tag","embeddable":true,"href":"https:\/\/nbg.eu\/mt\/wp-json\/wp\/v2\/product_tag?post=700386"}],"curies":[{"name":"wp","href":"https:\/\/api.w.org\/{rel}","templated":true}]}}