{"id":700811,"date":"2025-12-22T18:16:35","date_gmt":"2025-12-22T15:16:35","guid":{"rendered":"https:\/\/nbg.eu\/product\/puwwitu-ghal-trejani-tal-firxa\/"},"modified":"2026-04-15T14:32:00","modified_gmt":"2026-04-15T11:32:00","slug":"puwwitu-ghal-trejani-tal-firxa","status":"publish","type":"product","link":"https:\/\/nbg.eu\/mt\/product\/puwwitu-ghal-trejani-tal-firxa\/","title":{"rendered":"Eberlestock Kaxxa tal-Kejl tad-Distanza Recon"},"content":{"rendered":"<h2>Recon Rangefinder Pouch: Ipprote\u0121i l-Apparat tieg\u0127ek, Issensibbi l-Pre\u010bi\u017cjoni tieg\u0127ek<\/h2>\n<p>Og\u0127la l-avventuri tieg\u0127ek fil-barra b&#8217;Recon Rangefinder Pouch, iddisinjat biex jipprote\u0121i l-apparat essenzjali tieg\u0127ek g\u0127all-qies tar-ra\u0121\u0121i. Manifatturat b&#8217;attenzjoni minuzi\u017ca g\u0127ad-dettall, dan il-pouch joffri protezzjoni u komodit\u00e0 bla pre\u010bedent, li ji\u017cguraw li l-apparat tieg\u0127ek jibqa&#8217; sikur u fa\u010bilment a\u010b\u010bessibbli.<\/p>\n<p>B&#8217;kopert b&#8217;qieg\u0127 imlibb, il-Recon Rangefinder Pouch i\u017comm lura l-\u0127mie\u0121 u d-detriti, u jippreserva l-kundizzjoni imperfetta tal-\u0121lass tar-ra\u0121\u0121ifinder tieg\u0127ek. Rabta ta&#8217; lanyard elastiku tippermettik li ttella&#8217; l-apparat tieg\u0127ek bla bi\u017ca&#8217; ta&#8217; \u0127sara jew telf, u \u017c\u017comm jdejk \u0127ielsa g\u0127al kompiti aktar ur\u0121enti.<\/p>\n<p>B&#8217;dimensjonijiet kompatti ta&#8217; 1.75&#8243; D x 3.25&#8243; W x 5&#8243; H, il-Recon Rangefinder Pouch jintegra fa\u010bilment ma&#8217; tag\u0127mir tieg\u0127ek tal-barra, u jipprovdi soluzzjoni ta&#8217; \u0127a\u017cna diskreta u mrokkbija. Sew jekk int ka\u010b\u010batur imnalla, mxennaq g\u0127all-mixi, jew marksman passjonat, dan il-pouch ver\u017catili huwa l-a\u010b\u010bessorju perfett biex jipprote\u0121i l-apparat prezzju\u017c tieg\u0127ek g\u0127all-qies tar-ra\u0121\u0121i.<\/p>\n<p>Og\u0127la l-esperjenza tieg\u0127ek tal-barra b&#8217;Recon Rangefinder Pouch, l-a\u010b\u010bessorju definittiv g\u0127all-avventuriero li jitlob l-a\u0127jar fil-protezzjoni u l-komodit\u00e0 tal-apparat.<\/p>\n","protected":false},"excerpt":{"rendered":"<p>Illallar il-Pouch tal-Rekon Rangefinder jipprote\u0121i d-dment tieg\u0127ek b&#8217;gar\u017ca manjetika u lanyard tal-elastiku g\u0127at-trasport sikur u konvenjenti.<\/p>\n","protected":false},"featured_media":700857,"template":"","meta":{"_acf_changed":false},"product_brand":[15150],"product_cat":[14156],"product_tag":[],"class_list":{"0":"post-700811","1":"product","2":"type-product","3":"status-publish","4":"has-post-thumbnail","6":"product_brand-eberlestock","7":"product_cat-boroz","9":"first","10":"instock","11":"taxable","12":"shipping-taxable","13":"purchasable","14":"product-type-variable","15":"wvs-archive-product-wrapper"},"acf":[],"_links":{"self":[{"href":"https:\/\/nbg.eu\/mt\/wp-json\/wp\/v2\/product\/700811","targetHints":{"allow":["GET"]}}],"collection":[{"href":"https:\/\/nbg.eu\/mt\/wp-json\/wp\/v2\/product"}],"about":[{"href":"https:\/\/nbg.eu\/mt\/wp-json\/wp\/v2\/types\/product"}],"wp:featuredmedia":[{"embeddable":true,"href":"https:\/\/nbg.eu\/mt\/wp-json\/wp\/v2\/media\/700857"}],"wp:attachment":[{"href":"https:\/\/nbg.eu\/mt\/wp-json\/wp\/v2\/media?parent=700811"}],"wp:term":[{"taxonomy":"product_brand","embeddable":true,"href":"https:\/\/nbg.eu\/mt\/wp-json\/wp\/v2\/product_brand?post=700811"},{"taxonomy":"product_cat","embeddable":true,"href":"https:\/\/nbg.eu\/mt\/wp-json\/wp\/v2\/product_cat?post=700811"},{"taxonomy":"product_tag","embeddable":true,"href":"https:\/\/nbg.eu\/mt\/wp-json\/wp\/v2\/product_tag?post=700811"}],"curies":[{"name":"wp","href":"https:\/\/api.w.org\/{rel}","templated":true}]}}