{"id":701125,"date":"2025-12-22T18:40:25","date_gmt":"2025-12-22T15:40:25","guid":{"rendered":"https:\/\/nbg.eu\/product\/kaz-malti\/"},"modified":"2026-04-15T14:31:57","modified_gmt":"2026-04-15T11:31:57","slug":"kaz-malti","status":"publish","type":"product","link":"https:\/\/nbg.eu\/mt\/product\/kaz-malti\/","title":{"rendered":"Eberlestock Kaxxa Recon Quickcase"},"content":{"rendered":"<h2>Quickcase: Il-Kompanjun Tieg\u0127ek tal-Sopravvivenza Kompatt<\/h2>\n<p>Il-Quickcase huwa qafas i\u017c\u017cippjat versattili ma\u0127sub biex jg\u0127aqqad mal-Recon Modular Bino Harness b&#8217;mod seamless. Dan l-a\u010b\u010bessorju kompatt jipprovdi s-soluzzjoni perfetta biex ta\u0127\u017cen u \u017c\u017comm sigur l-g\u0127odod tal-sopravvivenza essenzjali tieg\u0127ek, u ji\u017cgura li tkun dejjem ippreparat g\u0127al kull sitwazzjoni mhux mistennija.<\/p>\n<p>Iqas e\u017cattament fil-qies t-tajjeb, il-Quickcase joffri spazju kbir bi\u017c\u017cejjed g\u0127al kit ta&#8217; sopravvivenza \u017cg\u0127ir, u dan jag\u0127mlu akkumpanjant indispensabbli jekk qatt tinfired mill-pakk prin\u010bipali tieg\u0127ek. Il-kostruzzjoni tieg\u0127u robusta u l-g\u0127eluq mi\u017c-\u017cipp sigur i\u017commu l-o\u0121\u0121etti kritici tieg\u0127ek siguri u a\u010b\u010bessibbli meta tkun te\u0127tie\u0121hom l-aktar.<\/p>\n<p>I\u017cda l-utilit\u00e0 tal-Quickcase tmur lil hinn minn sempli\u010bement il-preparazzjoni g\u0127all-sopravvivenza. U\u017ca dan b\u0127ala qafas ta&#8217; \u0127a\u017cna konvenjenti g\u0127al o\u0121\u0121etti \u017cg\u0127ar, biex i\u017c\u017commhom imorganizzati u fa\u010bilment a\u010b\u010bessibbli matul il-mouvament tieg\u0127ek. Kemm jekk tkun qed tg\u0127ix, tikkampja, jew tie\u0127u sehem f&#8217;kwalunkwe attivit\u00e0 fl-apert, dan l-a\u010b\u010bessorju versattili jsir parti essenzjali mill-tag\u0127mir tieg\u0127ek.<\/p>\n<p>Ma\u0127sub biex jintegra b&#8217;mod seamless mal-Recon Modular Bino Harness, il-Quickcase jatta\u010b\u010ba b&#8217;mod sigur mal-velcro fuq il-parti ta&#8217; wara tal-harness. Din l-integrazzjoni tippermettielek i\u017c\u017comm l-o\u0121\u0121etti essenzjali tieg\u0127ek qrib il-id, t\u0127alli spazju fil-pakk prin\u010bipali tieg\u0127ek, u ti\u017cgura li jkollok kollox li te\u0127tie\u0121 fil-qrib.<\/p>\n","protected":false},"excerpt":{"rendered":"<p>Il-\u0121enb ta&#8217; \u017cipp \u017cg\u0127ir li jg\u0127aqad mal-Recon Modular Bino Harness g\u0127al kit ta&#8217; sopravvivenza jew \u0127a\u017cna ta&#8217; o\u0121\u0121etti \u017cg\u0127ar.<\/p>\n","protected":false},"featured_media":701192,"template":"","meta":{"_acf_changed":false},"product_brand":[15150],"product_cat":[14156],"product_tag":[],"class_list":{"0":"post-701125","1":"product","2":"type-product","3":"status-publish","4":"has-post-thumbnail","6":"product_brand-eberlestock","7":"product_cat-boroz","9":"first","10":"instock","11":"taxable","12":"shipping-taxable","13":"purchasable","14":"product-type-variable","15":"wvs-archive-product-wrapper"},"acf":[],"_links":{"self":[{"href":"https:\/\/nbg.eu\/mt\/wp-json\/wp\/v2\/product\/701125","targetHints":{"allow":["GET"]}}],"collection":[{"href":"https:\/\/nbg.eu\/mt\/wp-json\/wp\/v2\/product"}],"about":[{"href":"https:\/\/nbg.eu\/mt\/wp-json\/wp\/v2\/types\/product"}],"wp:featuredmedia":[{"embeddable":true,"href":"https:\/\/nbg.eu\/mt\/wp-json\/wp\/v2\/media\/701192"}],"wp:attachment":[{"href":"https:\/\/nbg.eu\/mt\/wp-json\/wp\/v2\/media?parent=701125"}],"wp:term":[{"taxonomy":"product_brand","embeddable":true,"href":"https:\/\/nbg.eu\/mt\/wp-json\/wp\/v2\/product_brand?post=701125"},{"taxonomy":"product_cat","embeddable":true,"href":"https:\/\/nbg.eu\/mt\/wp-json\/wp\/v2\/product_cat?post=701125"},{"taxonomy":"product_tag","embeddable":true,"href":"https:\/\/nbg.eu\/mt\/wp-json\/wp\/v2\/product_tag?post=701125"}],"curies":[{"name":"wp","href":"https:\/\/api.w.org\/{rel}","templated":true}]}}