{"id":701820,"date":"2025-12-23T11:39:12","date_gmt":"2025-12-23T08:39:12","guid":{"rendered":"https:\/\/nbg.eu\/product\/saqqu-tal-idejn\/"},"modified":"2026-04-15T14:31:53","modified_gmt":"2026-04-15T11:31:53","slug":"saqqu-tal-idejn","status":"publish","type":"product","link":"https:\/\/nbg.eu\/mt\/product\/saqqu-tal-idejn\/","title":{"rendered":"Eberlestock Tis\u0127in tal-Idejn Recon"},"content":{"rendered":"<h2>Recon Handwarmer: S\u0127ana bla sforz g\u0127al avventuri fil-bera\u0127<\/h2>\n<p>Li \u017c\u017comm idejk s\u0127an ming\u0127ajr ma jkun hemm kompromess fil-\u0127ila tad-desterit\u00e0 qatt ma kien aktar fa\u010bli bil-Recon Handwarmer. Dan l-a\u010b\u010bessorju innovattiv jatta\u010b\u010ba b&#8217;mod seamless mal-Recon Modular Bino Harness, li jippermetti li \u017c\u017comm il-po\u017cizzjoni ideali tal-id g\u0127all-kumdit\u00e0 kemm jekk int bilqieg\u0127da jew wa\u0127da wieqfa. Ir-Recon Handwarmer jeliminahil-b\u017conn ta&#8217; ingwanti voluminu\u017ci, biex tassigura li inti tkun tista&#8217; twettaq kompiti ta&#8217; motri\u010bit\u00e0 fina b&#8217;mod fa\u010bli.<\/p>\n<p>G\u0127al konvenjenza mi\u017cjuda, ir-Recon Handwarmer g\u0127andu buttiglja \u017cipata quddiem fejn tista&#8217; ta\u0127\u017cen aktar s\u0127ana attivata bl-arja. Dan jippermetti li tu\u017ca l-handwarmer b&#8217;mod indipendenti mill-Recon Modular Bino Harness, li jipprovdilek sors affidabbli ta&#8217; s\u0127ana irrispettivament mill-attivit\u00e0 jew l-ambjent. Il-\u0121lekk tal-qasba inklu\u017c jassigura li l-passa\u0121\u0121 ikun sikur u kumdanti, i\u017comm idejk fil-po\u017cizzjoni perfetta g\u0127all-effi\u010bjenza u l-kumdit\u00e0 massima.<\/p>\n<p>Kemm jekk int qed tissorvelja l-g\u0127asafar, tivvja\u0121\u0121a, jew sempli\u010bement qed tgawdi l-bera\u0127, ir-Recon Handwarmer huwa l-kumpanjun perfett biex i\u017comm idejk s\u0127an u swaba&#8217; tieg\u0127ek miftu\u0127in. Esperjenza l-kumdit\u00e0 u l-konvenjenza finali tal-bera\u0127 b&#8217;dan l-a\u010b\u010bessorju versatili u innovattiv.<\/p>\n","protected":false},"excerpt":{"rendered":"<p>Ir-Recon Handwarmer i\u017comm l-idejn s\u0127an bla ma tu\u017caw ingwanti, ji\u0121i marbut mal-Recon Harness.<\/p>\n","protected":false},"featured_media":701872,"template":"","meta":{"_acf_changed":false},"product_brand":[15150],"product_cat":[14166],"product_tag":[],"class_list":{"0":"post-701820","1":"product","2":"type-product","3":"status-publish","4":"has-post-thumbnail","6":"product_brand-eberlestock","7":"product_cat-tagmir","9":"first","10":"instock","11":"taxable","12":"shipping-taxable","13":"purchasable","14":"product-type-variable","15":"wvs-archive-product-wrapper"},"acf":[],"_links":{"self":[{"href":"https:\/\/nbg.eu\/mt\/wp-json\/wp\/v2\/product\/701820","targetHints":{"allow":["GET"]}}],"collection":[{"href":"https:\/\/nbg.eu\/mt\/wp-json\/wp\/v2\/product"}],"about":[{"href":"https:\/\/nbg.eu\/mt\/wp-json\/wp\/v2\/types\/product"}],"wp:featuredmedia":[{"embeddable":true,"href":"https:\/\/nbg.eu\/mt\/wp-json\/wp\/v2\/media\/701872"}],"wp:attachment":[{"href":"https:\/\/nbg.eu\/mt\/wp-json\/wp\/v2\/media?parent=701820"}],"wp:term":[{"taxonomy":"product_brand","embeddable":true,"href":"https:\/\/nbg.eu\/mt\/wp-json\/wp\/v2\/product_brand?post=701820"},{"taxonomy":"product_cat","embeddable":true,"href":"https:\/\/nbg.eu\/mt\/wp-json\/wp\/v2\/product_cat?post=701820"},{"taxonomy":"product_tag","embeddable":true,"href":"https:\/\/nbg.eu\/mt\/wp-json\/wp\/v2\/product_tag?post=701820"}],"curies":[{"name":"wp","href":"https:\/\/api.w.org\/{rel}","templated":true}]}}