{"id":702137,"date":"2025-12-23T11:44:19","date_gmt":"2025-12-23T08:44:19","guid":{"rendered":"https:\/\/nbg.eu\/product\/bravo-modulari-binokolu-pack-kbir\/"},"modified":"2026-04-15T14:31:50","modified_gmt":"2026-04-15T11:31:50","slug":"bravo-modulari-binokolu-pack-kbir","status":"publish","type":"product","link":"https:\/\/nbg.eu\/mt\/product\/bravo-modulari-binokolu-pack-kbir\/","title":{"rendered":"Eberlestock Backpack tal-Binokulari Bravo Modular, Large"},"content":{"rendered":"<h2>Bravo Modular Bino Pack-Large: Adattabbli Optics Carry g\u0127al-Outdoor Avventuri Tieg\u0127ek<\/h2>\n<p>Ddisinjat b&#8217;modalit\u00e0 fil-qu\u010b\u010bata, il-BRAVO MODULAR BINO PACK huwa mibnija fuq pjattaforma ta&#8217; qasir tas-sider li jiadatta g\u0127all-\u0127ti\u0121ijiet tieg\u0127ek b&#8217;sett ta&#8217; a\u010b\u010bessorji addizzjonali. Din fiha a\u010b\u010bess ta&#8217; free forward-pull magnetiku g\u0127all-qasir tal-bino, but spazju\u017c b&#8217;riserva b&#8217;zipper u but laterali elasti\u010bi. Seba&#8217; bino interni i\u017commu l-binjnokulari tieg\u0127ek sikuri, filwaqt li l-imtarraq MOLLE-kompatibbli b&#8217;profil baxx u l-panell ta&#8217; wara jippermettu li inti twa\u0127\u0127al pouches u a\u010b\u010bessorji bla xkiel.<\/p>\n<p>Mag\u0127mul b&#8217;500D Ripstop Nylon u materjali N140D li jdumu, il-Bravo Modular Bino Pack-Large joffri prestazzjoni affidabbli fil-bruki tal-o\u0127diem. B&#8217;pi\u017c ta&#8217; biss 14oz, dan il-pakkett versatili jipprovdi soluzzjoni ta&#8217; \u017cg\u0127ir u personalizzabbli g\u0127at-trasport tal-ottika u l-o\u0121\u0121etti essenzjali tieg\u0127ek.<\/p>\n<p>B&#8217;dimensjonijiet interni ta&#8217; 9&#8243;H x 5.5&#8243;W x 2.5&#8243;D u dimensjonijiet esterni ta&#8217; 9.5&#8243;H x 6.25&#8243;W x 3.5&#8243;D, il-Bravo Modular Bino Pack-Large jipprovdi spazju suffi\u010bjenti biex jakkommodaw il-binoculari tieg\u0127ek u o\u0121\u0121etti essenzjali o\u0127ra. Il-harness tas-spallejn a\u0121\u0121ustabbi b&#8217;forward-pull u l-imtarraq MOLLE-kompatibbli b&#8217;profil baxx ji\u017cguraw li l-pakkett jinkiseb b&#8217;mod sikur u personalizzat, li jippermetti li inti ttella&#8217; l-pakkett g\u0127all-\u0127ti\u0121ijiet tieg\u0127ek.<\/p>\n<p>Elevat l-esperjenza tieg\u0127ek ta&#8217; barra bid-Bravo Modular Bino Pack-Large, soluzzjoni versatili u adattabbli g\u0127at-trasport tal-binoculari tieg\u0127ek u l-o\u0121\u0121etti essenzjali. Esplora l-a\u010b\u010bessorji disponibbli biex tikkustomizza l-pakkett tieg\u0127ek u timassimizza l-funzjonalit\u00e0 tieg\u0127u, li jg\u0127addieh perfett g\u0127all-avventura li jmiss tieg\u0127ek.<\/p>\n","protected":false},"excerpt":{"rendered":"<p>Pakkett tas-sider modularti b&#8217;pouch g\u0127al-lenti bino ming\u0127ajr munizzjon, but ta&#8217; quddiem, na\u0127at mimxija.<\/p>\n","protected":false},"featured_media":702233,"template":"","meta":{"_acf_changed":false},"product_brand":[15150],"product_cat":[15208],"product_tag":[],"class_list":{"0":"post-702137","1":"product","2":"type-product","3":"status-publish","4":"has-post-thumbnail","6":"product_brand-eberlestock","7":"product_cat-binocular-harnesses-mt","9":"first","10":"instock","11":"taxable","12":"shipping-taxable","13":"purchasable","14":"product-type-variable","15":"wvs-archive-product-wrapper"},"acf":[],"_links":{"self":[{"href":"https:\/\/nbg.eu\/mt\/wp-json\/wp\/v2\/product\/702137","targetHints":{"allow":["GET"]}}],"collection":[{"href":"https:\/\/nbg.eu\/mt\/wp-json\/wp\/v2\/product"}],"about":[{"href":"https:\/\/nbg.eu\/mt\/wp-json\/wp\/v2\/types\/product"}],"wp:featuredmedia":[{"embeddable":true,"href":"https:\/\/nbg.eu\/mt\/wp-json\/wp\/v2\/media\/702233"}],"wp:attachment":[{"href":"https:\/\/nbg.eu\/mt\/wp-json\/wp\/v2\/media?parent=702137"}],"wp:term":[{"taxonomy":"product_brand","embeddable":true,"href":"https:\/\/nbg.eu\/mt\/wp-json\/wp\/v2\/product_brand?post=702137"},{"taxonomy":"product_cat","embeddable":true,"href":"https:\/\/nbg.eu\/mt\/wp-json\/wp\/v2\/product_cat?post=702137"},{"taxonomy":"product_tag","embeddable":true,"href":"https:\/\/nbg.eu\/mt\/wp-json\/wp\/v2\/product_tag?post=702137"}],"curies":[{"name":"wp","href":"https:\/\/api.w.org\/{rel}","templated":true}]}}