{"id":702950,"date":"2025-12-23T11:50:14","date_gmt":"2025-12-23T08:50:14","guid":{"rendered":"https:\/\/nbg.eu\/product\/bravo-pakkett-binu-modular-zghir\/"},"modified":"2026-04-15T14:31:46","modified_gmt":"2026-04-15T11:31:46","slug":"bravo-pakkett-binu-modular-zghir","status":"publish","type":"product","link":"https:\/\/nbg.eu\/mt\/product\/bravo-pakkett-binu-modular-zghir\/","title":{"rendered":"Eberlestock Backpack tal-Binokulari Bravo Modular, Small"},"content":{"rendered":"<h2>Bravo Modular Bino Pack-Small: Versatili u Sigura \u0126a\u017cna ta&#8217; Binokolarji<\/h2>\n<p>Imfassla bil-modalit\u00e0 b\u0127ala l-ewwel \u0127sieb, il-BRAVO MODULAR BINO PACK hija mibnja fuq plattaforma ta&#8217; chest rig li tadatta g\u0127all-\u0127ti\u0121ijiet tieg\u0127ek b&#8217;sett ta&#8217; a\u010b\u010bessorji addizzjonali. Jinkludi a\u010b\u010bess \u0127ieles bil-manjetiku &#8216;l quddiem g\u0127all-buqa tal-binokolarji, but kbir bil-ferq quddiemi, u but bi t\u0127a\u0127\u0127ir mill-\u0121enb. Ligi interni tal-binokolarji i\u017commu l-binokolarji tieg\u0127ek siguri, filwaqt li wings bi profil baxx kompatibbli ma&#8217; MOLLE u pannell ta&#8217; wara jippermettulek twa\u0127\u0127al but u a\u010b\u010bessorji bla xkiel.<\/p>\n<p>Imfassal b&#8217;Nylon Ripstop 500D u tessuti N140D li jdumu, il-Bravo Modular Bino Pack-Small toffri soluzzjoni \u0127afifa u qawwija g\u0127all-entu\u017cjasti tal-outdoor, ka\u010b\u010baturi, u operaturi tatti\u010bi.<\/p>\n<p>Karatteristi\u010bi ewlenin jinkludu g\u0127eluq ming\u0127ajr ma\u0121neti g\u0127al a\u010b\u010bess malajr, kompatibilit\u00e0 ma&#8217; tmien a\u010b\u010bessorji disponibbli, but kbir bil-ferq quddiemi, tnejn mit-tarf but bi t\u0127a\u0127\u0127ir, \u0127arness tax-xkaffa &#8216;l quddiem li jista&#8217; ji\u0121i a\u0121\u0121ustat, u wings bi profil baxx kompatibbli ma&#8217; MOLLE g\u0127all-ikkustomizzar tal-apparat tieg\u0127ek. Sew jekk int tara l-g\u0127asafar, titla&#8217; l-muntanji, jew tkun involut f&#8217;operazzjonijiet tatti\u010bi, il-Bravo Modular Bino Pack-Small toffri soluzzjoni versatili u sigura g\u0127all-\u0127ti\u0121ijiet tal-\u0127a\u017cna tal-binokolarji tieg\u0127ek.<\/p>\n","protected":false},"excerpt":{"rendered":"<p>Pakkett binokkolari modular bil-g\u0127eluq ming\u0127ajr magni, imnie\u0127er kompatibbli mal-MOLLE, u rbit ta&#8217; xkupilja a\u0121\u0121ustabbli.<\/p>\n","protected":false},"featured_media":703008,"template":"","meta":{"_acf_changed":false},"product_brand":[15150],"product_cat":[15208],"product_tag":[],"class_list":{"0":"post-702950","1":"product","2":"type-product","3":"status-publish","4":"has-post-thumbnail","6":"product_brand-eberlestock","7":"product_cat-binocular-harnesses-mt","9":"first","10":"instock","11":"taxable","12":"shipping-taxable","13":"purchasable","14":"product-type-variable","15":"wvs-archive-product-wrapper"},"acf":[],"_links":{"self":[{"href":"https:\/\/nbg.eu\/mt\/wp-json\/wp\/v2\/product\/702950","targetHints":{"allow":["GET"]}}],"collection":[{"href":"https:\/\/nbg.eu\/mt\/wp-json\/wp\/v2\/product"}],"about":[{"href":"https:\/\/nbg.eu\/mt\/wp-json\/wp\/v2\/types\/product"}],"wp:featuredmedia":[{"embeddable":true,"href":"https:\/\/nbg.eu\/mt\/wp-json\/wp\/v2\/media\/703008"}],"wp:attachment":[{"href":"https:\/\/nbg.eu\/mt\/wp-json\/wp\/v2\/media?parent=702950"}],"wp:term":[{"taxonomy":"product_brand","embeddable":true,"href":"https:\/\/nbg.eu\/mt\/wp-json\/wp\/v2\/product_brand?post=702950"},{"taxonomy":"product_cat","embeddable":true,"href":"https:\/\/nbg.eu\/mt\/wp-json\/wp\/v2\/product_cat?post=702950"},{"taxonomy":"product_tag","embeddable":true,"href":"https:\/\/nbg.eu\/mt\/wp-json\/wp\/v2\/product_tag?post=702950"}],"curies":[{"name":"wp","href":"https:\/\/api.w.org\/{rel}","templated":true}]}}