{"id":703301,"date":"2025-12-23T12:02:01","date_gmt":"2025-12-23T09:02:01","guid":{"rendered":"https:\/\/nbg.eu\/product\/bandu-bag-xl\/"},"modified":"2026-04-15T14:31:42","modified_gmt":"2026-04-15T11:31:42","slug":"bandu-bag-xl","status":"publish","type":"product","link":"https:\/\/nbg.eu\/mt\/product\/bandu-bag-xl\/","title":{"rendered":"Eberlestock Bor\u017ca Bando XL"},"content":{"rendered":"<h2>Bando Bag-XL: Versatili u Komdu EDC Carry<\/h2>\n<p>Il-Bando Bag-XL huwa mod \u0127afif u komdu biex ittrasportaw l-o\u0121\u0121etti ta&#8217; kuljum tag\u0127kom (EDC). Il-but lura bil-fer\u0127 s\u0127i\u0127 fuq il-Bando Bag-XL jissie\u0127eb 6&#8243;h x 11&#8243;w x 3&#8243;d, bi\u017c\u017cejjed biex ti\u017cgura l-bi\u010b\u010ba l-kbira tal-armi lateral b&#8217;qafas s\u0127i\u0127 u armi aktar \u017cg\u0127ar. Il-kompartiment ewlieni jkollu but \u017cippa ta\u017c-\u017comm intern u \u017cew\u0121 but li jiskattaw g\u0127al aktar organizzazzjoni, filwaqt li but \u017cippa \u017cg\u0127ir quddiemi huwa perfett g\u0127al \u010bwievet, kordijiet, jew o\u0121\u0121etti \u017cg\u0127ar o\u0127ra.<\/p>\n<p>Il-belt tal-vita a\u0121\u0121ustabbli fuq il-Bando Bag-XL tippermetti g\u0127al qbil personalizzat, li jvarja minn 31.5&#8243; sa 44&#8243; fit-tul. Il-Bando Bag-XL ser jinkludu wkoll ingravju integrat biex i\u0121orru tourniquet ta\u0127t il-g\u0127atu tal-kompartiment ewlieni, li jipprovdu a\u010b\u010bess fa\u010bli g\u0127al dan it-tag\u0127mir ta&#8217; emer\u0121enza essenzjali.<\/p>\n<h2>Karatteristi\u010bi Prin\u010bipali:<\/h2>\n<ul>\n<li>-But lura bil-fer\u0127 s\u0127i\u0127 (6&#8243;h x 11&#8243;w x 3&#8243;d) g\u0127all-\u0127\u017cin tal-arma laterali<\/li>\n<li>-But \u017cippa ta\u017c-\u017comm intern u \u017cew\u0121 but li jiskattaw g\u0127al organizzazzjoni<\/li>\n<li>-But \u017cippa \u017cg\u0127ir quddiemi g\u0127al \u010bwievet, kordijiet, u o\u0121\u0121etti \u017cg\u0127ar o\u0127ra<\/li>\n<li>-Belt tal-vita a\u0121\u0121ustabbli (31.5&#8243;-44&#8243;)<\/li>\n<li>-Ingravju integrat biex i\u0121orru tourniquet<\/li>\n<\/ul>\n","protected":false},"excerpt":{"rendered":"<p>Xkejken, xkejken EDC bag bil-ferrgatura s\u0127i\u0127a b&#8217;but ta&#8217; 6&#8243;h x 11&#8243;w x 3&#8243;d g\u0127al armi ta&#8217; snajper.<\/p>\n","protected":false},"featured_media":703425,"template":"","meta":{"_acf_changed":false},"product_brand":[15150],"product_cat":[14098],"product_tag":[],"class_list":{"0":"post-703301","1":"product","2":"type-product","3":"status-publish","4":"has-post-thumbnail","6":"product_brand-eberlestock","7":"product_cat-boroz-tal-kamp","9":"first","10":"instock","11":"taxable","12":"shipping-taxable","13":"purchasable","14":"product-type-variable","15":"wvs-archive-product-wrapper"},"acf":[],"_links":{"self":[{"href":"https:\/\/nbg.eu\/mt\/wp-json\/wp\/v2\/product\/703301","targetHints":{"allow":["GET"]}}],"collection":[{"href":"https:\/\/nbg.eu\/mt\/wp-json\/wp\/v2\/product"}],"about":[{"href":"https:\/\/nbg.eu\/mt\/wp-json\/wp\/v2\/types\/product"}],"wp:featuredmedia":[{"embeddable":true,"href":"https:\/\/nbg.eu\/mt\/wp-json\/wp\/v2\/media\/703425"}],"wp:attachment":[{"href":"https:\/\/nbg.eu\/mt\/wp-json\/wp\/v2\/media?parent=703301"}],"wp:term":[{"taxonomy":"product_brand","embeddable":true,"href":"https:\/\/nbg.eu\/mt\/wp-json\/wp\/v2\/product_brand?post=703301"},{"taxonomy":"product_cat","embeddable":true,"href":"https:\/\/nbg.eu\/mt\/wp-json\/wp\/v2\/product_cat?post=703301"},{"taxonomy":"product_tag","embeddable":true,"href":"https:\/\/nbg.eu\/mt\/wp-json\/wp\/v2\/product_tag?post=703301"}],"curies":[{"name":"wp","href":"https:\/\/api.w.org\/{rel}","templated":true}]}}