{"id":704249,"date":"2025-12-23T12:08:03","date_gmt":"2025-12-23T09:08:03","guid":{"rendered":"https:\/\/nbg.eu\/product\/tarka-tal-banduti\/"},"modified":"2026-04-24T15:10:17","modified_gmt":"2026-04-24T12:10:17","slug":"tarka-tal-banduti","status":"publish","type":"product","link":"https:\/\/nbg.eu\/mt\/product\/tarka-tal-banduti\/","title":{"rendered":"Eberlestock Bandit Backpack"},"content":{"rendered":"<h2>Bandit Pack &#8211; Il-Kumpanjun Flessibbli g\u0127al Avventuri Tul il-Jum<\/h2>\n<p>L-aktar pack flessibbli fil-linja tal-kuljum tag\u0127na, il-Bandit\u2122 huwa mmanifatturat g\u0127all-g\u0127anijiet ta&#8217; \u0121ranet twal ta&#8217; ka\u010b\u010ba u trekking. Il-panel tal-utilit\u00e0 tal-barra jinkludi \u0127jata MOLLE maqtug\u0127a b&#8217;laser biex jippermetti l- attachment ta&#8217; a\u010b\u010bessorji u qsief kompatibbli, u biex i\u0121orr \u0121akketta jew apparat g\u0127al a\u010b\u010bess mg\u0127a\u0121\u0121el. Il-bwiet tal-\u0121enb jistg\u0127u i\u017commu bwiet tal-ilma u o\u0121\u0121etti itwal b\u0127al tripod, teleskopju, jew bastuni tat-trekking.<\/p>\n<p>L-istraps tal-panel tal-utilit\u00e0 jissikkaraw l-o\u0121\u0121etti fuq il-\u0121enb b&#8217;mod strett, jew jg\u0127inu jikkompressa pack mhux mimlija kompletament. \u0120ewwa l-g\u0127atu tal-fuq, se ssib organizzaturi tal-o\u0121\u0121etti \u017c-\u017cg\u0127ar b\u0127al but b&#8217;ra\u017cett mi\u017c-\u017cipper u but g\u0127al rivista.<\/p>\n<p>Kompatibbli mal-Istandard Hipbelt tag\u0127na biex jg\u0127in fil-distribuzzjoni tal-pi\u017c g\u0127al tag\u0127bijiet akbar.<\/p>\n<h2>Dimensjonijiet<\/h2>\n<p>Volum: 835 c.i. \/ 13.68L<br \/>\nPi\u017c: 2.50 lbs<br \/>\nDimensjonijiet: 18.25H x 7W x 6.5D<\/p>\n<h2>Karatteristi\u010bi<\/h2>\n<p>Panel MOLLE maqtug\u0127a b&#8217;laser fuq quddiem biex jatta\u010b\u010ba apparat estern<br \/>\nG\u0127atu organizattiv tal-fuq b&#8217;but mir-ra\u017cett g\u0127all-a\u010b\u010bessorji<br \/>\nHarness tal-ispalla a\u0121\u0121ustabbli<br \/>\nSlot g\u0127al belt tal-\u0127ip a\u0121\u0121ustabbli biex i\u0121orr pi\u017c mi\u017cjud<br \/>\nIl-kompartiment prin\u010bipali jinfeta\u0127 mill-qu\u010b\u010bata sal-qieg\u0127 biex jippermetti a\u010b\u010bess s\u0127i\u0127<br \/>\nKlips intern biex ji\u017cgura l-bluwetti idratazzjoni Source\u00ae ta&#8217; 2L jew 3L<\/p>\n","protected":false},"excerpt":{"rendered":"<p>Il-Bandit\u2122 huwa l-aktar pakk\u00e0 versatili fil-linja tag\u0127na ta&#8217; kull jum. Huwa ma\u0127sub g\u0127al tielet twal u xirja. Il-panell tal-utilit\u00e0 tal-barra jinkludi \u0127jata tal-MOLLE maqtug\u0127a b&#8217;laser biex jippermettu l-attakkament ta&#8217; a\u010b\u010bessorji u buqar kompatibbli, u biex i\u0121orru \u0121akketta jew tag\u0127mir g\u0127al a\u010b\u010bess malajr. Il-bwiet tal-\u0121enb li jin\u0121ibu &#8216;l barra jistg\u0127u i\u017commu botils tal-ilma u o\u0121\u0121etti itwal b\u0127al tri\u0121er, lenti tal-ispar jew bastuni tat-triljar.<\/p>\n","protected":false},"featured_media":704284,"template":"","meta":{"_acf_changed":false},"product_brand":[15150],"product_cat":[14102],"product_tag":[],"class_list":{"0":"post-704249","1":"product","2":"type-product","3":"status-publish","4":"has-post-thumbnail","6":"product_brand-eberlestock","7":"product_cat-boroz-tad-dahar","9":"first","10":"instock","11":"taxable","12":"shipping-taxable","13":"purchasable","14":"product-type-variable","15":"wvs-archive-product-wrapper"},"acf":[],"_links":{"self":[{"href":"https:\/\/nbg.eu\/mt\/wp-json\/wp\/v2\/product\/704249","targetHints":{"allow":["GET"]}}],"collection":[{"href":"https:\/\/nbg.eu\/mt\/wp-json\/wp\/v2\/product"}],"about":[{"href":"https:\/\/nbg.eu\/mt\/wp-json\/wp\/v2\/types\/product"}],"wp:featuredmedia":[{"embeddable":true,"href":"https:\/\/nbg.eu\/mt\/wp-json\/wp\/v2\/media\/704284"}],"wp:attachment":[{"href":"https:\/\/nbg.eu\/mt\/wp-json\/wp\/v2\/media?parent=704249"}],"wp:term":[{"taxonomy":"product_brand","embeddable":true,"href":"https:\/\/nbg.eu\/mt\/wp-json\/wp\/v2\/product_brand?post=704249"},{"taxonomy":"product_cat","embeddable":true,"href":"https:\/\/nbg.eu\/mt\/wp-json\/wp\/v2\/product_cat?post=704249"},{"taxonomy":"product_tag","embeddable":true,"href":"https:\/\/nbg.eu\/mt\/wp-json\/wp\/v2\/product_tag?post=704249"}],"curies":[{"name":"wp","href":"https:\/\/api.w.org\/{rel}","templated":true}]}}