{"id":704607,"date":"2025-12-23T12:15:29","date_gmt":"2025-12-23T09:15:29","guid":{"rendered":"https:\/\/nbg.eu\/product\/il-pakkett-switchblade\/"},"modified":"2026-04-15T14:31:34","modified_gmt":"2026-04-15T11:31:34","slug":"il-pakkett-switchblade","status":"publish","type":"product","link":"https:\/\/nbg.eu\/mt\/product\/il-pakkett-switchblade\/","title":{"rendered":"Eberlestock Backpack Switchblade"},"content":{"rendered":"<h2>Switchblade Pack: Spazju Massimu u Trasport Mo\u0127bi<\/h2>\n<p>Il-pakkett Switchblade\u2122 huwa ddisinjat biex i\u017comm profil baxx filwaqt li joffri spazju u organizzazzjoni massima. Ifta\u0127 il-but tal-g\u0127atu ta&#8217; fuq biex ta\u010b\u010bessa \u017cew\u0121 \u0127\u017cienet tal-maga\u017cin u karatteristi\u010bi o\u0127ra \u017cg\u0127ar tal-organizzazzjoni. \u0120ewwa, inti se ssib divi\u017cur ta&#8217; dokumenti perfett g\u0127al iPad, laptop, jew anke arma bir-ras qasira.<\/p>\n<p>Quddiem il-pakkett hemm but kbir g\u0127all-a\u010b\u010bess malajr tal-o\u0121\u0121etti importanti tieg\u0127ek. F&#8217;kull na\u0127a, hemm \u017cew\u0121 \u0127\u017cienet b&#8217;fliexkun li jin\u0121ibdu, kif ukoll but tal-\u0121enb b&#8217;\u017cipp pjatt. Il-pakkett jifra\u0127 ukoll but mo\u0127bi, miftu\u0127 bil-magni, a\u010b\u010bess malajr CCW g\u0127al trasport mo\u0127bi discreti.<\/p>\n<p>B&#8217;volum totali ta&#8217; 1,785 pulzieri kubiku (29.3L) u ji\u017cen biss 3.60 lbs, is-Switchblade\u2122 joffri spazju u portabilit\u00e0 \u0121eneru\u017ci. Id-dimensjonijiet prin\u010bipali tal-bor\u017ca jkejlu 20.5H x 12W x 8D pulzieri, li jag\u0127milha g\u0127a\u017cla versattili g\u0127all-u\u017cu ta&#8217; kuljum jew operazzjonijiet tattici.<\/p>\n<p>Il-karatteristi\u010bi ewlenin jinkludu miftu\u0127 bil-magni tar-rari-art g\u0127all-a\u010b\u010bess malajr tal-\u0127\u017cienet tal-armi tat-tappiera mo\u0127bija, PALS tabil\u0127aqq-velcro webbing g\u0127al-atta\u010b\u010b tal-a\u010b\u010bessorji MOLLE jew b&#8217;velcro, u but interjuri g\u0127al bladder tal-idratazzjoni, maga\u017cini, u organizzaturi ta&#8217; o\u0121\u0121etti \u017cg\u0127ar. Il-\u0127arness u l-kompatibilit\u00e0 tal-belt tal-\u0121inub i\u017cidu mal-personalizzazzjoni tal-pakkett.<\/p>\n<p>Is-Switchblade\u2122 jifra\u0127 ukoll il-webbing MOLLE-10 l-\u0121did, li joffri saving fil-pi\u017c ta&#8217; 60% fuq matri\u010bi standard MOLLE 25mm, u tappiera mo\u0127bija ambidextrous adatta g\u0127al \u0127afna pistoli, inklu\u017ci awtomati\u010bi b&#8217;qafas s\u0127i\u0127. G\u0127all-protezzjoni mill-temp, u\u017ca l-Kopertura Pjuttost Reversibbli \u017bg\u0127ira tag\u0127na.<\/p>\n","protected":false},"excerpt":{"rendered":"<p>Il-Switchblade\u2122 i\u017comm profil baxx, b&#8217;ispazju massimu u organizzazzjoni. Ifta\u0127 il-but tal-ghatu ta&#8217; fuq u ssib \u017cewg pockets g\u0127all-maga\u017cini, u karatteristici o\u0127ra \u017cg\u0127ar ta&#8217; organizzazzjoni. \u0120ewwa ssib separatur g\u0127ad-dokumenti g\u0127al iPad, laptop, jew anke arma b&#8217;rendla qasira. Quddiem il-pakkett hemm but kbir \u017cejjed g\u0127al a\u010b\u010bess rapidu g\u0127all-o\u0121\u0121etti importanti tieg\u0127ek. Kull na\u0127a g\u0127andha par ta&#8217; pockets g\u0127all-kikkra bil-bi\u010b\u010biet li ji\u0121bdu, kif ukoll but tax-xibka miftu\u0127 ta\u0127t. G\u0127andu wkoll but mo\u0127bi, magnetiku, miftu\u0127, g\u0127al a\u010b\u010bess rapidu g\u0127al CCW.<\/p>\n","protected":false},"featured_media":704704,"template":"","meta":{"_acf_changed":false},"product_brand":[15150],"product_cat":[14102],"product_tag":[],"class_list":{"0":"post-704607","1":"product","2":"type-product","3":"status-publish","4":"has-post-thumbnail","6":"product_brand-eberlestock","7":"product_cat-boroz-tad-dahar","9":"first","10":"instock","11":"taxable","12":"shipping-taxable","13":"purchasable","14":"product-type-variable","15":"wvs-archive-product-wrapper"},"acf":[],"_links":{"self":[{"href":"https:\/\/nbg.eu\/mt\/wp-json\/wp\/v2\/product\/704607","targetHints":{"allow":["GET"]}}],"collection":[{"href":"https:\/\/nbg.eu\/mt\/wp-json\/wp\/v2\/product"}],"about":[{"href":"https:\/\/nbg.eu\/mt\/wp-json\/wp\/v2\/types\/product"}],"wp:featuredmedia":[{"embeddable":true,"href":"https:\/\/nbg.eu\/mt\/wp-json\/wp\/v2\/media\/704704"}],"wp:attachment":[{"href":"https:\/\/nbg.eu\/mt\/wp-json\/wp\/v2\/media?parent=704607"}],"wp:term":[{"taxonomy":"product_brand","embeddable":true,"href":"https:\/\/nbg.eu\/mt\/wp-json\/wp\/v2\/product_brand?post=704607"},{"taxonomy":"product_cat","embeddable":true,"href":"https:\/\/nbg.eu\/mt\/wp-json\/wp\/v2\/product_cat?post=704607"},{"taxonomy":"product_tag","embeddable":true,"href":"https:\/\/nbg.eu\/mt\/wp-json\/wp\/v2\/product_tag?post=704607"}],"curies":[{"name":"wp","href":"https:\/\/api.w.org\/{rel}","templated":true}]}}