{"id":71030,"date":"2024-01-21T15:18:33","date_gmt":"2024-01-21T15:18:33","guid":{"rendered":"https:\/\/nbg.eu\/product\/surefire-123a-batteries\/"},"modified":"2026-05-13T16:02:20","modified_gmt":"2026-05-13T13:02:20","slug":"surefire-123a-batteries","status":"publish","type":"product","link":"https:\/\/nbg.eu\/mt\/product\/surefire-123a-batteries\/","title":{"rendered":"SureFire 123A BATTERIES"},"content":{"rendered":"<div class=\"product-description\">\n<h2>SureFire SF72-BB (123A BATTERIJA)<\/h2>\n<p>SureFire 123A batterija tal-litju. Meta mqabbla ma&#8217; batteriji alkalini, dawn il-batteriji g\u0127andhom:<\/p>\n<ul>\n<li>\u0126ajja fuq l-ixkaffa ta&#8217; 10 snin<\/li>\n<li>Vulta\u0121\u0121 ta&#8217; 3V u kapa\u010bit\u00e0 ta&#8217; 1,550 mAh<\/li>\n<li>\u0126afifa, ti\u017cen 17-il gramm<\/li>\n<li>Ottimizzata g\u0127al tor\u010bi SureFire<\/li>\n<\/ul>\n<p>Batteriji SureFire huma tajbin g\u0127al diversi applikazzjonijiet.<\/p>\n<\/div>\n","protected":false},"excerpt":{"rendered":"<p>Batteriji tal-litju 123A bi prestazzjoni g\u0127olja. \u017bmien ta&#8217; \u0127a\u017cna ta&#8217; 10 snin, 3V, 1550mAh.<\/p>\n","protected":false},"featured_media":71031,"template":"","meta":{"_acf_changed":false},"product_brand":[11878],"product_cat":[14169,14088,14120,14143],"product_tag":[],"class_list":{"0":"post-71030","1":"product","2":"type-product","3":"status-publish","4":"has-post-thumbnail","6":"product_brand-surefire","7":"product_cat-batteriji","8":"product_cat-dwal","9":"product_cat-dwal-edc","10":"product_cat-edc","12":"first","13":"instock","14":"taxable","15":"shipping-taxable","16":"purchasable","17":"product-type-simple"},"acf":[],"_links":{"self":[{"href":"https:\/\/nbg.eu\/mt\/wp-json\/wp\/v2\/product\/71030","targetHints":{"allow":["GET"]}}],"collection":[{"href":"https:\/\/nbg.eu\/mt\/wp-json\/wp\/v2\/product"}],"about":[{"href":"https:\/\/nbg.eu\/mt\/wp-json\/wp\/v2\/types\/product"}],"wp:featuredmedia":[{"embeddable":true,"href":"https:\/\/nbg.eu\/mt\/wp-json\/wp\/v2\/media\/71031"}],"wp:attachment":[{"href":"https:\/\/nbg.eu\/mt\/wp-json\/wp\/v2\/media?parent=71030"}],"wp:term":[{"taxonomy":"product_brand","embeddable":true,"href":"https:\/\/nbg.eu\/mt\/wp-json\/wp\/v2\/product_brand?post=71030"},{"taxonomy":"product_cat","embeddable":true,"href":"https:\/\/nbg.eu\/mt\/wp-json\/wp\/v2\/product_cat?post=71030"},{"taxonomy":"product_tag","embeddable":true,"href":"https:\/\/nbg.eu\/mt\/wp-json\/wp\/v2\/product_tag?post=71030"}],"curies":[{"name":"wp","href":"https:\/\/api.w.org\/{rel}","templated":true}]}}