{"id":719776,"date":"2026-01-26T13:11:03","date_gmt":"2026-01-26T10:11:03","guid":{"rendered":"https:\/\/nbg.eu\/product\/piccuci-roza-qawwija-14c28n\/"},"modified":"2026-05-13T16:03:01","modified_gmt":"2026-05-13T13:03:01","slug":"piccuci-roza-qawwija-14c28n","status":"publish","type":"product","link":"https:\/\/nbg.eu\/mt\/product\/piccuci-roza-qawwija-14c28n\/","title":{"rendered":"PI\u010a\u010aU\u010aI RO\u017bA QAWWIJA 14C28N"},"content":{"rendered":"<h2>Manly PEAK ORANGE 14C28N Folding Knife<\/h2>\n<p>Il-Manly PEAK ORANGE 14C28N folding knife g\u0127andu clip reversibli, li j\u017commu a\u010b\u010bessibbli g\u0127al utenti kemm tal-lemin u kemm tax-xellug. B&#8217;mekkani\u017cmu ta&#8217; blokk sod, din il-cutlery tipprovdi prestazzjoni sigura u affidabbli.<\/p>\n<p>Mag\u0127mul b&#8217;pre\u010bi\u017cjoni, il-PEAK ORANGE 14C28N jifra\u0127 lama ta&#8217; 9.4 cm tal-azzar 14C28N u handlu b&#8217;G10 li jibqa&#8217; sod, li ji\u017cgura gripper komdu u affidabbli. It-tul totali ta&#8217; 22 cm jag\u0127mlu g\u0127a\u017cla versatili g\u0127al varjet\u00e0 ta&#8217; kompiti. B&#8217;pi\u017c ta&#8217; 115 g, din il-cutlery hija bilan\u010bjata sew u fa\u010bli biex timmanuvra.<\/p>\n<p>Il-mekkani\u017cmu tal-ftu\u0127 Nail Nick jippermetti operazzjoni fa\u010bli b&#8217;id wa\u0127da, filwaqt li s-sistema ta&#8217; blokk Backlock i\u017comm il-lama b&#8217;mod sikur f&#8217;postu waqt l-u\u017cu. B&#8217;kulur oran\u0121jo eleganti, il-PEAK ORANGE 14C28N i\u017cid kulur fl-EDC tieg\u0127ek ta&#8217; kuljum.<\/p>\n","protected":false},"excerpt":{"rendered":"<p>Klippa reversibli, ambjendestru. G\u0127eluq backlock. PEAK ORANGE 14C28N.<\/p>\n","protected":false},"featured_media":719826,"template":"","meta":{"_acf_changed":false},"product_brand":[15093],"product_cat":[15387,15366],"product_tag":[],"class_list":{"0":"post-719776","1":"product","2":"type-product","3":"status-publish","4":"has-post-thumbnail","6":"product_brand-manly-knives","7":"product_cat-folding-knives-mt","8":"product_cat-knives-mt","10":"first","11":"outofstock","12":"taxable","13":"shipping-taxable","14":"purchasable","15":"product-type-simple"},"acf":[],"_links":{"self":[{"href":"https:\/\/nbg.eu\/mt\/wp-json\/wp\/v2\/product\/719776","targetHints":{"allow":["GET"]}}],"collection":[{"href":"https:\/\/nbg.eu\/mt\/wp-json\/wp\/v2\/product"}],"about":[{"href":"https:\/\/nbg.eu\/mt\/wp-json\/wp\/v2\/types\/product"}],"wp:featuredmedia":[{"embeddable":true,"href":"https:\/\/nbg.eu\/mt\/wp-json\/wp\/v2\/media\/719826"}],"wp:attachment":[{"href":"https:\/\/nbg.eu\/mt\/wp-json\/wp\/v2\/media?parent=719776"}],"wp:term":[{"taxonomy":"product_brand","embeddable":true,"href":"https:\/\/nbg.eu\/mt\/wp-json\/wp\/v2\/product_brand?post=719776"},{"taxonomy":"product_cat","embeddable":true,"href":"https:\/\/nbg.eu\/mt\/wp-json\/wp\/v2\/product_cat?post=719776"},{"taxonomy":"product_tag","embeddable":true,"href":"https:\/\/nbg.eu\/mt\/wp-json\/wp\/v2\/product_tag?post=719776"}],"curies":[{"name":"wp","href":"https:\/\/api.w.org\/{rel}","templated":true}]}}