{"id":719998,"date":"2024-08-17T16:59:32","date_gmt":"2024-08-17T13:59:32","guid":{"rendered":"https:\/\/nbg.eu\/product\/grips-kmr-l-modular-sandpaper-short-ghal-orca-emiq-titan\/"},"modified":"2026-04-16T18:09:36","modified_gmt":"2026-04-16T15:09:36","slug":"grips-kmr-l-modular-sandpaper-short-ghal-orca-emiq-titan","status":"publish","type":"product","link":"https:\/\/nbg.eu\/mt\/product\/grips-kmr-l-modular-sandpaper-short-ghal-orca-emiq-titan\/","title":{"rendered":"KMR Qabdiet L Modular Sandpaper Qosra g\u0127al Orca, EMIQ Titanju"},"content":{"rendered":"<h2>Grips KMR L Modular Sandpaper Short G\u0127al Orca, Emiq Titan<\/h2>\n<p>Mtella l-esperjenza tieg\u0127ek dwar il-\u0121bid bl-u\u017cu tal-Grips KMR L Modular Sandpaper Short g\u0127all-Orca u Emiq Titan. Ikkultivat minn duralumin anodizzat premjum, dan il-qbid joffri durabilit\u00e0 bla precedent u estetika moderna u eleganti. Imfassla g\u0127all-u\u017cu ma&#8217; gwida tal-ma\u0121azin, it-tul qasir jipprovdi kontroll u manevrabilit\u00e0 mtejba, jag\u0127mlu l-g\u0127a\u017cla perfetta g\u0127al varjet\u00e0 wiesg\u0127a ta&#8217; applikazzjonijiet tal-\u0121bid.<\/p>\n<p>Id-disinn modular jippermetti personalizzazzjoni fa\u010bli, li jippermettik tlaqqam il-qbid ma&#8217; \u0127ti\u0121ijiet spe\u010bifi\u010bi tieg\u0127ek. B&#8217;wi\u010b\u010b b\u0127al landa li jipprovdi qbid sikur u fidu\u010bju\u017c, dan il-qbid ji\u017cgura stabilit\u00e0 u kontroll ottimali matul is-sessjonijiet tal-\u0121bid tieg\u0127ek. It-Torx xkupilja inklu\u017ci jag\u0127mlu l-installazzjoni fa\u010bli, li jippermettik tintegra malajr il-qbid mal-pjattaforma Orca jew Emiq Titan tieg\u0127ek.<\/p>\n<p>Mtella l-esperjenza tieg\u0127ek tal-\u0121bid bl-u\u017cu tal-Grips KMR L Modular Sandpaper Short. Mikkultivar b&#8217;pre\u010bi\u017cjoni u attenzjoni g\u0127ad-dettall, dan il-qbid huwa a\u010b\u010bessorju essenzjali g\u0127al kwalunkwe \u0121abbier serju. A\u0121\u0121orna s-settup tieg\u0127ek illum u esperjenza d-differenza li l-kwalit\u00e0 u d-disinn superjuri jistg\u0127u jag\u0127mlu.<\/p>\n","protected":false},"excerpt":{"rendered":"<p>Grips KMR L Mudular Sandpaper Qsar G\u0127all-Orca, Emiq Titan. Anodized duralumin, b&#8217;gwida tal-maga\u017cin, viti Torx, logo KMR.<\/p>\n","protected":false},"featured_media":720027,"template":"","meta":{"_acf_changed":false},"product_brand":[11500],"product_cat":[14108,14879],"product_tag":[],"class_list":{"0":"post-719998","1":"product","2":"type-product","3":"status-publish","4":"has-post-thumbnail","6":"product_brand-kmr-precision","7":"product_cat-partijiet-kmr","8":"product_cat-pistol-grips-mt","10":"first","11":"instock","12":"taxable","13":"shipping-taxable","14":"product-type-simple"},"acf":[],"_links":{"self":[{"href":"https:\/\/nbg.eu\/mt\/wp-json\/wp\/v2\/product\/719998","targetHints":{"allow":["GET"]}}],"collection":[{"href":"https:\/\/nbg.eu\/mt\/wp-json\/wp\/v2\/product"}],"about":[{"href":"https:\/\/nbg.eu\/mt\/wp-json\/wp\/v2\/types\/product"}],"wp:featuredmedia":[{"embeddable":true,"href":"https:\/\/nbg.eu\/mt\/wp-json\/wp\/v2\/media\/720027"}],"wp:attachment":[{"href":"https:\/\/nbg.eu\/mt\/wp-json\/wp\/v2\/media?parent=719998"}],"wp:term":[{"taxonomy":"product_brand","embeddable":true,"href":"https:\/\/nbg.eu\/mt\/wp-json\/wp\/v2\/product_brand?post=719998"},{"taxonomy":"product_cat","embeddable":true,"href":"https:\/\/nbg.eu\/mt\/wp-json\/wp\/v2\/product_cat?post=719998"},{"taxonomy":"product_tag","embeddable":true,"href":"https:\/\/nbg.eu\/mt\/wp-json\/wp\/v2\/product_tag?post=719998"}],"curies":[{"name":"wp","href":"https:\/\/api.w.org\/{rel}","templated":true}]}}