{"id":720231,"date":"2025-05-21T16:04:06","date_gmt":"2025-05-21T13:04:06","guid":{"rendered":"https:\/\/nbg.eu\/product\/magazine-kmr-l-02-orca-kkal-40-sw-18-rnds\/"},"modified":"2026-04-16T18:04:44","modified_gmt":"2026-04-16T15:04:44","slug":"magazine-kmr-l-02-orca-kkal-40-sw-18-rnds","status":"publish","type":"product","link":"https:\/\/nbg.eu\/mt\/product\/magazine-kmr-l-02-orca-kkal-40-sw-18-rnds\/","title":{"rendered":"KMR Maga\u017cin L-02 ORCA .40 S&amp;W 18 Rawnds"},"content":{"rendered":"<h2>MAGAZINE KMR L-02 ORCA &#8211; Itkattar il-Qawwa tal-Nar Tieg\u0127ek<\/h2>\n<p>Qed nipprezentaw il-MAGAZINE KMR L-02 ORCA, maga\u017cin b&#8217;kapa\u010bit\u00e0 g\u0127olja mfassal biex jg\u0127ollek l-esperjenza tal-i\u017cbir. Iddisinjat g\u0127all-kartrixin b&#8217;sa\u0127\u0127a .40 S&amp;W, dan il-maga\u017cin jifta\u0127ar b&#8217;kapa\u010bit\u00e0 straordinarja ta&#8217; 18-il munizzjon, li jipprovdilek qawwa tal-nar esti\u017ca u intervalli aktar qosra ta&#8217; tkar\u0121ir.<\/p>\n<p>Mag\u0127mul b&#8217;pre\u010bi\u017cjoni u attenzjoni g\u0127ad-dettall, il-maga\u017cin huwa a\u010b\u010bessorju essenzjali g\u0127all-i\u017cbirrija li jitolbu l-a\u0127jar. Il-kostruzzjoni b&#8217;sa\u0127\u0127itha tassigura prestazzjoni affidabbli, anke f&#8217;kondizzjonijiet l-aktar e\u017ci\u0121enti.<\/p>\n<p>B&#8217;disinn sleek u ergonomiku, il-MAGAZINE KMR L-02 ORCA jintegra b&#8217;mod seamless mal-armamentarju tieg\u0127ek, li jipprovdi qbid kumdien u sikur. Il-kapa\u010bit\u00e0 mi\u017cjuda tippermettlek tibqa&#8217; fl-azzjoni g\u0127al aktar \u017cmien, u tnaqqas il-\u0127tie\u0121a ta&#8217; tibdil ta&#8217; maga\u017cini frekwenti, sabiex timassimizza l-vanta\u0121\u0121 tatti\u010bi tieg\u0127ek.<\/p>\n<p>Esperjenza l-qawwa u l-versatilit\u00e0 tal-MAGAZINE KMR L-02 ORCA, il-maga\u017cin b&#8217;kapa\u010bit\u00e0 g\u0127olja definittiv g\u0127all-armamentarju .40 S&amp;W tieg\u0127ek.<\/p>\n<p>Ref: 1152-02403-0001.<\/p>\n","protected":false},"excerpt":{"rendered":"<p>MAGA\u017bIN KMR L-02 ORCA, cal. 40 S&amp;W, 18 rnds, maga\u017cin b&#8217;kapa\u010bit\u00e0 g\u0127olja g\u0127al sa\u0127\u0127a ta&#8217; nar imtejba.<\/p>\n","protected":false},"featured_media":365274,"template":"","meta":{"_acf_changed":false},"product_brand":[11500],"product_cat":[14108,14104],"product_tag":[],"class_list":{"0":"post-720231","1":"product","2":"type-product","3":"status-publish","4":"has-post-thumbnail","6":"product_brand-kmr-precision","7":"product_cat-partijiet-kmr","8":"product_cat-partijiet-tal-pistola","10":"first","11":"instock","12":"taxable","13":"shipping-taxable","14":"product-type-simple"},"acf":[],"_links":{"self":[{"href":"https:\/\/nbg.eu\/mt\/wp-json\/wp\/v2\/product\/720231","targetHints":{"allow":["GET"]}}],"collection":[{"href":"https:\/\/nbg.eu\/mt\/wp-json\/wp\/v2\/product"}],"about":[{"href":"https:\/\/nbg.eu\/mt\/wp-json\/wp\/v2\/types\/product"}],"wp:featuredmedia":[{"embeddable":true,"href":"https:\/\/nbg.eu\/mt\/wp-json\/wp\/v2\/media\/365274"}],"wp:attachment":[{"href":"https:\/\/nbg.eu\/mt\/wp-json\/wp\/v2\/media?parent=720231"}],"wp:term":[{"taxonomy":"product_brand","embeddable":true,"href":"https:\/\/nbg.eu\/mt\/wp-json\/wp\/v2\/product_brand?post=720231"},{"taxonomy":"product_cat","embeddable":true,"href":"https:\/\/nbg.eu\/mt\/wp-json\/wp\/v2\/product_cat?post=720231"},{"taxonomy":"product_tag","embeddable":true,"href":"https:\/\/nbg.eu\/mt\/wp-json\/wp\/v2\/product_tag?post=720231"}],"curies":[{"name":"wp","href":"https:\/\/api.w.org\/{rel}","templated":true}]}}