{"id":720271,"date":"2025-03-04T21:36:59","date_gmt":"2025-03-04T18:36:59","guid":{"rendered":"https:\/\/nbg.eu\/product\/sigurta-manwali-stabbilita-kmr-27-pjana-tal-lemin\/"},"modified":"2026-04-16T18:05:08","modified_gmt":"2026-04-16T15:05:08","slug":"sigurta-manwali-stabbilita-kmr-27-pjana-tal-lemin","status":"publish","type":"product","link":"https:\/\/nbg.eu\/mt\/product\/sigurta-manwali-stabbilita-kmr-27-pjana-tal-lemin\/","title":{"rendered":"KMR Sett tas-Sikurezza Manwali 27 \u010aatt, Xellugin"},"content":{"rendered":"<h2>SET TA&#8217; SIGURT\u00c0 MANWALI KMR 27 PJATT, TAL-LEMIN<\/h2>\n<p>Is-SET TA&#8217; SIGURT\u00c0 MANWALI KMR 27 PJATT, TAL-LEMIN huwa apparat ta&#8217; sigurt\u00e0 ta&#8217; kwalit\u00e0 g\u0127olja mfassal g\u0127all-utenti tal-lemin. Dan is-set jinkludi profil pjatt g\u0127al apparenza i\u017cqar u diskreta u u\u017cu fa\u010bli. Imfassal b&#8217;in\u0121inerija ta&#8217; pre\u010bi\u017cjoni, is-set ta&#8217; sigurt\u00e0 jipprovdi protezzjoni affidabbli kontra skari\u0121\u0121 a\u010b\u010bidentali, li jirriflett is-sigurt\u00e0 \u0121enerali tal-arma tan-nar tieg\u0127ek.<\/p>\n<p>Imfassal biex jintegra b&#8217;mod seamless ma&#8217; varjet\u00e0 wiesg\u0127a ta&#8217; armi tan-nar, is-SET TA&#8217; SIGURT\u00c0 MANWALI KMR 27 PJATT, TAL-LEMIN huwa soluzzjoni ta&#8217; sigurt\u00e0 versatili u affidabbli. Il-profil pjatt inaqqas ir-riskju ta&#8217; \u0127abta jew interferenza, li ji\u017cgura esperjen\u017ca ta&#8217; u\u017cu bla xkiel u diskreta. Kemm jekk inti tirrigwarda jew tirra\u0121una, dan is-set ta&#8217; sigurt\u00e0 huwa \u017cjieda essenzjali g\u0127all-a\u010b\u010bessorji tal-arma tan-nar tieg\u0127ek.<\/p>\n","protected":false},"excerpt":{"rendered":"<p>Il-kmamar ta&#8217; sigurt\u00e0 manuali KMR 27, disinn pjatt, tax-xellug g\u0127al operazzjoni affidabbli.<\/p>\n","protected":false},"featured_media":236773,"template":"","meta":{"_acf_changed":false},"product_brand":[11500],"product_cat":[14108],"product_tag":[],"class_list":{"0":"post-720271","1":"product","2":"type-product","3":"status-publish","4":"has-post-thumbnail","6":"product_brand-kmr-precision","7":"product_cat-partijiet-kmr","9":"first","10":"instock","11":"taxable","12":"shipping-taxable","13":"purchasable","14":"product-type-simple"},"acf":[],"_links":{"self":[{"href":"https:\/\/nbg.eu\/mt\/wp-json\/wp\/v2\/product\/720271","targetHints":{"allow":["GET"]}}],"collection":[{"href":"https:\/\/nbg.eu\/mt\/wp-json\/wp\/v2\/product"}],"about":[{"href":"https:\/\/nbg.eu\/mt\/wp-json\/wp\/v2\/types\/product"}],"wp:featuredmedia":[{"embeddable":true,"href":"https:\/\/nbg.eu\/mt\/wp-json\/wp\/v2\/media\/236773"}],"wp:attachment":[{"href":"https:\/\/nbg.eu\/mt\/wp-json\/wp\/v2\/media?parent=720271"}],"wp:term":[{"taxonomy":"product_brand","embeddable":true,"href":"https:\/\/nbg.eu\/mt\/wp-json\/wp\/v2\/product_brand?post=720271"},{"taxonomy":"product_cat","embeddable":true,"href":"https:\/\/nbg.eu\/mt\/wp-json\/wp\/v2\/product_cat?post=720271"},{"taxonomy":"product_tag","embeddable":true,"href":"https:\/\/nbg.eu\/mt\/wp-json\/wp\/v2\/product_tag?post=720271"}],"curies":[{"name":"wp","href":"https:\/\/api.w.org\/{rel}","templated":true}]}}