{"id":720878,"date":"2024-08-18T12:16:47","date_gmt":"2024-08-18T09:16:47","guid":{"rendered":"https:\/\/nbg.eu\/product\/il-pinna-tal-hruq-kmr-l\/"},"modified":"2026-05-13T16:02:00","modified_gmt":"2026-05-13T13:02:00","slug":"il-pinna-tal-hruq-kmr-l","status":"publish","type":"product","link":"https:\/\/nbg.eu\/mt\/product\/il-pinna-tal-hruq-kmr-l\/","title":{"rendered":"KMR Pin tan-Nar L"},"content":{"rendered":"<h2>Firing Pin KMR L: L-G\u0127a\u017cla Affidabbli g\u0127al-Sparar ta&#8217; Pre\u010bi\u017cjoni<\/h2>\n<p>Qed nippre\u017centaw il-Firing Pin KMR L, komponent ta&#8217; livell g\u0127oli mfassal g\u0127all-isparturi serji. Ippro\u010bessat bi pre\u010bi\u017cjoni u attenzjoni g\u0127ad-dettall, dan il-firing pin huwa disponibbli f&#8217;varjet\u00e0 ta&#8217; mudelli biex jissodisfa l-\u0127ti\u0121ijiet spe\u010bifi\u010bi tieg\u0127ek.<\/p>\n<p>Imfassal g\u0127ad-durabilit\u00e0, il-Firing Pin KMR L fih kostruzzjoni robusta li tista&#8217; tiffa\u010b\u010bja t-talbiet tal-u\u017cu frekwenti. L-integrazzjoni seamless tieg\u0127u ti\u017cgura tlaqqig\u0127 tax-xatt affidabbli u smoothe, li jippermettik li tie\u0127u sparar pre\u010bi\u017c b&#8217;kunfidenza. Imfassal biex ja\u0127dem f&#8217;armonia mal-arma tan-nar tieg\u0127ek, dan il-firing pin huwa l-upgrade perfett g\u0127al dawk li jfittxu li jis\u0127nu l-esperjenza tal-isparar tag\u0127hom.<\/p>\n<p>A\u0121\u0121orna l-arma tan-nar tieg\u0127ek illum u \u0127u l-ispartar tieg\u0127ek g\u0127al livelli \u0121odda.<\/p>\n","protected":false},"excerpt":{"rendered":"<p>Pintal tan-Nar KMR L: Pintal tan-nar versatili g\u0127al-armi tas-serje KMR L.<\/p>\n","protected":false},"featured_media":30324,"template":"","meta":{"_acf_changed":false},"product_brand":[11500],"product_cat":[14773,14108],"product_tag":[],"class_list":{"0":"post-720878","1":"product","2":"type-product","3":"status-publish","4":"has-post-thumbnail","6":"product_brand-kmr-precision","7":"product_cat-labriet-tal-isparar","8":"product_cat-partijiet-kmr","10":"first","11":"outofstock","12":"taxable","13":"shipping-taxable","14":"product-type-simple"},"acf":[],"_links":{"self":[{"href":"https:\/\/nbg.eu\/mt\/wp-json\/wp\/v2\/product\/720878","targetHints":{"allow":["GET"]}}],"collection":[{"href":"https:\/\/nbg.eu\/mt\/wp-json\/wp\/v2\/product"}],"about":[{"href":"https:\/\/nbg.eu\/mt\/wp-json\/wp\/v2\/types\/product"}],"wp:featuredmedia":[{"embeddable":true,"href":"https:\/\/nbg.eu\/mt\/wp-json\/wp\/v2\/media\/30324"}],"wp:attachment":[{"href":"https:\/\/nbg.eu\/mt\/wp-json\/wp\/v2\/media?parent=720878"}],"wp:term":[{"taxonomy":"product_brand","embeddable":true,"href":"https:\/\/nbg.eu\/mt\/wp-json\/wp\/v2\/product_brand?post=720878"},{"taxonomy":"product_cat","embeddable":true,"href":"https:\/\/nbg.eu\/mt\/wp-json\/wp\/v2\/product_cat?post=720878"},{"taxonomy":"product_tag","embeddable":true,"href":"https:\/\/nbg.eu\/mt\/wp-json\/wp\/v2\/product_tag?post=720878"}],"curies":[{"name":"wp","href":"https:\/\/api.w.org\/{rel}","templated":true}]}}