{"id":721205,"date":"2024-08-17T15:12:22","date_gmt":"2024-08-17T12:12:22","guid":{"rendered":"https:\/\/nbg.eu\/product\/spina-tal-estensjoni-tal-eslajd-25x18-m6-kmr\/"},"modified":"2026-04-16T18:10:11","modified_gmt":"2026-04-16T15:10:11","slug":"spina-tal-estensjoni-tal-eslajd-25x18-m6-kmr","status":"publish","type":"product","link":"https:\/\/nbg.eu\/mt\/product\/spina-tal-estensjoni-tal-eslajd-25x18-m6-kmr\/","title":{"rendered":"KMR Pin tal-Estensjoni tal-Islayd 2.5&#215;18 M6"},"content":{"rendered":"<h2>Slide Extension Pin 2,5X18 M6 KMR<\/h2>\n<p>Il-Slide Extension Pin 2,5X18 M6 KMR huwa komponent tal-hardware versatili u affidabbli ddisinjat g\u0127al firxa wiesg\u0127a ta&#8217; applikazzjonijiet. B&#8217;dijametru ta&#8217; 2.5mm u tul ta&#8217; 18mm, dan il-pin ta&#8217; estensjoni huwa kompatibbli ma&#8217; \u0127ofor M6, u huwa g\u0127a\u017cla adattata g\u0127al diversi skopijiet ta&#8217; munta\u0121\u0121 u attakkament.<\/p>\n<p>Immanifatturat minn materjali durevoli, il-Slide Extension Pin 2,5X18 M6 KMR joffri sa\u0127\u0127a u stabilit\u00e0 e\u010b\u010bezzjonali, u ji\u017cgura konnessjoni sigura u g\u0127al \u017cmien twil. Il-qies kompatt tieg\u0127u jag\u0127mlu fa\u010bli li jkun integrat f&#8217;spazji limitati, filwaqt li l-finir safi u l-\u0127jata pre\u010bi\u017ca jipprovdu dehra nadifa u professjonali.<\/p>\n<p>B&#8217;pro\u010bess sempli\u010bi ta&#8217; installazzjoni u kompatibbilt\u00e0 ma&#8217; diversi komponenti differenti, il-Slide Extension Pin 2,5X18 M6 KMR jissimplifika l-munta\u0121\u0121 u l-modifikazzjoni tal-pro\u0121etti tieg\u0127ek, u jifrulkom \u0127in u sforz. Investixxu f&#8217;dan il-komponent tal-hardware ta&#8217; kwalit\u00e0 g\u0127olja biex ti\u017cguraw esperjenza bini bla xkiel u effi\u010bjenti.<\/p>\n","protected":false},"excerpt":{"rendered":"<p>Estensjoni durabbli g\u0127al attakkament sigur, jqis 2.5x18mm, \u0127ajt M6.<\/p>\n","protected":false},"featured_media":24021,"template":"","meta":{"_acf_changed":false},"product_brand":[11500],"product_cat":[14108],"product_tag":[],"class_list":{"0":"post-721205","1":"product","2":"type-product","3":"status-publish","4":"has-post-thumbnail","6":"product_brand-kmr-precision","7":"product_cat-partijiet-kmr","9":"first","10":"instock","11":"taxable","12":"shipping-taxable","13":"product-type-simple"},"acf":[],"_links":{"self":[{"href":"https:\/\/nbg.eu\/mt\/wp-json\/wp\/v2\/product\/721205","targetHints":{"allow":["GET"]}}],"collection":[{"href":"https:\/\/nbg.eu\/mt\/wp-json\/wp\/v2\/product"}],"about":[{"href":"https:\/\/nbg.eu\/mt\/wp-json\/wp\/v2\/types\/product"}],"wp:featuredmedia":[{"embeddable":true,"href":"https:\/\/nbg.eu\/mt\/wp-json\/wp\/v2\/media\/24021"}],"wp:attachment":[{"href":"https:\/\/nbg.eu\/mt\/wp-json\/wp\/v2\/media?parent=721205"}],"wp:term":[{"taxonomy":"product_brand","embeddable":true,"href":"https:\/\/nbg.eu\/mt\/wp-json\/wp\/v2\/product_brand?post=721205"},{"taxonomy":"product_cat","embeddable":true,"href":"https:\/\/nbg.eu\/mt\/wp-json\/wp\/v2\/product_cat?post=721205"},{"taxonomy":"product_tag","embeddable":true,"href":"https:\/\/nbg.eu\/mt\/wp-json\/wp\/v2\/product_tag?post=721205"}],"curies":[{"name":"wp","href":"https:\/\/api.w.org\/{rel}","templated":true}]}}