{"id":721229,"date":"2024-08-18T11:07:42","date_gmt":"2024-08-18T08:07:42","guid":{"rendered":"https:\/\/nbg.eu\/product\/vinc-m35-torx-kmr\/"},"modified":"2026-04-16T18:08:49","modified_gmt":"2026-04-16T15:08:49","slug":"vinc-m35-torx-kmr","status":"publish","type":"product","link":"https:\/\/nbg.eu\/mt\/product\/vinc-m35-torx-kmr\/","title":{"rendered":"KMR Vit tal-Qabda M3.5 Torx"},"content":{"rendered":"<h2>Grip Screw M3,5 Torx KMR<\/h2>\n<p>Ipprodotta b&#8217;pre\u010bi\u017cjoni u b&#8217;attenzjoni g\u0127ad-dettall, din l-iskruf tal-gripper ti\u017cgura tog\u0127ma sikura u affidabbli, li jtejjeb l-prestazzjoni u l-funzjonalit\u00e0 \u0121enerali tal-KMR Weapons tieg\u0127ek. B&#8217;disinn Torx, hija tipprovdi konnessjoni sikura u konsistenti, biex tevita l-issikkar jew it-tixrid mhux mixtieq waqt l-u\u017cu.<\/p>\n<p>Sew jekk inti marksman esperimentat jew enthusiast tatti\u010bi, din hija a\u010b\u010bessorju essenzjali biex i\u017c\u017comm l-integrit\u00e0 u l-affidabilit\u00e0 tal-KMR Weapons tieg\u0127ek. Elev\u00e0 l-esperjenza tal-i\u017cbir tieg\u0127ek b&#8217;dan il-komponent essenzjali, iddisinjat biex jintegrax bla xkiel mal-mudell KMR preferut tieg\u0127ek.<\/p>\n<p>G\u0127al KMR Weapons:<\/p>\n<p>KMR L-02 EMIQ<\/p>\n<p>KMR L-02 EMIQ (OR)<\/p>\n<p>KMR L-02 ORCA MINN 2024<\/p>\n<p>KMR L-02 ORCA SAS 2023<\/p>\n<p>KMR L-02 SPECTRA MINN 2024<\/p>\n<p>KMR L-02 SPECTRA SAS 2023<\/p>\n<p>KMR L-02 UMBRA (OR) SR<\/p>\n<p>KMR S-01 LANCE (OR)<\/p>\n<p>KMR S-02 MINN 2024<\/p>\n<p>KMR S-02 SAS 2023<\/p>\n<p>KMR W-02 CUDA (OR)<\/p>\n<p>KMR W-02 UMBRA<\/p>\n<p>KMR W-02 UMBRA (OR)<\/p>\n","protected":false},"excerpt":{"rendered":"<p>Xkaffa tas-Skr\u00f9 M3,5 Torx KMR g\u0127al Armi Mudelli KMR kompatibbli.<\/p>\n","protected":false},"featured_media":25294,"template":"","meta":{"_acf_changed":false},"product_brand":[11500],"product_cat":[14108,14879],"product_tag":[],"class_list":{"0":"post-721229","1":"product","2":"type-product","3":"status-publish","4":"has-post-thumbnail","6":"product_brand-kmr-precision","7":"product_cat-partijiet-kmr","8":"product_cat-pistol-grips-mt","10":"first","11":"instock","12":"taxable","13":"shipping-taxable","14":"product-type-simple"},"acf":[],"_links":{"self":[{"href":"https:\/\/nbg.eu\/mt\/wp-json\/wp\/v2\/product\/721229","targetHints":{"allow":["GET"]}}],"collection":[{"href":"https:\/\/nbg.eu\/mt\/wp-json\/wp\/v2\/product"}],"about":[{"href":"https:\/\/nbg.eu\/mt\/wp-json\/wp\/v2\/types\/product"}],"wp:featuredmedia":[{"embeddable":true,"href":"https:\/\/nbg.eu\/mt\/wp-json\/wp\/v2\/media\/25294"}],"wp:attachment":[{"href":"https:\/\/nbg.eu\/mt\/wp-json\/wp\/v2\/media?parent=721229"}],"wp:term":[{"taxonomy":"product_brand","embeddable":true,"href":"https:\/\/nbg.eu\/mt\/wp-json\/wp\/v2\/product_brand?post=721229"},{"taxonomy":"product_cat","embeddable":true,"href":"https:\/\/nbg.eu\/mt\/wp-json\/wp\/v2\/product_cat?post=721229"},{"taxonomy":"product_tag","embeddable":true,"href":"https:\/\/nbg.eu\/mt\/wp-json\/wp\/v2\/product_tag?post=721229"}],"curies":[{"name":"wp","href":"https:\/\/api.w.org\/{rel}","templated":true}]}}