{"id":721311,"date":"2026-01-19T18:48:08","date_gmt":"2026-01-19T15:48:08","guid":{"rendered":"https:\/\/nbg.eu\/product\/rh-crocy-gizmo-adapter\/"},"modified":"2026-02-27T16:25:47","modified_gmt":"2026-02-27T13:25:47","slug":"rh-crocy-gizmo-adapter","status":"publish","type":"product","link":"https:\/\/nbg.eu\/mt\/product\/rh-crocy-gizmo-adapter\/","title":{"rendered":"RH Crocy Gizmo adapter"},"content":{"rendered":"<h2>RH Crocy Gizmo adapter<\/h2>\n<p>Il-Crocy Gizmo huwa bi\u010b\u010ba konnessjoni ddisinjata g\u0127as-sistema ta&#8217; holsters RH Crocy AIWB. Jippermetti li twa\u0127\u0127al kompartiment tal-maga\u017cin direttament mal-holster g\u0127al konfigurazzjoni kompleta ta&#8217; \u0121arr AIWB.<\/p>\n<h3>Karatteristi\u010bi ewlenin:<\/h3>\n<ul>\n<li>Jg\u0127aqqad il-kompartiment tal-maga\u017cin Crocy mal-holster Crocy AIWB<\/li>\n<li>Kostruzzjoni Kydex g\u0127ad-durabilit\u00e0<\/li>\n<li>Jippermetti konfigurazzjoni AIWB modulari<\/li>\n<li>\u0126afif u profil baxx<\/li>\n<\/ul>\n","protected":false},"excerpt":{"rendered":"<p>RH Crocy Gizmo: Bi\u010b\u010ba konnessjoni biex twa\u0127\u0127al kompartiment tal-maga\u017cin mal-holster Crocy AIWB.<\/p>\n","protected":false},"featured_media":721312,"template":"","meta":{"_acf_changed":false},"product_brand":[11637],"product_cat":[14139],"product_tag":[],"class_list":{"0":"post-721311","1":"product","2":"type-product","3":"status-publish","4":"has-post-thumbnail","6":"product_brand-rh-holsters","7":"product_cat-accessorji-gall-holster","9":"first","10":"instock","11":"taxable","12":"shipping-taxable","13":"purchasable","14":"product-type-simple"},"acf":[],"_links":{"self":[{"href":"https:\/\/nbg.eu\/mt\/wp-json\/wp\/v2\/product\/721311","targetHints":{"allow":["GET"]}}],"collection":[{"href":"https:\/\/nbg.eu\/mt\/wp-json\/wp\/v2\/product"}],"about":[{"href":"https:\/\/nbg.eu\/mt\/wp-json\/wp\/v2\/types\/product"}],"wp:featuredmedia":[{"embeddable":true,"href":"https:\/\/nbg.eu\/mt\/wp-json\/wp\/v2\/media\/721312"}],"wp:attachment":[{"href":"https:\/\/nbg.eu\/mt\/wp-json\/wp\/v2\/media?parent=721311"}],"wp:term":[{"taxonomy":"product_brand","embeddable":true,"href":"https:\/\/nbg.eu\/mt\/wp-json\/wp\/v2\/product_brand?post=721311"},{"taxonomy":"product_cat","embeddable":true,"href":"https:\/\/nbg.eu\/mt\/wp-json\/wp\/v2\/product_cat?post=721311"},{"taxonomy":"product_tag","embeddable":true,"href":"https:\/\/nbg.eu\/mt\/wp-json\/wp\/v2\/product_tag?post=721311"}],"curies":[{"name":"wp","href":"https:\/\/api.w.org\/{rel}","templated":true}]}}