{"id":721357,"date":"2026-01-19T18:48:05","date_gmt":"2026-01-19T15:48:05","guid":{"rendered":"https:\/\/nbg.eu\/product\/rh-crocy-ganc-extra\/"},"modified":"2026-02-27T16:26:43","modified_gmt":"2026-02-27T13:26:43","slug":"rh-crocy-ganc-extra","status":"publish","type":"product","link":"https:\/\/nbg.eu\/mt\/product\/rh-crocy-ganc-extra\/","title":{"rendered":"RH Crocy gan\u010b extra"},"content":{"rendered":"<h2>RH Crocy gan\u010b extra<\/h2>\n<p>Il-gan\u010b extra RH Crocy jipprovdi twa\u0127\u0127il addizzjonali ta\u010b-\u010binturin g\u0127as-sistema ta&#8217; holsters Crocy AIWB, itejjeb l-istabbilt\u00e0 u d-distribuzzjoni tal-pi\u017c waqt il-\u0121arr AIWB.<\/p>\n<h3>Karatteristi\u010bi ewlenin:<\/h3>\n<ul>\n<li>Kostruzzjoni tal-azzar g\u0127ad-durabilit\u00e0<\/li>\n<li>Kompatibbli ma&#8217; \u010binturin ta&#8217; 40 mm<\/li>\n<li>I\u017cid it-tieni punt ta&#8217; twa\u0127\u0127il mas-sistema Crocy<\/li>\n<li>Itejjeb l-istabbilt\u00e0 tal-holster u jnaqqas il-moviment<\/li>\n<li>Installazzjoni fa\u010bli fuq il-holster Crocy<\/li>\n<\/ul>\n","protected":false},"excerpt":{"rendered":"<p>RH Crocy gan\u010b extra: Gan\u010b tal-azzar g\u0127al stabbilt\u00e0 mtejba fuq is-sistema Crocy AIWB.<\/p>\n","protected":false},"featured_media":721358,"template":"","meta":{"_acf_changed":false},"product_brand":[11637],"product_cat":[14139],"product_tag":[],"class_list":{"0":"post-721357","1":"product","2":"type-product","3":"status-publish","4":"has-post-thumbnail","6":"product_brand-rh-holsters","7":"product_cat-accessorji-gall-holster","9":"first","10":"instock","11":"taxable","12":"shipping-taxable","13":"purchasable","14":"product-type-simple"},"acf":[],"_links":{"self":[{"href":"https:\/\/nbg.eu\/mt\/wp-json\/wp\/v2\/product\/721357","targetHints":{"allow":["GET"]}}],"collection":[{"href":"https:\/\/nbg.eu\/mt\/wp-json\/wp\/v2\/product"}],"about":[{"href":"https:\/\/nbg.eu\/mt\/wp-json\/wp\/v2\/types\/product"}],"wp:featuredmedia":[{"embeddable":true,"href":"https:\/\/nbg.eu\/mt\/wp-json\/wp\/v2\/media\/721358"}],"wp:attachment":[{"href":"https:\/\/nbg.eu\/mt\/wp-json\/wp\/v2\/media?parent=721357"}],"wp:term":[{"taxonomy":"product_brand","embeddable":true,"href":"https:\/\/nbg.eu\/mt\/wp-json\/wp\/v2\/product_brand?post=721357"},{"taxonomy":"product_cat","embeddable":true,"href":"https:\/\/nbg.eu\/mt\/wp-json\/wp\/v2\/product_cat?post=721357"},{"taxonomy":"product_tag","embeddable":true,"href":"https:\/\/nbg.eu\/mt\/wp-json\/wp\/v2\/product_tag?post=721357"}],"curies":[{"name":"wp","href":"https:\/\/api.w.org\/{rel}","templated":true}]}}