{"id":721407,"date":"2026-01-19T18:48:06","date_gmt":"2026-01-19T15:48:06","guid":{"rendered":"https:\/\/nbg.eu\/product\/rh-crocy-kompartiment-tal-magazin\/"},"modified":"2026-02-27T16:44:39","modified_gmt":"2026-02-27T13:44:39","slug":"rh-crocy-kompartiment-tal-magazin","status":"publish","type":"product","link":"https:\/\/nbg.eu\/mt\/product\/rh-crocy-kompartiment-tal-magazin\/","title":{"rendered":"RH Crocy kompartiment tal-maga\u017cin"},"content":{"rendered":"<h2>RH Crocy kompartiment tal-maga\u017cin<\/h2>\n<p>Il-kompartiment tal-maga\u017cin RH Crocy huwa kompartiment AIWB ddedikat iddisinjat biex jintu\u017caw mas-sistema ta&#8217; holsters RH Crocy. Jitwa\u0127\u0127al permezz tal-konnessjoni Crocy Gizmo jew jista&#8217; jintlibes wa\u0127du bil-gan\u010b tal-azzar.<\/p>\n<h3>Karatteristi\u010bi ewlenin:<\/h3>\n<ul>\n<li>Gan\u010b tal-azzar g\u0127al twa\u0127\u0127il sigur ma\u010b-\u010binturin<\/li>\n<li>Kompatibbli ma&#8217; \u010binturin ta&#8217; 40 mm<\/li>\n<li>\u017bamma a\u0121\u0121ustabbli permezz ta&#8217; viti<\/li>\n<li>Kostruzzjoni Kydex g\u0127al pre\u010bi\u017cjoni fit tal-maga\u017cin<\/li>\n<li>Iddisinjat g\u0127all-\u0121arr AIWB<\/li>\n<li>Kompatibbli ma&#8217; Crocy Gizmo g\u0127al integrazzjoni modulari tal-holster<\/li>\n<\/ul>\n","protected":false},"excerpt":{"rendered":"<p>RH Crocy kompartiment tal-maga\u017cin: Kompartiment tal-maga\u017cin AIWB b&#8217;gan\u010b tal-azzar u \u017camma a\u0121\u0121ustabbli.<\/p>\n","protected":false},"featured_media":721408,"template":"","meta":{"_acf_changed":false},"product_brand":[11637],"product_cat":[14139],"product_tag":[],"class_list":{"0":"post-721407","1":"product","2":"type-product","3":"status-publish","4":"has-post-thumbnail","6":"product_brand-rh-holsters","7":"product_cat-accessorji-gall-holster","9":"first","10":"instock","11":"taxable","12":"shipping-taxable","13":"purchasable","14":"product-type-simple"},"acf":[],"_links":{"self":[{"href":"https:\/\/nbg.eu\/mt\/wp-json\/wp\/v2\/product\/721407","targetHints":{"allow":["GET"]}}],"collection":[{"href":"https:\/\/nbg.eu\/mt\/wp-json\/wp\/v2\/product"}],"about":[{"href":"https:\/\/nbg.eu\/mt\/wp-json\/wp\/v2\/types\/product"}],"wp:featuredmedia":[{"embeddable":true,"href":"https:\/\/nbg.eu\/mt\/wp-json\/wp\/v2\/media\/721408"}],"wp:attachment":[{"href":"https:\/\/nbg.eu\/mt\/wp-json\/wp\/v2\/media?parent=721407"}],"wp:term":[{"taxonomy":"product_brand","embeddable":true,"href":"https:\/\/nbg.eu\/mt\/wp-json\/wp\/v2\/product_brand?post=721407"},{"taxonomy":"product_cat","embeddable":true,"href":"https:\/\/nbg.eu\/mt\/wp-json\/wp\/v2\/product_cat?post=721407"},{"taxonomy":"product_tag","embeddable":true,"href":"https:\/\/nbg.eu\/mt\/wp-json\/wp\/v2\/product_tag?post=721407"}],"curies":[{"name":"wp","href":"https:\/\/api.w.org\/{rel}","templated":true}]}}