{"id":722015,"date":"2026-03-06T17:28:33","date_gmt":"2026-03-06T14:28:33","guid":{"rendered":"https:\/\/nbg.eu\/product\/eberlestock-cinturin-tal-genbejn-twil-imbottit\/"},"modified":"2026-04-15T14:31:28","modified_gmt":"2026-04-15T11:31:28","slug":"eberlestock-cinturin-tal-genbejn-twil-imbottit","status":"publish","type":"product","link":"https:\/\/nbg.eu\/mt\/product\/eberlestock-cinturin-tal-genbejn-twil-imbottit\/","title":{"rendered":"Eberlestock \u010aintura Twila Mimlija tal-\u0126a\u017cin"},"content":{"rendered":"<h2>Eberlestock \u010ainturin tal-\u0121enbejn twil imbottit<\/h2>\n<p>I\u010b-\u010binturin tal-\u0121enbejn twil imbottit huwa sostitut esti\u017c iddisinjat biex jissostitwixxi \u010b-\u010binturin standard li ji\u0121i mal-bi\u010b\u010ba l-kbira tal-backpacks Eberlestock. Rakkomandat g\u0127al utenti b&#8217;qies tal-qadd akbar minn 42 pulzier, joffri kumdit\u00e0 u distribuzzjoni tat-tag\u0127bija mtejba.<\/p>\n<h3>Padding imtejjeb<\/h3>\n<p>B&#8217;madwar id-doppju tal-\u0127xuna tal-padding meta mqabbla ma\u010b-\u010binturin standard, i\u010b-\u010binturin twil imbottit inaqqas b&#8217;mod sinifikanti l-punti ta&#8217; pressjoni f&#8217;tag\u0127bijiet tqal sostnut ta&#8217; 45 libbra u aktar.<\/p>\n<h3>Attakkament modulari<\/h3>\n<p>Tliet ringieli orizzontali ta&#8217; strapping MOLLE jippermettu l-attakkament ta&#8217; pouches, holsters u a\u010b\u010bessorji o\u0127ra direttament ma\u010b-\u010binturin. Il-buckle DuraFlex HD ta&#8217; 50mm ti\u017cgura g\u0127eluq sigur b&#8217;a\u0121\u0121ustament &#8216;il \u0121ewwa u &#8216;l barra.<\/p>\n<h3>Installazzjoni ming\u0127ajr g\u0127odda<\/h3>\n<p>I\u010b-\u010bintrinji kollha tal-\u0121enbejn Eberlestock ju\u017caw sistema ta&#8217; attakkament bil-velcro, li tippermetti tne\u0127\u0127ija u sostituzzjoni mg\u0127a\u0121\u0121la fi ftit sekondi ming\u0127ajr g\u0127odda.<\/p>\n<p><strong>Nota:<\/strong> Ma jaqbilx ma&#8217; backpacks Switchblade, Little Trick, Bandit jew Gunrunner.<\/p>\n<table>\n<thead>\n<tr>\n<th>Spe\u010bifikazzjoni<\/th>\n<th>Dettall<\/th>\n<\/tr>\n<\/thead>\n<tbody>\n<tr>\n<td>Qies tal-qadd rakkomandat<\/td>\n<td>42&#8243;+ <\/td>\n<\/tr>\n<tr>\n<td>Ringieli MOLLE<\/td>\n<td>3<\/td>\n<\/tr>\n<tr>\n<td>Buckle<\/td>\n<td>50mm DuraFlex HD<\/td>\n<\/tr>\n<tr>\n<td>Materjal<\/td>\n<td>Cordura Nylon<\/td>\n<\/tr>\n<tr>\n<td>Attakkament<\/td>\n<td>Hook &amp; loop<\/td>\n<\/tr>\n<\/tbody>\n<\/table>\n","protected":false},"excerpt":{"rendered":"<p>Eberlestock Long Padded Hip Belt hija \u010binturin tal-\u0121enbejn ta&#8217; sostituzzjoni esti\u017c, rakkomandat g\u0127al persuni b&#8217;qies tal-qadd akbar minn 42 pulzier. \u0126xuna doppja ta&#8217; padding u tliet ringieli ta&#8217; strapping MOLLE.<\/p>\n","protected":false},"featured_media":722016,"template":"","meta":{"_acf_changed":false},"product_brand":[15150],"product_cat":[14166],"product_tag":[],"class_list":{"0":"post-722015","1":"product","2":"type-product","3":"status-publish","4":"has-post-thumbnail","6":"product_brand-eberlestock","7":"product_cat-tagmir","9":"first","10":"instock","11":"taxable","12":"shipping-taxable","13":"purchasable","14":"product-type-variable","15":"wvs-archive-product-wrapper"},"acf":[],"_links":{"self":[{"href":"https:\/\/nbg.eu\/mt\/wp-json\/wp\/v2\/product\/722015","targetHints":{"allow":["GET"]}}],"collection":[{"href":"https:\/\/nbg.eu\/mt\/wp-json\/wp\/v2\/product"}],"about":[{"href":"https:\/\/nbg.eu\/mt\/wp-json\/wp\/v2\/types\/product"}],"wp:featuredmedia":[{"embeddable":true,"href":"https:\/\/nbg.eu\/mt\/wp-json\/wp\/v2\/media\/722016"}],"wp:attachment":[{"href":"https:\/\/nbg.eu\/mt\/wp-json\/wp\/v2\/media?parent=722015"}],"wp:term":[{"taxonomy":"product_brand","embeddable":true,"href":"https:\/\/nbg.eu\/mt\/wp-json\/wp\/v2\/product_brand?post=722015"},{"taxonomy":"product_cat","embeddable":true,"href":"https:\/\/nbg.eu\/mt\/wp-json\/wp\/v2\/product_cat?post=722015"},{"taxonomy":"product_tag","embeddable":true,"href":"https:\/\/nbg.eu\/mt\/wp-json\/wp\/v2\/product_tag?post=722015"}],"curies":[{"name":"wp","href":"https:\/\/api.w.org\/{rel}","templated":true}]}}