{"id":722771,"date":"2026-03-06T17:34:10","date_gmt":"2026-03-06T14:34:10","guid":{"rendered":"https:\/\/nbg.eu\/product\/eberlestock-force-borza-tas-sider\/"},"modified":"2026-04-15T14:31:22","modified_gmt":"2026-04-15T11:31:22","slug":"eberlestock-force-borza-tas-sider","status":"publish","type":"product","link":"https:\/\/nbg.eu\/mt\/product\/eberlestock-force-borza-tas-sider\/","title":{"rendered":"Eberlestock Bor\u017ca tas-Sider Force"},"content":{"rendered":"<h2>Eberlestock Force chest pack<\/h2>\n<p>Il-Force huwa chest pack b&#8217;kapa\u010bit\u00e0 kbira u disinn tattiku modulari, iddisinjat g\u0127all-ka\u010b\u010ba, ta\u0127ri\u0121 tal-isparar, operazzjonijiet militari u applikazzjonijiet ta&#8217; barra. B&#8217;volum intern \u0121eneru\u017c u profil aerodinamiku, Force jadatta ru\u0127u g\u0127all-missjoni tieg\u0127ek ming\u0127ajr ma jirrestrin\u0121i l-mobilit\u00e0.<\/p>\n<h3>Kapa\u010bit\u00e0 \u0121eneru\u017ca ta&#8217; \u0127a\u017cna<\/h3>\n<p>B&#8217;dimensjonijiet ta&#8217; 7 pulzieri g\u0127oli, 9 pulzieri wiesa&#8217; u 3 pulzieri fond, Force jipprovdi bi\u017c\u017cejjed spazju g\u0127al binokulari kompatti, rangefinders, sej\u0127iet ta&#8217; predaturi, apparat termali tal-idejn u tag\u0127mir essenzjali ie\u0127or g\u0127all-missjoni. Kexxun intern bi\u017c-\u017cipp jipprote\u0121i o\u0121\u0121etti sensittivi, filwaqt li MOLLE konfigurabbli \u0121ewwa l-kompartiment prin\u010bipali jippermetti konfigurazzjonijiet personalizzati tat-tag\u0127bija.<\/p>\n<h3>Sistema ta&#8217; \u0127\u017ciema b&#8217;mesh tal-arja<\/h3>\n<p>Is-sistema ta&#8217; \u0127\u017ciema mge\u017cwra b&#8217;mesh tal-arja tippromwovi l-fluss tal-arja u tnaqqas l-akkumulazzjoni tal-umdit\u00e0 matul u\u017cu esti\u017c, i\u017c\u017commok frisk u komdu kemm jekk qed timxi bil-mod fuq ka\u010b\u010ba twila jew tqatta&#8217; sig\u0127at fil-kamp tal-isparar.<\/p>\n<h3>Disinn modulari<\/h3>\n<p>Webbing MOLLE maqtug\u0127 bil-laser fuq barra u \u0121ewwa l-kompartiment prin\u010bipali jappo\u0121\u0121ja holsters, inserti medi\u010bi, bords tan-navigazzjoni u soluzzjonijiet ta&#8217; mmuntar ATAK. Kexxun ta&#8217; quddiem bi\u017c-\u017cipp g\u0127all-amministrazzjoni jipprovdi a\u010b\u010bess mg\u0127a\u0121\u0121el g\u0127al li\u010benzji, tags, mapep jew telefon. Il-pannell li jin\u017cel bil-velcro huwa kompatibbli mal-pannelli MOLLE Eberlestock, is-s\u0127ana tal-idejn u l-a\u010b\u010bessorji Quickcase.<\/p>\n<p>Mibni minn nylon ripstop 500D robust g\u0127al durabilit\u00e0 dejjiema. Kompatibbli mal-Eberlestock Bino Rain Fly g\u0127al protezzjoni f&#8217;temp \u0127a\u017cin.<\/p>\n<table>\n<thead>\n<tr>\n<th>Spe\u010bifikazzjoni<\/th>\n<th>Dettall<\/th>\n<\/tr>\n<\/thead>\n<tbody>\n<tr>\n<td>Dimensjonijiet<\/td>\n<td>7&#8243; H x 9&#8243; W x 3&#8243; D<\/td>\n<\/tr>\n<tr>\n<td>Materjal<\/td>\n<td>500D Ripstop Nylon<\/td>\n<\/tr>\n<tr>\n<td>Sistema<\/td>\n<td>Mesh tal-arja mge\u017cwer<\/td>\n<\/tr>\n<tr>\n<td>Attakkament<\/td>\n<td>MOLLE maqtug\u0127 bil-laser<\/td>\n<\/tr>\n<tr>\n<td>A\u010b\u010bessorji<\/td>\n<td>Kompatibbli mal-pannell li jin\u017cel<\/td>\n<\/tr>\n<\/tbody>\n<\/table>\n","protected":false},"excerpt":{"rendered":"<p>Eberlestock Force Chest Pack huwa rig tattiku tas-sider modular ta&#8217; kapa\u010bit\u00e0 kbira ta&#8217; 7&#8243; x 9&#8243; x 3&#8243;. Mibni minn najlon ripstop 500D b&#8217;sistema air-mesh, MOLLE maqtug\u0127 bil-laser u kompatibbilt\u00e0 mal-a\u010b\u010bessorji Eberlestock.<\/p>\n","protected":false},"featured_media":722772,"template":"","meta":{"_acf_changed":false},"product_brand":[15150],"product_cat":[14112,14166],"product_tag":[],"class_list":{"0":"post-722771","1":"product","2":"type-product","3":"status-publish","4":"has-post-thumbnail","6":"product_brand-eberlestock","7":"product_cat-chest-rigs","8":"product_cat-tagmir","10":"first","11":"instock","12":"taxable","13":"shipping-taxable","14":"purchasable","15":"product-type-variable","16":"wvs-archive-product-wrapper"},"acf":[],"_links":{"self":[{"href":"https:\/\/nbg.eu\/mt\/wp-json\/wp\/v2\/product\/722771","targetHints":{"allow":["GET"]}}],"collection":[{"href":"https:\/\/nbg.eu\/mt\/wp-json\/wp\/v2\/product"}],"about":[{"href":"https:\/\/nbg.eu\/mt\/wp-json\/wp\/v2\/types\/product"}],"wp:featuredmedia":[{"embeddable":true,"href":"https:\/\/nbg.eu\/mt\/wp-json\/wp\/v2\/media\/722772"}],"wp:attachment":[{"href":"https:\/\/nbg.eu\/mt\/wp-json\/wp\/v2\/media?parent=722771"}],"wp:term":[{"taxonomy":"product_brand","embeddable":true,"href":"https:\/\/nbg.eu\/mt\/wp-json\/wp\/v2\/product_brand?post=722771"},{"taxonomy":"product_cat","embeddable":true,"href":"https:\/\/nbg.eu\/mt\/wp-json\/wp\/v2\/product_cat?post=722771"},{"taxonomy":"product_tag","embeddable":true,"href":"https:\/\/nbg.eu\/mt\/wp-json\/wp\/v2\/product_tag?post=722771"}],"curies":[{"name":"wp","href":"https:\/\/api.w.org\/{rel}","templated":true}]}}