{"id":724124,"date":"2026-03-10T16:14:33","date_gmt":"2026-03-10T13:14:33","guid":{"rendered":"https:\/\/nbg.eu\/product\/area-419-can-koozie-ghatu-clip-on-ghal-vizjoni-notturna\/"},"modified":"2026-03-10T17:17:29","modified_gmt":"2026-03-10T14:17:29","slug":"area-419-can-koozie-ghatu-clip-on-ghal-vizjoni-notturna","status":"publish","type":"product","link":"https:\/\/nbg.eu\/mt\/product\/area-419-can-koozie-ghatu-clip-on-ghal-vizjoni-notturna\/","title":{"rendered":"Area 419 Can Koozie \/ G\u0127atu Clip-on g\u0127al Vi\u017cjoni Notturna"},"content":{"rendered":"<h2>Area 419 Can Koozie \/ Clip-on G\u0127atu ta&#8217; Vi\u017cjoni Notturna<\/h2>\n<p>Iddisinjat minn Area 419, dan l-g\u0127atu tan-neoprene jservi skop tattiku: wa\u0127\u0127lu fuq in-na\u0127a tal-o\u0121\u0121ettiv tal-ottika biex jag\u0127laq il-vojt bejn l-ottika u l-apparat clip-on ta&#8217; vi\u017cjoni notturna, jibblokka t-trab u d-dawl parassitu.<\/p>\n<h3>G\u0127atu Clip-on ta&#8217; Vi\u017cjoni Notturna<\/h3>\n<p>L-g\u0127atu jinfirex fuq l-o\u0121\u0121ettiv tal-ottika u jipprovdi pont dens li ma j\u0127allix dawl g\u0127all-apparat NV clip-on tieg\u0127ek \u2014 jelimina l-vojt li j\u0127alli jid\u0127ol id-dawl ambjentali u t-trab. L-isparaturi ju\u017cawh ukoll b\u0127ala g\u0127atu tax-xemx effettiv kontra r-riflessjoni tal-o\u0121\u0121ettiv ming\u0127ajr faxex Velcro jew a\u010b\u010bessorji kbar.<\/p>\n<h3>Spe\u010bifikazzjonijiet<\/h3>\n<table>\n<tbody>\n<tr>\n<td><strong>Materjal<\/strong><\/td>\n<td>Neoprene<\/td>\n<\/tr>\n<tr>\n<td><strong>Pi\u017c<\/strong><\/td>\n<td>0.1 lbs<\/td>\n<\/tr>\n<tr>\n<td><strong>Dimensjonijiet<\/strong><\/td>\n<td>2 x 2 x 0.5 in<\/td>\n<\/tr>\n<tr>\n<td><strong>Mag\u0127mul fi<\/strong><\/td>\n<td>l-Istati Uniti<\/td>\n<\/tr>\n<\/tbody>\n<\/table>\n","protected":false},"excerpt":{"rendered":"<p>G\u0127atu clip-on tan-neoprene ddisinjat biex jag\u0127laq il-vojt bejn l-o\u0121\u0121ettiv tal-ottika u apparat clip-on ta&#8217; vi\u017cjoni notturna. Jibblokka t-trab, id-dawl parassitu u jelimina r-riflessjoni tal-o\u0121\u0121ettiv. Ja\u0127dem ukoll b\u0127ala g\u0127atu tax-xemx effettiv g\u0127all-isparar binhar.<\/p>\n","protected":false},"featured_media":724125,"template":"","meta":{"_acf_changed":false},"product_brand":[11045],"product_cat":[14134,14166],"product_tag":[],"class_list":{"0":"post-724124","1":"product","2":"type-product","3":"status-publish","4":"has-post-thumbnail","6":"product_brand-area-419","7":"product_cat-accessorji-gall-immira","8":"product_cat-tagmir","10":"first","11":"instock","12":"taxable","13":"shipping-taxable","14":"purchasable","15":"product-type-simple"},"acf":[],"_links":{"self":[{"href":"https:\/\/nbg.eu\/mt\/wp-json\/wp\/v2\/product\/724124","targetHints":{"allow":["GET"]}}],"collection":[{"href":"https:\/\/nbg.eu\/mt\/wp-json\/wp\/v2\/product"}],"about":[{"href":"https:\/\/nbg.eu\/mt\/wp-json\/wp\/v2\/types\/product"}],"wp:featuredmedia":[{"embeddable":true,"href":"https:\/\/nbg.eu\/mt\/wp-json\/wp\/v2\/media\/724125"}],"wp:attachment":[{"href":"https:\/\/nbg.eu\/mt\/wp-json\/wp\/v2\/media?parent=724124"}],"wp:term":[{"taxonomy":"product_brand","embeddable":true,"href":"https:\/\/nbg.eu\/mt\/wp-json\/wp\/v2\/product_brand?post=724124"},{"taxonomy":"product_cat","embeddable":true,"href":"https:\/\/nbg.eu\/mt\/wp-json\/wp\/v2\/product_cat?post=724124"},{"taxonomy":"product_tag","embeddable":true,"href":"https:\/\/nbg.eu\/mt\/wp-json\/wp\/v2\/product_tag?post=724124"}],"curies":[{"name":"wp","href":"https:\/\/api.w.org\/{rel}","templated":true}]}}