{"id":732406,"date":"2026-03-13T17:31:30","date_gmt":"2026-03-13T14:31:30","guid":{"rendered":"https:\/\/nbg.eu\/product\/microtech-utx-85-gen-iv-t-e-apocalyptic-standard-tan-2\/"},"modified":"2026-03-30T15:37:23","modified_gmt":"2026-03-30T12:37:23","slug":"microtech-utx-85-gen-iv-t-e-apocalyptic-standard-tan-2","status":"publish","type":"product","link":"https:\/\/nbg.eu\/mt\/product\/microtech-utx-85-gen-iv-t-e-apocalyptic-standard-tan-2\/","title":{"rendered":"Microtech UTX-85 Gen IV T\/E Apocalyptic Standard Tan"},"content":{"rendered":"<h2>\u0126arsa \u0121enerali<\/h2>\n<p>Il-Microtech UTX-85 Gen IV huwa powerhouse kompatt iddisinjat b&#8217;85% tad-daqs tal-mudell Ultratech, li jag\u0127milha OTF awtomatiku ta&#8217; \u0121arr ideali ta&#8217; kuljum. Dan il-varjant Tan g\u0127andu xafra tanto Apocalyptic-finish b&#8217;tarf sempli\u010bi standard fl-azzar Bohler M390MK. Minkejja l-impronta mnaqqsa tieg\u0127u, l-UTX-85 Gen IV jiret it-teknolo\u0121ija avvanzata kollha mill-a\u0127wa l-akbar, inklu\u017c il-Dual Fuel Drive Train u l-mekkani\u017cmu ta\u2019 tindif lilu nnifsu Crud Kutter, li jag\u0127ti prestazzjoni ta\u2019 daqs s\u0127i\u0127 f\u2019pakkett fa\u010bli g\u0127all-but.<\/p>\n<h3>Disinn EDC Kompatt<\/h3>\n<p>B&#8217;85% tad-daqs tal-Ultratech u li ji\u017cen biss 3.1 oz, l-UTX-85 Gen IV jid\u0127ol komdu fi kwalunkwe but filwaqt li j\u017comm il-funzjonalit\u00e0 s\u0127i\u0127a u l-kwalit\u00e0 tal-bini tal-kontroparti akbar tieg\u0127u. Il-profil tal-manku ergonomiku ji\u017cgura qabda sigura g\u0127al kull daqs tal-idejn.<\/p>\n<h3>Dual Fuel Drive Train<\/h3>\n<p>Is-sewqan Gen IV ju\u017ca sistema b&#8217;molla doppja g\u0127al skjerament konsistenti tax-xafra b&#8217;xedd intern imnaqqas. Il-mekkani\u017cmu kompatt jag\u0127ti azzjoni qawwija u affidabbli eluf ta&#8217; drabi.<\/p>\n<h3>Crud Kutter Self-Cleaning System<\/h3>\n<p>Is-sistema integrata tal-ispostament tad-debris i\u017c\u017comm il-korsa tax-xafra \u010bara mill-\u0127mie\u0121 u l-lint tal-but, u ti\u017cgura skjerament affidabbli meta l-aktar ikollok b\u017connha.<\/p>\n<h3>Komponenti Premium<\/h3>\n<ul>\n<li>Bohler M390MK tanto xafra<\/li>\n<li>6061-T6 manku tal-aluminju tal-grad tal-ajruplan<\/li>\n<li>Sistema ta&#8217; skjerament tal-Ferrovija tas-Sedd tal-Fjuwil Doppju<\/li>\n<li>Mekkani\u017cmu tal-iswi\u010b\u010b li jnaddaf lilu nnifsu tal-Crud Kutter<\/li>\n<li>Klip tal-but tat-titanju mit\u0127un bi blalen ta\u010b-\u010beramika<\/li>\n<li>Tkissir tal-\u0127\u0121ie\u0121<\/li>\n<li>\u0126ardwer Torx kollu<\/li>\n<\/ul>\n<h3>Spe\u010bifikazzjonijiet<\/h3>\n<table class=\"shop_attributes\">\n<tbody>\n<tr>\n<td><strong>Tip<\/strong><\/td>\n<td>Awtomatiku minn Quddiem<\/td>\n<\/tr>\n<tr>\n<td><strong>Tul tax-xafra<\/strong><\/td>\n<td>3.10&#8243;<\/td>\n<\/tr>\n<tr>\n<td><strong>Tul \u0120enerali<\/strong><\/td>\n<td>7.65&#8243;<\/td>\n<\/tr>\n<tr>\n<td><strong>Azzar tax-xafra<\/strong><\/td>\n<td>Bohler M390MK<\/td>\n<\/tr>\n<tr>\n<td><strong>Materjal tal-Immani\u0121\u0121jar<\/strong><\/td>\n<td>6061-T6 Aluminju<\/td>\n<\/tr>\n<tr>\n<td><strong>Pi\u017c<\/strong><\/td>\n<td>3.10 oz<\/td>\n<\/tr>\n<tr>\n<td><strong>Klip tal-but<\/strong><\/td>\n<td>Titanju Mit\u0127un b&#8217;Detent ta\u010b-\u010beramika<\/td>\n<\/tr>\n<tr>\n<td><strong>\u0126ardwer<\/strong><\/td>\n<td>Viti Torx<\/td>\n<\/tr>\n<tr>\n<td><strong>\u0126\u0121ie\u0121 Breaker<\/strong><\/td>\n<td>Iva<\/td>\n<\/tr>\n<tr>\n<td><strong>Pajji\u017c ta&#8217; Ori\u0121ini<\/strong><\/td>\n<td>L-Istati Uniti<\/td>\n<\/tr>\n<tr>\n<td><strong>Kulur tal-immani\u0121\u0121jar<\/strong><\/td>\n<td>Tan<\/td>\n<\/tr>\n<tr>\n<td><strong>Finish tax-xafra<\/strong><\/td>\n<td>Apokalittiku<\/td>\n<\/tr>\n<tr>\n<td><strong>Tip tarf<\/strong><\/td>\n<td>Sempli\u010bi<\/td>\n<\/tr>\n<\/tbody>\n","protected":false},"excerpt":{"rendered":"<p>Sikkina awtomatika UTX-85 Gen IV OTF kumpatta f&#8217;Tan b&#8217;xafra M390MK tanto Apocalyptic-finish. Daqs ta &#8216;85% Ultratech b&#8217;Dual Fuel Drive Train. Xafra ta&#8217; 3.10\u2033, 7.65\u2033 \u0121enerali, 3.1 oz.<\/p>\n","protected":false},"featured_media":732000,"template":"","meta":{"_acf_changed":false},"product_brand":[15523],"product_cat":[15366,16001],"product_tag":[],"class_list":{"0":"post-732406","1":"product","2":"type-product","3":"status-publish","4":"has-post-thumbnail","6":"product_brand-microtech","7":"product_cat-knives-mt","8":"product_cat-otf-knives-mt","10":"first","11":"outofstock","12":"taxable","13":"shipping-taxable","14":"purchasable","15":"product-type-simple"},"acf":[],"_links":{"self":[{"href":"https:\/\/nbg.eu\/mt\/wp-json\/wp\/v2\/product\/732406","targetHints":{"allow":["GET"]}}],"collection":[{"href":"https:\/\/nbg.eu\/mt\/wp-json\/wp\/v2\/product"}],"about":[{"href":"https:\/\/nbg.eu\/mt\/wp-json\/wp\/v2\/types\/product"}],"wp:featuredmedia":[{"embeddable":true,"href":"https:\/\/nbg.eu\/mt\/wp-json\/wp\/v2\/media\/732000"}],"wp:attachment":[{"href":"https:\/\/nbg.eu\/mt\/wp-json\/wp\/v2\/media?parent=732406"}],"wp:term":[{"taxonomy":"product_brand","embeddable":true,"href":"https:\/\/nbg.eu\/mt\/wp-json\/wp\/v2\/product_brand?post=732406"},{"taxonomy":"product_cat","embeddable":true,"href":"https:\/\/nbg.eu\/mt\/wp-json\/wp\/v2\/product_cat?post=732406"},{"taxonomy":"product_tag","embeddable":true,"href":"https:\/\/nbg.eu\/mt\/wp-json\/wp\/v2\/product_tag?post=732406"}],"curies":[{"name":"wp","href":"https:\/\/api.w.org\/{rel}","templated":true}]}}