{"id":732412,"date":"2026-03-13T17:32:05","date_gmt":"2026-03-13T14:32:05","guid":{"rendered":"https:\/\/nbg.eu\/product\/microtech-l-u-d-t-t-e-gen-iii-black-partial-serrated-od-green-2\/"},"modified":"2026-03-16T12:50:16","modified_gmt":"2026-03-16T09:50:16","slug":"microtech-l-u-d-t-t-e-gen-iii-black-partial-serrated-od-green-2","status":"publish","type":"product","link":"https:\/\/nbg.eu\/mt\/product\/microtech-l-u-d-t-t-e-gen-iii-black-partial-serrated-od-green-2\/","title":{"rendered":"Microtech L.U.D.T. T\/E \u0120en III Iswed Parzjali Serrated OD A\u0127dar"},"content":{"rendered":"<h2>\u0126arsa \u0121enerali<\/h2>\n<p>Il-Microtech L.U.D.T. Gen III huwa folder awtomatiku qawwi li jevoka l-istil klassiku UDT b&#8217;a\u0121\u0121ornamenti rivoluzzjonarji biex jiffurmaw u jiffunzjonaw. Dan il-varjant OD Green g\u0127andu xafra tanto sewda miksija b&#8217;DLC b&#8217;tarf parzjalment bis-snien, falsifikat mill-azzar Bohler M390MK. L-iterazzjoni Gen III \u0121\u0121ib lura interzjar tal-manku b&#8217;3M Traction Tape g\u0127al qabda ottimali, tirkeb fuq 24 berings tal-karbur tas-silika g\u0127all-azzjoni l-aktar bla xkiel fil-klassi tag\u0127ha, u tu\u017ca viti Torx komuni g\u0127al manutenzjoni fa\u010bli tal-qasam.<\/p>\n<h3>24 Bearings tal-Karbur tas-Silika<\/h3>\n<p>Is-sistema ta &#8216;azzjoni LUDT Gen III tirkeb fuq 24 berings ta&#8217; karbur tas-silika ta &#8216;pre\u010bi\u017cjoni, li tag\u0127ti l-aktar azzjoni ta&#8217; folder awtomatiku lixxa u raffinata li qatt ipprodu\u010biet Microtech. Is-sistema tal-bearing prattikament telimina l-frizzjoni g\u0127all-iskjerament velo\u010bi sajjetti.<\/p>\n<h3>Inlays tat-Tejp ta&#8217; Trazzjoni 3M<\/h3>\n<p>Ir-ritorn ta&#8217; interzjar tal-manku fil-\u0120en III ju\u017ca Tejp ta&#8217; Trazzjoni 3M ta&#8217; grad industrijali, li jipprovdi qabda e\u010b\u010bezzjonali f&#8217;kundizzjonijiet imxarrba, \u017cejtnija jew ingwanti ming\u0127ajr ma \u017c\u017cid il-massa mal-profil tal-manku.<\/p>\n<h3>Kostruzzjoni Re\u017cistenti g\u0127all-Ilma<\/h3>\n<p>Mibnija apposta g\u0127al ambjenti \u0127arxa, il-LUDT Gen III g\u0127andu kostruzzjoni ssi\u0121illata mat-temp li tirre\u017cisti l-intru\u017cjoni tal-umdit\u00e0, u tag\u0127milha affidabbli fix-xita, fil-borra u fl-ambjenti tal-ba\u0127ar.<\/p>\n<h3>Komponenti Premium<\/h3>\n<ul>\n<li>Bohler M390MK tanto xafra<\/li>\n<li>Manku ta&#8217; l-aluminju 6061-T6 b&#8217;inlays ta&#8217; Traction Tape 3M<\/li>\n<li>24 sistema ta &#8216;azzjoni tal-karbur tas-silika<\/li>\n<li>Klip tal-but tal-\u0121arr tat-tip-up<\/li>\n<li>\u0126ardwer Torx komuni g\u0127al manutenzjoni fa\u010bli<\/li>\n<li>Kostruzzjoni re\u017cistenti g\u0127all-ilma<\/li>\n<\/ul>\n<h3>Spe\u010bifikazzjonijiet<\/h3>\n<table class=\"shop_attributes\">\n<tbody>\n<tr>\n<td><strong>Tip<\/strong><\/td>\n<td>Folder Awtomatiku<\/td>\n<\/tr>\n<tr>\n<td><strong>Tul tax-xafra<\/strong><\/td>\n<td>3.50&#8243;<\/td>\n<\/tr>\n<tr>\n<td><strong>Tul \u0120enerali<\/strong><\/td>\n<td>8.00&#8243;<\/td>\n<\/tr>\n<tr>\n<td><strong>Tul tal-manku<\/strong><\/td>\n<td>4.50&#8243;<\/td>\n<\/tr>\n<tr>\n<td><strong>Azzar tax-xafra<\/strong><\/td>\n<td>Bohler M390MK<\/td>\n<\/tr>\n<tr>\n<td><strong>Materjal tal-Immani\u0121\u0121jar<\/strong><\/td>\n<td>Aluminju 6061-T6 b&#8217;Inlays ta&#8217; Tejp ta&#8217; Trazzjoni 3M<\/td>\n<\/tr>\n<tr>\n<td><strong>Pi\u017c<\/strong><\/td>\n<td>3.60 oz<\/td>\n<\/tr>\n<tr>\n<td><strong>Klip tal-but<\/strong><\/td>\n<td>Tip-Up Carry<\/td>\n<\/tr>\n<tr>\n<td><strong>Bearings<\/strong><\/td>\n<td>24 Karbur tas-Silika<\/td>\n<\/tr>\n<tr>\n<td><strong>Pajji\u017c ta&#8217; Ori\u0121ini<\/strong><\/td>\n<td>L-Istati Uniti<\/td>\n<\/tr>\n<tr>\n<td><strong>Kulur tal-immani\u0121\u0121jar<\/strong><\/td>\n<td>OD Green<\/td>\n<\/tr>\n<tr>\n<td><strong>Finish tax-xafra<\/strong><\/td>\n<td>DLC Iswed<\/td>\n<\/tr>\n<tr>\n<td><strong>Tip tarf<\/strong><\/td>\n<td>Parzjali Serrated<\/td>\n<\/tr>\n<\/tbody>\n","protected":false},"excerpt":{"rendered":"<p>L.U.D.T. Folder awtomatiku \u0120en III f&#8217;OD Green b&#8217;DLC iswed parzjalment bis-snien M390MK tanto xafra. Karatteristi\u010bi 24 berings tal-karbur tas-silika u 3M Traction Tape inlays. 3.50\u2033 xafra, 8.00\u2033 \u0121enerali.<\/p>\n","protected":false},"featured_media":732022,"template":"","meta":{"_acf_changed":false},"product_brand":[15523],"product_cat":[15387,15366],"product_tag":[],"class_list":{"0":"post-732412","1":"product","2":"type-product","3":"status-publish","4":"has-post-thumbnail","6":"product_brand-microtech","7":"product_cat-folding-knives-mt","8":"product_cat-knives-mt","10":"first","11":"instock","12":"taxable","13":"shipping-taxable","14":"purchasable","15":"product-type-simple"},"acf":[],"_links":{"self":[{"href":"https:\/\/nbg.eu\/mt\/wp-json\/wp\/v2\/product\/732412","targetHints":{"allow":["GET"]}}],"collection":[{"href":"https:\/\/nbg.eu\/mt\/wp-json\/wp\/v2\/product"}],"about":[{"href":"https:\/\/nbg.eu\/mt\/wp-json\/wp\/v2\/types\/product"}],"wp:featuredmedia":[{"embeddable":true,"href":"https:\/\/nbg.eu\/mt\/wp-json\/wp\/v2\/media\/732022"}],"wp:attachment":[{"href":"https:\/\/nbg.eu\/mt\/wp-json\/wp\/v2\/media?parent=732412"}],"wp:term":[{"taxonomy":"product_brand","embeddable":true,"href":"https:\/\/nbg.eu\/mt\/wp-json\/wp\/v2\/product_brand?post=732412"},{"taxonomy":"product_cat","embeddable":true,"href":"https:\/\/nbg.eu\/mt\/wp-json\/wp\/v2\/product_cat?post=732412"},{"taxonomy":"product_tag","embeddable":true,"href":"https:\/\/nbg.eu\/mt\/wp-json\/wp\/v2\/product_tag?post=732412"}],"curies":[{"name":"wp","href":"https:\/\/api.w.org\/{rel}","templated":true}]}}