{"id":732413,"date":"2026-03-13T17:32:11","date_gmt":"2026-03-13T14:32:11","guid":{"rendered":"https:\/\/nbg.eu\/product\/microtech-combat-troodon-lt-s-e-apocalyptic-standard-2\/"},"modified":"2026-03-30T15:30:40","modified_gmt":"2026-03-30T12:30:40","slug":"microtech-combat-troodon-lt-s-e-apocalyptic-standard-2","status":"publish","type":"product","link":"https:\/\/nbg.eu\/mt\/product\/microtech-combat-troodon-lt-s-e-apocalyptic-standard-2\/","title":{"rendered":"Microtech Combat Troodon LT S\/E Standard Apokalittiku"},"content":{"rendered":"<h2>\u0126arsa \u0121enerali<\/h2>\n<p>Il-Microtech Combat Troodon LT huwa varjant e\u0127fef tal-le\u0121\u0121endarju Combat Troodon, mibni g\u0127all-u\u017cu fid-dmir fl-infurzar tal-li\u0121i, militari, u applikazzjonijiet ta&#8217; l-ewwel rispons. Dan il-mudell fih xafra tal-punt tal-waqg\u0127a b&#8217;tarf wie\u0127ed Apocalyptic-finish fl-azzar Bohler M390MK b&#8217;tarf sempli\u010bi standard. Id-disinn mill-\u0121did tal-\u0120en III jintrodu\u010bi sistema \u0121dida ta&#8217; drivetrain tal-fjuwil doppju g\u0127al skjerament ming\u0127ajr sforz, disinn imtejjeb tal-but tal-buttuni li jimminimizza l-frizzjoni u jiffa\u010bilita l-ispostament tad-debris, u jimping aggressiv u skanalaturi tal-\u0121isem g\u0127al qabda e\u010b\u010bezzjonali f&#8217;sitwazzjonijiet tatti\u010bi.<\/p>\n<h3>Sistema ta&#8217; Drivetrain tal-Fjuwil Doppju<\/h3>\n<p>Id-drajv iddisinjat mill-\u0121did tal-Combat Troodon jippermetti skjerament ming\u0127ajr sforz f&#8217;sitwazzjonijiet kriti\u010bi u \u017carmar fa\u010bli g\u0127all-utent g\u0127all-manutenzjoni. Id-disinn b&#8217;molla doppja jimbotta x-xafra &#8216;l quddiem b&#8217;awtorit\u00e0 filwaqt li jibqa&#8217; bla xkiel biex topera.<\/p>\n<h3>Disinn imtejjeb tal-but tal-buttuni<\/h3>\n<p>Il-but tal-buttuna Gen III jimminimizza l-frizzjoni waqt it-t\u0127addim u jiffa\u010bilita l-ispostament effettiv tad-debris, u jnaqqas b&#8217;mod drammatiku l-\u0127tie\u0121a g\u0127al manutenzjoni u tindif frekwenti f&#8217;kundizzjonijiet tal-post.<\/p>\n<h3>Ergonomija Tattika<\/h3>\n<p>Jimping fil-fond u skanalaturi mit\u0127un bi pre\u010bi\u017cjoni fuq il-korp tal-manku jipprovdu xiri e\u010b\u010bezzjonali f&#8217;kundizzjonijiet imxarrba, \u017cejtnija jew ingwanti. Il-klipp tal-but tat-titanju b&#8217;detent ta\u010b-\u010beramika ji\u017cgura sigurt\u00e0 u a\u010b\u010bessibbilt\u00e0 rapida.<\/p>\n<h3>Komponenti Premium<\/h3>\n<ul>\n<li>Bohler M390MK drop point xafra b&#8217;finitura Apokalittika<\/li>\n<li>Manku tal-aluminju 6061-T6 b&#8217;in\u010bi\u017cjoni fil-fond<\/li>\n<li>Sistema ta&#8217; skjerament ta&#8217; drivetrain tal-fjuwil doppju<\/li>\n<li>Klip tal-but tat-titanju b&#8217;detent ta\u010b-\u010beramika<\/li>\n<li>Interruttur tal-\u0127\u0121ie\u0121 tal-istainless steel<\/li>\n<li>Klip tal-but riversibbli<\/li>\n<\/ul>\n<h3>Spe\u010bifikazzjonijiet<\/h3>\n<table class=\"shop_attributes\">\n<tbody>\n<tr>\n<td><strong>Tip<\/strong><\/td>\n<td>Awtomatiku minn Quddiem<\/td>\n<\/tr>\n<tr>\n<td><strong>Tul tax-xafra<\/strong><\/td>\n<td>4.00&#8243;<\/td>\n<\/tr>\n<tr>\n<td><strong>Tul \u0120enerali<\/strong><\/td>\n<td>9.50&#8243;<\/td>\n<\/tr>\n<tr>\n<td><strong>Tul tal-manku<\/strong><\/td>\n<td>5.50&#8243;<\/td>\n<\/tr>\n<tr>\n<td><strong>Azzar tax-xafra<\/strong><\/td>\n<td>Bohler M390MK<\/td>\n<\/tr>\n<tr>\n<td><strong>Materjal tal-Immani\u0121\u0121jar<\/strong><\/td>\n<td>6061-T6 Aluminju (Iswed)<\/td>\n<\/tr>\n<tr>\n<td><strong>Pi\u017c<\/strong><\/td>\n<td>~5.0 oz<\/td>\n<\/tr>\n<tr>\n<td><strong>Stil tax-xafra<\/strong><\/td>\n<td>Punt tat-Twaqg\u0127a (S\/E)<\/td>\n<\/tr>\n<tr>\n<td><strong>Finish tax-xafra<\/strong><\/td>\n<td>Apokalittiku<\/td>\n<\/tr>\n<tr>\n<td><strong>Tip tarf<\/strong><\/td>\n<td>Sempli\u010bi<\/td>\n<\/tr>\n<tr>\n<td><strong>Klip tal-but<\/strong><\/td>\n<td>Titanju b&#8217;Detent ta\u010b-\u010beramika<\/td>\n<\/tr>\n<tr>\n<td><strong>\u0126\u0121ie\u0121 Breaker<\/strong><\/td>\n<td>Stainless Steel<\/td>\n<\/tr>\n<tr>\n<td><strong>Pajji\u017c ta&#8217; Ori\u0121ini<\/strong><\/td>\n<td>L-Istati Uniti<\/td>\n<\/tr>\n<\/tbody>\n","protected":false},"excerpt":{"rendered":"<p>\u0120lieda kontra Troodon LT OTF awtomatiku b&#8217;xafra M390MK b&#8217;tarf wie\u0127ed b&#8217;finitura Apokalittika. Drivetrain tal-fjuwil doppju, clip tat-titanju, breaker tal-\u0127\u0121ie\u0121. Xafra ta&#8217; 4.00\u2033, 9.50\u2033 \u0121enerali, ~5.0 oz.<\/p>\n","protected":false},"featured_media":732026,"template":"","meta":{"_acf_changed":false},"product_brand":[15523],"product_cat":[15366,16001],"product_tag":[],"class_list":{"0":"post-732413","1":"product","2":"type-product","3":"status-publish","4":"has-post-thumbnail","6":"product_brand-microtech","7":"product_cat-knives-mt","8":"product_cat-otf-knives-mt","10":"first","11":"outofstock","12":"taxable","13":"shipping-taxable","14":"purchasable","15":"product-type-simple"},"acf":[],"_links":{"self":[{"href":"https:\/\/nbg.eu\/mt\/wp-json\/wp\/v2\/product\/732413","targetHints":{"allow":["GET"]}}],"collection":[{"href":"https:\/\/nbg.eu\/mt\/wp-json\/wp\/v2\/product"}],"about":[{"href":"https:\/\/nbg.eu\/mt\/wp-json\/wp\/v2\/types\/product"}],"wp:featuredmedia":[{"embeddable":true,"href":"https:\/\/nbg.eu\/mt\/wp-json\/wp\/v2\/media\/732026"}],"wp:attachment":[{"href":"https:\/\/nbg.eu\/mt\/wp-json\/wp\/v2\/media?parent=732413"}],"wp:term":[{"taxonomy":"product_brand","embeddable":true,"href":"https:\/\/nbg.eu\/mt\/wp-json\/wp\/v2\/product_brand?post=732413"},{"taxonomy":"product_cat","embeddable":true,"href":"https:\/\/nbg.eu\/mt\/wp-json\/wp\/v2\/product_cat?post=732413"},{"taxonomy":"product_tag","embeddable":true,"href":"https:\/\/nbg.eu\/mt\/wp-json\/wp\/v2\/product_tag?post=732413"}],"curies":[{"name":"wp","href":"https:\/\/api.w.org\/{rel}","templated":true}]}}