{"id":732415,"date":"2026-03-13T17:32:22","date_gmt":"2026-03-13T14:32:22","guid":{"rendered":"https:\/\/nbg.eu\/product\/microtech-scarab-ii-gen-iii-t-e-dlc-shadow-signature-series-2\/"},"modified":"2026-03-30T15:41:41","modified_gmt":"2026-03-30T12:41:41","slug":"microtech-scarab-ii-gen-iii-t-e-dlc-shadow-signature-series-2","status":"publish","type":"product","link":"https:\/\/nbg.eu\/mt\/product\/microtech-scarab-ii-gen-iii-t-e-dlc-shadow-signature-series-2\/","title":{"rendered":"Microtech Scarab II Gen III T\/E DLC Shadow Firma Serje"},"content":{"rendered":"<h2>\u0126arsa \u0121enerali<\/h2>\n<p>Il-Microtech Scarab II Gen III hija l-akbar sikkina OTF b&#8217;azzjoni doppja fil-lineup attwali ta&#8217; Microtech, li fiha l-usa&#8217; xafra disponibbli u tul \u0121enerali imponenti ta&#8217; 9.70 &#8220;. Dan il-varjant Black DLC Shadow fih xafra tanto miksija b&#8217;DLC fl-azzar Bohler M390MK. Il-rivoluzzjonarju b&#8217;karburant doppju tax-xafra skjerat b&#8217;mod affidabbli sfurzat bi\u017c\u017cejjed ta\u0127t l-ilma. manku b&#8217;inserzjonijiet minsu\u0121a jipprovdi qabda sikura u komda g\u0127al u\u017cu esti\u017c.<\/p>\n<h3>L-akbar OTF b&#8217;Azzjoni Doppja<\/h3>\n<p>Ji\u017cen madwar 5.9 oz b&#8217;xafra ta &#8216;kwa\u017ci 4 pulzieri, l-Scarab II jikkmanda l-awtorit\u00e0. Il-profil wiesa &#8216;tag\u0127ha tax-xafra tanto jag\u0127ti prestazzjoni ta&#8217; qtug\u0127 e\u010b\u010bezzjonali u sa\u0127\u0127a tal-ponta g\u0127al \u0127idmiet impenjattivi.<\/p>\n<h3>Dual-Fuel Drivetrain<\/h3>\n<p>Id-disinn b&#8217;molla doppja ji\u0121\u0121enera bi\u017c\u017cejjed forza biex tiskjera x-xafra b&#8217;mod affidabbli anki mg\u0127addsa fl-ilma, u b&#8217;hekk is-Scarab II ikun wie\u0127ed mill-aktar skieken OTF affidabbli li qatt \u0121ew prodotti.<\/p>\n<h3>Disinn tal-Porting ta&#8217; wara<\/h3>\n<p>Porting ta&#8217; wara mfassal b&#8217;mod ma\u0127sub jippermetti li s-sikkina tinfeta\u0127 ming\u0127ajr sforz anke f&#8217;kundizzjonijiet diffi\u010bli, b&#8217;qatg\u0127at ta&#8217; \u0127elsien fix-xafra u fit-tarf tal-butt g\u0127al disinn flow-through.<\/p>\n<h3>Komponenti Premium<\/h3>\n<ul>\n<li>Bohler M390MK wiesg\u0127a tanto xafra<\/li>\n<li>6061-T6 manku tal-kontorn tal-aluminju<\/li>\n<li>Dual-fjuwil drivetrain b&#8217;kapa\u010bit\u00e0 ta&#8217; skjerament ta\u0127t l-ilma<\/li>\n<li>Inserzjonijiet tal-qabda b&#8217;tessut g\u0127al trazzjoni msa\u0127\u0127a<\/li>\n<li>Porting fuq wara g\u0127al t\u0127addim affidabbli<\/li>\n<li>Disinn flow-through b&#8217;qatg\u0127at ta&#8217; \u0127elsien<\/li>\n<li>\u0126ardwer miksi b&#8217;DLC u clip tal-but<\/li>\n<li>Logo ta&#8217; Scarab imnaqqax fil-fond tas-Serje tal-Firem<\/li>\n<\/ul>\n<h3>Spe\u010bifikazzjonijiet<\/h3>\n<table class=\"shop_attributes\">\n<tbody>\n<tr>\n<td><strong>Tip<\/strong><\/td>\n<td>Awtomatiku minn Quddiem<\/td>\n<\/tr>\n<tr>\n<td><strong>Tul tax-xafra<\/strong><\/td>\n<td>3.95&#8243;<\/td>\n<\/tr>\n<tr>\n<td><strong>Tul \u0120enerali<\/strong><\/td>\n<td>9.70&#8243;<\/td>\n<\/tr>\n<tr>\n<td><strong>Azzar tax-xafra<\/strong><\/td>\n<td>Bohler M390MK (Miksija DLC)<\/td>\n<\/tr>\n<tr>\n<td><strong>Materjal tal-Immani\u0121\u0121jar<\/strong><\/td>\n<td>Aluminju 6061-T6 (Swed DLC Shadow)<\/td>\n<\/tr>\n<tr>\n<td><strong>Pi\u017c<\/strong><\/td>\n<td>~5.9 oz<\/td>\n<\/tr>\n<tr>\n<td><strong>Stil tax-xafra<\/strong><\/td>\n<td>Tanto (T\/E)<\/td>\n<\/tr>\n<tr>\n<td><strong>Finish tax-xafra<\/strong><\/td>\n<td>DLC Shadow<\/td>\n<\/tr>\n<tr>\n<td><strong>\u0126ardwer<\/strong><\/td>\n<td>DLC Miksija<\/td>\n<\/tr>\n<tr>\n<td><strong>Tip tarf<\/strong><\/td>\n<td>Sempli\u010bi<\/td>\n<\/tr>\n<tr>\n<td><strong>Serje<\/strong><\/td>\n<td>Serje tal-Firem<\/td>\n<\/tr>\n<tr>\n<td><strong>Pajji\u017c ta&#8217; Ori\u0121ini<\/strong><\/td>\n<td>L-Istati Uniti<\/td>\n<\/tr>\n<\/tbody>\n","protected":false},"excerpt":{"rendered":"<p>Scarab II Gen III Signature Series b&#8217;finitura s\u0127i\u0127a DLC Shadow \u2013 Xafra tanto M390MK miksija b&#8217;DLC, hardware DLC, u manku iswed tal-aluminju. L-akbar OTF ta\u2019 Microtech. 3.95\u2033 xafra, 9.70\u2033 \u0121enerali.<\/p>\n","protected":false},"featured_media":732032,"template":"","meta":{"_acf_changed":false},"product_brand":[15523],"product_cat":[15366,16001],"product_tag":[],"class_list":{"0":"post-732415","1":"product","2":"type-product","3":"status-publish","4":"has-post-thumbnail","6":"product_brand-microtech","7":"product_cat-knives-mt","8":"product_cat-otf-knives-mt","10":"first","11":"outofstock","12":"taxable","13":"shipping-taxable","14":"purchasable","15":"product-type-simple"},"acf":[],"_links":{"self":[{"href":"https:\/\/nbg.eu\/mt\/wp-json\/wp\/v2\/product\/732415","targetHints":{"allow":["GET"]}}],"collection":[{"href":"https:\/\/nbg.eu\/mt\/wp-json\/wp\/v2\/product"}],"about":[{"href":"https:\/\/nbg.eu\/mt\/wp-json\/wp\/v2\/types\/product"}],"wp:featuredmedia":[{"embeddable":true,"href":"https:\/\/nbg.eu\/mt\/wp-json\/wp\/v2\/media\/732032"}],"wp:attachment":[{"href":"https:\/\/nbg.eu\/mt\/wp-json\/wp\/v2\/media?parent=732415"}],"wp:term":[{"taxonomy":"product_brand","embeddable":true,"href":"https:\/\/nbg.eu\/mt\/wp-json\/wp\/v2\/product_brand?post=732415"},{"taxonomy":"product_cat","embeddable":true,"href":"https:\/\/nbg.eu\/mt\/wp-json\/wp\/v2\/product_cat?post=732415"},{"taxonomy":"product_tag","embeddable":true,"href":"https:\/\/nbg.eu\/mt\/wp-json\/wp\/v2\/product_tag?post=732415"}],"curies":[{"name":"wp","href":"https:\/\/api.w.org\/{rel}","templated":true}]}}