{"id":732421,"date":"2026-03-13T17:33:09","date_gmt":"2026-03-13T14:33:09","guid":{"rendered":"https:\/\/nbg.eu\/product\/microtech-msi-s-e-black-standard-frag-aluminum-od-green-2\/"},"modified":"2026-03-16T12:51:18","modified_gmt":"2026-03-16T09:51:18","slug":"microtech-msi-s-e-black-standard-frag-aluminum-od-green-2","status":"publish","type":"product","link":"https:\/\/nbg.eu\/mt\/product\/microtech-msi-s-e-black-standard-frag-aluminum-od-green-2\/","title":{"rendered":"Microtech MSI S\/E Iswed Standard Frag Aluminju OD Paper"},"content":{"rendered":"<h2>\u0126arsa \u0121enerali<\/h2>\n<p>Il-Microtech MSI (Microtech Standard Issue) tirrappre\u017centa l-qu\u010b\u010bata tal-in\u0121inerija tal-folders manwali ta&#8217; Microtech, li tg\u0127aqqad utilit\u00e0 heavy-duty ma&#8217; disinn raffinat. Dan il-varjant OD Green Frag g\u0127andu xafra b&#8217;tarf wie\u0127ed iswed M390MK b&#8217;\u017cew\u0121 kuluri f&#8217;manku distintiv tal-aluminju b&#8217;disinji fram li jipprovdi kemm distinzjoni vi\u017cwali kif ukoll nis\u0121a tal-qabda msa\u0127\u0127a. Il-mekkani\u017cmu tal-qfil tal-bar RAM-LOK jag\u0127ti lokk solidu tal-blat b&#8217;g\u0127eluq ambidestru b&#8217;sikurezza tas-swaba&#8217;, filwaqt li l-buttuna X ikonika fuq i\u017c-\u017cew\u0121 na\u0127at \u017c\u017cid touch ta&#8217; Microtech firma.<\/p>\n<h3>Sistema ta&#8217; Lock Bar RAM-LOK<\/h3>\n<p>Sistema ta &#8216;qfil ta&#8217; stil crossbar li tu\u017ca billetta ta &#8216;l-azzar solidu misjuqa minn molla wa\u0127da koljata, li tipprovdi aktar durabilit\u00e0 u mod sigur g\u0127as-swaba&#8217; biex tag\u0127laq is-sikkina minn kull na\u0127a. Ir-RAM-LOK huwa wie\u0127ed mill-mekkani\u017cmi ta&#8217; lock tal-folder manwali l-aktar b&#8217;sa\u0127\u0127ithom u affidabbli disponibbli.<\/p>\n<h3>Manku tal-Aluminju Frag-Pattern<\/h3>\n<p>Il-mudell aggressiv tat-t\u0127in tal-frag ma\u0127dum fil-manku tal-aluminju 6061-T6 jo\u0127loq kemm titjib tal-qabda tattika estetika u funzjonali distintiv. Pjan\u010bi tal-inforra tal-azzar imwebbes i\u017cidu ri\u0121idit\u00e0 strutturali.<\/p>\n<h3>Butuna X Ikoniku<\/h3>\n<p>Il-Butuna X tal-firma tal-MSI fuq i\u017c-\u017cew\u0121 na\u0127at tal-manku tipprovdi element vi\u017cwali distintiv filwaqt li sservi b\u0127ala punt ta&#8217; referenza tal-mess g\u0127all-orjentazzjoni tal-qabda.<\/p>\n<h3>Komponenti Premium<\/h3>\n<ul>\n<li>Xafra b&#8217;xifer wie\u0127ed Bohler M390MK<\/li>\n<li>Od Green frag-pattern 6061-T6 manku tal-aluminju<\/li>\n<li>Pjan\u010bi tal-inforra tal-azzar imwebbes<\/li>\n<li>Mekkani\u017cmu tal-illokkjar tal-crossbar RAM-LOK<\/li>\n<li>Backspacer tat-titanju<\/li>\n<li>Klip tal-but riversibbli g\u0127all-\u0121arr fuq ix-xellug<\/li>\n<li>Butuna X Ikonika (i\u017c-\u017cew\u0121 na\u0127at)<\/li>\n<\/ul>\n<h3>Spe\u010bifikazzjonijiet<\/h3>\n<table class=\"shop_attributes\">\n<tbody>\n<tr>\n<td><strong>Tip<\/strong><\/td>\n<td>Folder manwali<\/td>\n<\/tr>\n<tr>\n<td><strong>Tul tax-xafra<\/strong><\/td>\n<td>3.88&#8243;<\/td>\n<\/tr>\n<tr>\n<td><strong>Tul \u0120enerali<\/strong><\/td>\n<td>8.93&#8243;<\/td>\n<\/tr>\n<tr>\n<td><strong>\u0126xuna tax-xafra<\/strong><\/td>\n<td>0.16&#8243;<\/td>\n<\/tr>\n<tr>\n<td><strong>Azzar tax-xafra<\/strong><\/td>\n<td>Bohler M390MK<\/td>\n<\/tr>\n<tr>\n<td><strong>Materjal tal-Immani\u0121\u0121jar<\/strong><\/td>\n<td>Aluminju 6061-T6, Disinn Frag (OD Green)<\/td>\n<\/tr>\n<tr>\n<td><strong>Pi\u017c<\/strong><\/td>\n<td>5.00 oz<\/td>\n<\/tr>\n<tr>\n<td><strong>Lock<\/strong><\/td>\n<td>RAM-LOK Bar Lock<\/td>\n<\/tr>\n<tr>\n<td><strong>Stil tax-xafra<\/strong><\/td>\n<td>Xfer Uniku (S\/E)<\/td>\n<\/tr>\n<tr>\n<td><strong>Finish tax-xafra<\/strong><\/td>\n<td>Iswed (\u017bew\u0121 Toni)<\/td>\n<\/tr>\n<tr>\n<td><strong>Tip tarf<\/strong><\/td>\n<td>Sempli\u010bi<\/td>\n<\/tr>\n<tr>\n<td><strong>Pajji\u017c ta&#8217; Ori\u0121ini<\/strong><\/td>\n<td>L-Istati Uniti<\/td>\n<\/tr>\n<\/tbody>\n","protected":false},"excerpt":{"rendered":"<p>Folder manwali MSI (Microtech Standard Issue) f&#8217;aluminju OD Green Frag b&#8217;xafra M390MK b&#8217;tarf wie\u0127ed iswed b&#8217;\u017cew\u0121 kuluri. RAM-LOK bar lock b&#8217;X Button emblematika. Xafra ta&#8217; 3.88\u2033, 8.93\u2033 \u0121enerali, 5.0 oz.<\/p>\n","protected":false},"featured_media":732056,"template":"","meta":{"_acf_changed":false},"product_brand":[15523],"product_cat":[15387,15366],"product_tag":[],"class_list":{"0":"post-732421","1":"product","2":"type-product","3":"status-publish","4":"has-post-thumbnail","6":"product_brand-microtech","7":"product_cat-folding-knives-mt","8":"product_cat-knives-mt","10":"first","11":"instock","12":"taxable","13":"shipping-taxable","14":"purchasable","15":"product-type-simple"},"acf":[],"_links":{"self":[{"href":"https:\/\/nbg.eu\/mt\/wp-json\/wp\/v2\/product\/732421","targetHints":{"allow":["GET"]}}],"collection":[{"href":"https:\/\/nbg.eu\/mt\/wp-json\/wp\/v2\/product"}],"about":[{"href":"https:\/\/nbg.eu\/mt\/wp-json\/wp\/v2\/types\/product"}],"wp:featuredmedia":[{"embeddable":true,"href":"https:\/\/nbg.eu\/mt\/wp-json\/wp\/v2\/media\/732056"}],"wp:attachment":[{"href":"https:\/\/nbg.eu\/mt\/wp-json\/wp\/v2\/media?parent=732421"}],"wp:term":[{"taxonomy":"product_brand","embeddable":true,"href":"https:\/\/nbg.eu\/mt\/wp-json\/wp\/v2\/product_brand?post=732421"},{"taxonomy":"product_cat","embeddable":true,"href":"https:\/\/nbg.eu\/mt\/wp-json\/wp\/v2\/product_cat?post=732421"},{"taxonomy":"product_tag","embeddable":true,"href":"https:\/\/nbg.eu\/mt\/wp-json\/wp\/v2\/product_tag?post=732421"}],"curies":[{"name":"wp","href":"https:\/\/api.w.org\/{rel}","templated":true}]}}