{"id":732422,"date":"2026-03-13T17:33:16","date_gmt":"2026-03-13T14:33:16","guid":{"rendered":"https:\/\/nbg.eu\/product\/microtech-dirac-delta-d-e-dlc-shadow-signature-series-2\/"},"modified":"2026-03-30T15:46:26","modified_gmt":"2026-03-30T12:46:26","slug":"microtech-dirac-delta-d-e-dlc-shadow-signature-series-2","status":"publish","type":"product","link":"https:\/\/nbg.eu\/mt\/product\/microtech-dirac-delta-d-e-dlc-shadow-signature-series-2\/","title":{"rendered":"Microtech Dirac Delta D\/E DLC Shadow Firma Serje"},"content":{"rendered":"<h2>\u0126arsa \u0121enerali<\/h2>\n<p>Il-Microtech Dirac Delta D\/E DLC Shadow huwa varjant tas-Serje tal-Firma tal-OTF awtomatiku innovattiv top-fire ta&#8217; Microtech. Disinn wara l-pijunier Dirac, id-Delta g\u0127andu l-istess chassis ergonomiku u mekkani\u017cmu intern innovattiv f&#8217;daqs aktar robust, b&#8217;din l-edizzjoni Shadow li fiha kisi DLC (Diamond-Like Carbon) komplut fuq ix-xafra tas-sejf M390MK, manku tal-aluminju, \u0127ardwer, u clip tal-but. Il-buttuna ta&#8217; l-isparar immuntata fuq nett li tiddefinixxi tippermetti l-iskjerament u l-irtirar intuwittivi u ambidestri tax-xafra b&#8217;moviment naturali tal-kbir.<\/p>\n<h3>Butuna ta&#8217; l-Isparar Mmuntata minn fuq<\/h3>\n<p>B&#8217;differenza minn skieken OTF li jisparaw mill-\u0121enb, il-buttuna immuntata fuq il-qoxra tad-Dirac Delta tippermetti ag\u0127fas tal-kbir naturali u intuwittivi g\u0127all-iskjerament u l-irtirar tax-xafra. Id-disinn jippermetti operazzjoni ambidestra vera ming\u0127ajr ma ter\u0121a&#8217; tpo\u0121\u0121i l-idejn.<\/p>\n<h3>Chassis Ergonomiku Ispirat minn HALO<\/h3>\n<p>Ix-chassis tad-Dirac Delta g\u0127andu linji mg\u0127aw\u0121a ispirati mill-Microtech HALO le\u0121\u0121endarju, li jo\u0127loq sensazzjoni distintiva fl-idejn li tiddistingwiha minn disinji OTF tradizzjonali b&#8217;\u0121enb dritti.<\/p>\n<h3>DLC Shadow Finish<\/h3>\n<p>Il-kisja kompluta tal-Karbonju B\u0127ad-Djamant fuq l-u\u010bu\u0127 kollha tipprovdi ebusija estrema, re\u017cistenza g\u0127all-ilbies, u estetika sleek blacked-out. Il-finitura DLC \u017c\u017cid ukoll saff ta &#8216;protezzjoni kontra l-korru\u017cjoni lil hinn mill-azzar M390MK di\u0121\u00e0 re\u017cistenti.<\/p>\n<h3>Komponenti Premium<\/h3>\n<ul>\n<li>Bohler M390MK xafra tas-sejf doppju b&#8217;kisja DLC<\/li>\n<li>Manku tal-aluminju 6061-T6 b&#8217;finitura DLC Shadow<\/li>\n<li>\u0126ardwer miksi b&#8217;DLC u clip tal-but<\/li>\n<li>Butuna ta&#8217; l-isparar immuntata minn fuq g\u0127al t\u0127addim ambidestru<\/li>\n<li>Interruttur tal-\u0127\u0121ie\u0121 integrat<\/li>\n<li>Denominazzjoni tas-Serje tal-Firem<\/li>\n<\/ul>\n<h3>Spe\u010bifikazzjonijiet<\/h3>\n<table class=\"shop_attributes\">\n<tbody>\n<tr>\n<td><strong>Tip<\/strong><\/td>\n<td>Awtomatiku minn Quddiem<\/td>\n<\/tr>\n<tr>\n<td><strong>Tul tax-xafra<\/strong><\/td>\n<td>3.79&#8243;<\/td>\n<\/tr>\n<tr>\n<td><strong>Tul \u0120enerali<\/strong><\/td>\n<td>9.40&#8243;<\/td>\n<\/tr>\n<tr>\n<td><strong>Tul tal-manku<\/strong><\/td>\n<td>5.50&#8243;<\/td>\n<\/tr>\n<tr>\n<td><strong>Azzar tax-xafra<\/strong><\/td>\n<td>Bohler M390MK (Miksija DLC)<\/td>\n<\/tr>\n<tr>\n<td><strong>Materjal tal-Immani\u0121\u0121jar<\/strong><\/td>\n<td>6061-T6 Aluminju (DLC Shadow)<\/td>\n<\/tr>\n<tr>\n<td><strong>Pi\u017c<\/strong><\/td>\n<td>4.60 oz<\/td>\n<\/tr>\n<tr>\n<td><strong>Stil tax-xafra<\/strong><\/td>\n<td>Dagger\/Doppju Xifer (D\/E)<\/td>\n<\/tr>\n<tr>\n<td><strong>Finish tax-xafra<\/strong><\/td>\n<td>DLC Shadow<\/td>\n<\/tr>\n<tr>\n<td><strong>\u0126ardwer<\/strong><\/td>\n<td>DLC Miksija<\/td>\n<\/tr>\n<tr>\n<td><strong>Tip tarf<\/strong><\/td>\n<td>Sempli\u010bi<\/td>\n<\/tr>\n<tr>\n<td><strong>Serje<\/strong><\/td>\n<td>Serje tal-Firem<\/td>\n<\/tr>\n<tr>\n<td><strong>Pajji\u017c ta&#8217; Ori\u0121ini<\/strong><\/td>\n<td>L-Istati Uniti<\/td>\n<\/tr>\n<\/tbody>\n","protected":false},"excerpt":{"rendered":"<p>Dirac Delta Signature Series OTF awtomatika b&#8217;finitura s\u0127i\u0127a DLC Shadow &#8211; Xafra ta&#8217; sejf M390MK b&#8217;tarf doppju miksi b&#8217;DLC u manku tal-aluminju DLC. Buttuna tal-isparar immuntata fuq il-fuq. Xafra ta&#8217; 3.79\u2033, 9.40\u2033 \u0121enerali, 4.6 oz.<\/p>\n","protected":false},"featured_media":732060,"template":"","meta":{"_acf_changed":false},"product_brand":[15523],"product_cat":[15366,16001],"product_tag":[],"class_list":{"0":"post-732422","1":"product","2":"type-product","3":"status-publish","4":"has-post-thumbnail","6":"product_brand-microtech","7":"product_cat-knives-mt","8":"product_cat-otf-knives-mt","10":"first","11":"outofstock","12":"taxable","13":"shipping-taxable","14":"purchasable","15":"product-type-simple"},"acf":[],"_links":{"self":[{"href":"https:\/\/nbg.eu\/mt\/wp-json\/wp\/v2\/product\/732422","targetHints":{"allow":["GET"]}}],"collection":[{"href":"https:\/\/nbg.eu\/mt\/wp-json\/wp\/v2\/product"}],"about":[{"href":"https:\/\/nbg.eu\/mt\/wp-json\/wp\/v2\/types\/product"}],"wp:featuredmedia":[{"embeddable":true,"href":"https:\/\/nbg.eu\/mt\/wp-json\/wp\/v2\/media\/732060"}],"wp:attachment":[{"href":"https:\/\/nbg.eu\/mt\/wp-json\/wp\/v2\/media?parent=732422"}],"wp:term":[{"taxonomy":"product_brand","embeddable":true,"href":"https:\/\/nbg.eu\/mt\/wp-json\/wp\/v2\/product_brand?post=732422"},{"taxonomy":"product_cat","embeddable":true,"href":"https:\/\/nbg.eu\/mt\/wp-json\/wp\/v2\/product_cat?post=732422"},{"taxonomy":"product_tag","embeddable":true,"href":"https:\/\/nbg.eu\/mt\/wp-json\/wp\/v2\/product_tag?post=732422"}],"curies":[{"name":"wp","href":"https:\/\/api.w.org\/{rel}","templated":true}]}}