{"id":732423,"date":"2026-03-13T17:33:20","date_gmt":"2026-03-13T14:33:20","guid":{"rendered":"https:\/\/nbg.eu\/product\/microtech-6-utility-knife-stonewash-titanium-bolster-black-g-10\/"},"modified":"2026-03-16T12:51:31","modified_gmt":"2026-03-16T09:51:31","slug":"microtech-6-utility-knife-stonewash-titanium-bolster-black-g-10","status":"publish","type":"product","link":"https:\/\/nbg.eu\/mt\/product\/microtech-6-utility-knife-stonewash-titanium-bolster-black-g-10\/","title":{"rendered":"Microtech 6&#8243; Utilit\u00e0 sikkina Stonewash Titanju Bolster Iswed G-10"},"content":{"rendered":"<h2>\u0126arsa \u0121enerali<\/h2>\n<p>Is-sikkina ta &#8216;utilit\u00e0 Microtech 6&#8243; \u0121\u0121ib l-istess in\u0121inerija ta&#8217; kwalit\u00e0 u pre\u010bi\u017cjoni ming\u0127ajr kompromessi li tinsab fis-skieken tatti\u010bi ta &#8216;Microtech g\u0127ad-dinja kulinari. Din is-sikkina ta&#8217; utilit\u00e0 tg\u0127aqqad id-distakk bejn sikkina tal-qtug\u0127 u sikkina tal-kok bl-M390MK 6 pulzieri irqiq i\u017cda b&#8217;sa\u0127\u0127tu tag\u0127ha M390MK, frott tajjeb, mo\u0127mi u frott tajjeb. kbir wisq g\u0127al skieken i\u017cg\u0127ar Il-finitura tal-stonewash tipprovdi wi\u010b\u010b ta&#8217; dawl baxx li ma jdumx ma&#8217; l-ikel b&#8217;re\u017cistenza e\u010b\u010bellenti g\u0127all-korru\u017cjoni, filwaqt li l-bolsters tat-titanju u l-manku iswed G-10 jag\u0127tu qabda ta&#8217; grad professjonali li tibqa&#8217; sigura anki meta tkun imxarrba.<\/p>\n<h3>Xafra Kulinarja M390MK<\/h3>\n<p>L-istess azzar Bohler M390MK u\u017cat fis-skieken tatti\u010bi ta&#8217; Microtech jag\u0127ti \u017camma tat-tarf li jaqtg\u0127u l-le\u0127ja, re\u017cistenza e\u010b\u010bezzjonali g\u0127all-korru\u017cjoni, u sann mill-\u0121did fa\u010bli g\u0127al snin ta&#8217; u\u017cu professjonali tal-k\u010bina.<\/p>\n<h3>Kostruzzjoni tat-Titanju Bolster<\/h3>\n<p>Bosters tat-titanju 6AL-4V bla \u017cibe\u0121 jipprovdu sensazzjoni komda u bilan\u010bjata bi tran\u017cizzjoni naturali bejn il-manku u x-xafra. It-titanju ma j\u017cid prattikament l-ebda pi\u017c filwaqt li jipprovdi durabilit\u00e0 e\u010b\u010bezzjonali.<\/p>\n<h3>G-10 Immani\u0121\u0121ja Mwie\u017cen<\/h3>\n<p>L-imwie\u017cen tal-manku kompost iswed G-10 huma re\u017cistenti g\u0127all-umdit\u00e0, is-s\u0127ana u l-kimi\u010bi li jinsabu fil-k\u010bejjen professjonali, u ji\u017cguraw wi\u010b\u010b tal-qabda i\u0121jeniku u durabbli.<\/p>\n<h3>Komponenti Premium<\/h3>\n<ul>\n<li>Xafra Bohler M390MK b&#8217;finitura \u010batta u stonewash<\/li>\n<li>Bosters tat-titanju 6AL-4V bla xoffa<\/li>\n<li>Imwie\u017cen tal-manku G-10 iswed<\/li>\n<li>Kostruzzjoni re\u017cistenti g\u0127all-korru\u017cjoni sikura g\u0127all-ikel<\/li>\n<li>Garanzija tul il-\u0127ajja<\/li>\n<\/ul>\n<h3>Spe\u010bifikazzjonijiet<\/h3>\n<table class=\"shop_attributes\">\n<tbody>\n<tr>\n<td><strong>Tip<\/strong><\/td>\n<td>Xafra Fiss (Kulinari)<\/td>\n<\/tr>\n<tr>\n<td><strong>Tul tax-xafra<\/strong><\/td>\n<td>6.00&#8243;<\/td>\n<\/tr>\n<tr>\n<td><strong>Tul \u0120enerali<\/strong><\/td>\n<td>10.54&#8243;<\/td>\n<\/tr>\n<tr>\n<td><strong>Azzar tax-xafra<\/strong><\/td>\n<td>Bohler M390MK<\/td>\n<\/tr>\n<tr>\n<td><strong>Finish tax-xafra<\/strong><\/td>\n<td>\u0126asil tal-\u0121ebel<\/td>\n<\/tr>\n<tr>\n<td><strong>Blade It\u0127an<\/strong><\/td>\n<td>Flat<\/td>\n<\/tr>\n<tr>\n<td><strong>Materjal tal-Immani\u0121\u0121jar<\/strong><\/td>\n<td>Iswed G-10 b&#8217;Titanju Bolsters<\/td>\n<\/tr>\n<tr>\n<td><strong>Materjal tal-Bolster<\/strong><\/td>\n<td>Blasted 6AL-4V Titanju<\/td>\n<\/tr>\n<tr>\n<td><strong>Pi\u017c<\/strong><\/td>\n<td>4.54 oz<\/td>\n<\/tr>\n<tr>\n<td><strong>Pajji\u017c ta&#8217; Ori\u0121ini<\/strong><\/td>\n<td>L-Istati Uniti<\/td>\n<\/tr>\n<\/tbody>\n","protected":false},"excerpt":{"rendered":"<p>Sikkina ta&#8217; utilit\u00e0 kulinari Microtech 6\u2033 b&#8217;xafra stonewash M390MK, bolsters tat-titanju, u manku iswed G-10. Tnaqqas id-distakk bejn il-paring u s-sikkina tal-kok. Xafra ta&#8217; 6.00\u2033, 10.54\u2033 \u0121enerali, 4.54 oz.<\/p>\n","protected":false},"featured_media":732424,"template":"","meta":{"_acf_changed":false},"product_brand":[15523],"product_cat":[15865,15366],"product_tag":[],"class_list":{"0":"post-732423","1":"product","2":"type-product","3":"status-publish","4":"has-post-thumbnail","6":"product_brand-microtech","7":"product_cat-fixed-blade-knives-mt","8":"product_cat-knives-mt","10":"first","11":"outofstock","12":"taxable","13":"shipping-taxable","14":"purchasable","15":"product-type-simple"},"acf":[],"_links":{"self":[{"href":"https:\/\/nbg.eu\/mt\/wp-json\/wp\/v2\/product\/732423","targetHints":{"allow":["GET"]}}],"collection":[{"href":"https:\/\/nbg.eu\/mt\/wp-json\/wp\/v2\/product"}],"about":[{"href":"https:\/\/nbg.eu\/mt\/wp-json\/wp\/v2\/types\/product"}],"wp:featuredmedia":[{"embeddable":true,"href":"https:\/\/nbg.eu\/mt\/wp-json\/wp\/v2\/media\/732424"}],"wp:attachment":[{"href":"https:\/\/nbg.eu\/mt\/wp-json\/wp\/v2\/media?parent=732423"}],"wp:term":[{"taxonomy":"product_brand","embeddable":true,"href":"https:\/\/nbg.eu\/mt\/wp-json\/wp\/v2\/product_brand?post=732423"},{"taxonomy":"product_cat","embeddable":true,"href":"https:\/\/nbg.eu\/mt\/wp-json\/wp\/v2\/product_cat?post=732423"},{"taxonomy":"product_tag","embeddable":true,"href":"https:\/\/nbg.eu\/mt\/wp-json\/wp\/v2\/product_tag?post=732423"}],"curies":[{"name":"wp","href":"https:\/\/api.w.org\/{rel}","templated":true}]}}