{"id":733650,"date":"2026-03-24T13:39:54","date_gmt":"2026-03-24T10:39:54","guid":{"rendered":"https:\/\/nbg.eu\/product\/bergara-b14-wild-sierra-20-308-win\/"},"modified":"2026-04-02T14:29:59","modified_gmt":"2026-04-02T11:29:59","slug":"bergara-b14-wild-sierra-20-308-win","status":"publish","type":"product","link":"https:\/\/nbg.eu\/mt\/product\/bergara-b14-wild-sierra-20-308-win\/","title":{"rendered":"Bergara B14 Wild Sierra 20&#8243; .308 Win"},"content":{"rendered":"<h2>Bergara B14 Wild Sierra 20&#8243; .308 Win<\/h2>\n<p>Il-Bergara B14 Wild Sierra fil-kalibru .308 Win b&#8217;barmil ta&#8217; 20&#8243; huwa fucil bolt-action g\u0127all-ka\u010b\u010batur u t-tiratur tattiku. Jg\u0127aqqad teknolo\u0121ija ta&#8217; pre\u010bi\u017cjoni ma&#8217; materjali durevoli u erguonomija e\u010b\u010bellenti.<\/p>\n<h3>Stokk innovattiv a\u0121\u0121ustabbli<\/h3>\n<p>L-istokk g\u0127andu appo\u0121\u0121 tal-\u0127addiem a\u0121\u0121ustabbli u po\u017cizzjoni tal-ma\u0121a\u017cin tat-tip AICS g\u0127al bidliet affidabbli u rapidi. Id-disinn ergunomiku ji\u017cgura comfort waqt it-tiri f&#8217;po\u017cizzjonijiet differenti.<\/p>\n<h3>Kisja protettiva Cerakote<\/h3>\n<p>Il-barmil u l-bolt g\u0127andhom kisja Graphite Black Cerakote li toffri re\u017cistenza e\u010b\u010bezzjonali g\u0127as-sadid u l-u\u017cura. Il-kisja tirre\u017cisti kundizzjonijiet klimati\u010bi estremi.<\/p>\n<h3>Frena tal-imblokk Omni installata minn qabel<\/h3>\n<p>Il-fucil ji\u0121i fornit b&#8217;frena tal-imblokk Omni installata minn qabel fuq filettatura 5\/8-24 UNEF, li tnaqqas b&#8217;mod sinifikanti r-re\u010bess u ttejjeb il-pre\u010bi\u017cjoni fit-tiri rapidi.<\/p>\n<table>\n<tbody>\n<tr>\n<td>Kalibru<\/td>\n<td>.308 Winchester<\/td>\n<\/tr>\n<tr>\n<td>Mekkani\u017cmu<\/td>\n<td>Bolt Action (B14)<\/td>\n<\/tr>\n<tr>\n<td>Materjal tal-kanna<\/td>\n<td>4140 CrMo Steel, Graphite Black Cerakote<\/td>\n<\/tr>\n<tr>\n<td>Tul tal-kanna<\/td>\n<td>20&#8243; (51 cm)<\/td>\n<\/tr>\n<tr>\n<td>Dijametru tal-kanna<\/td>\n<td>17.5 mm<\/td>\n<\/tr>\n<tr>\n<td>Pass tar-rigatura<\/td>\n<td>1:10&#8243;<\/td>\n<\/tr>\n<tr>\n<td>Filettatura tal-\u0127alq<\/td>\n<td>5\/8-24 UNEF<\/td>\n<\/tr>\n<tr>\n<td>Tul totali<\/td>\n<td>103 cm<\/td>\n<\/tr>\n<tr>\n<td>Pi\u017c<\/td>\n<td>3.2 kg<\/td>\n<\/tr>\n<tr>\n<td>Maga\u017cin<\/td>\n<td>5-round AICS detachable<\/td>\n<\/tr>\n<tr>\n<td>Apparat tal-\u0127alq<\/td>\n<td>Omni Muzzle Brake (included)<\/td>\n<\/tr>\n<tr>\n<td>Manifattur<\/td>\n<td>Bergara, Spain<\/td>\n<\/tr>\n<\/tbody>\n<\/table>\n","protected":false},"excerpt":{"rendered":"<p>Bergara B14 Wild Sierra f&#8217;.308 Win hija karabina kompatta b&#8217;bolt b&#8217;kanna ta&#8217; 20&#8243; b&#8217;Cerakote, appo\u0121\u0121 tal-\u0127add a\u0121\u0121ustabbli u sistema tal-maga\u017cin AICS. Omni Muzzle Brake inklu\u017c.<\/p>\n","protected":false},"featured_media":733651,"template":"","meta":{"_acf_changed":false},"product_brand":[16018],"product_cat":[16052,14158],"product_tag":[],"class_list":{"0":"post-733650","1":"product","2":"type-product","3":"status-publish","4":"has-post-thumbnail","6":"product_brand-bergara","7":"product_cat-bolt-action-rifles-mt","8":"product_cat-rifle","10":"first","11":"instock","12":"taxable","13":"shipping-taxable","14":"product-type-simple"},"acf":[],"_links":{"self":[{"href":"https:\/\/nbg.eu\/mt\/wp-json\/wp\/v2\/product\/733650","targetHints":{"allow":["GET"]}}],"collection":[{"href":"https:\/\/nbg.eu\/mt\/wp-json\/wp\/v2\/product"}],"about":[{"href":"https:\/\/nbg.eu\/mt\/wp-json\/wp\/v2\/types\/product"}],"wp:featuredmedia":[{"embeddable":true,"href":"https:\/\/nbg.eu\/mt\/wp-json\/wp\/v2\/media\/733651"}],"wp:attachment":[{"href":"https:\/\/nbg.eu\/mt\/wp-json\/wp\/v2\/media?parent=733650"}],"wp:term":[{"taxonomy":"product_brand","embeddable":true,"href":"https:\/\/nbg.eu\/mt\/wp-json\/wp\/v2\/product_brand?post=733650"},{"taxonomy":"product_cat","embeddable":true,"href":"https:\/\/nbg.eu\/mt\/wp-json\/wp\/v2\/product_cat?post=733650"},{"taxonomy":"product_tag","embeddable":true,"href":"https:\/\/nbg.eu\/mt\/wp-json\/wp\/v2\/product_tag?post=733650"}],"curies":[{"name":"wp","href":"https:\/\/api.w.org\/{rel}","templated":true}]}}