{"id":734275,"date":"2026-03-24T13:40:16","date_gmt":"2026-03-24T10:40:16","guid":{"rendered":"https:\/\/nbg.eu\/product\/magazin-bergara-b14-aics-7-prc-5-tiri\/"},"modified":"2026-04-03T15:50:50","modified_gmt":"2026-04-03T12:50:50","slug":"magazin-bergara-b14-aics-7-prc-5-tiri","status":"publish","type":"product","link":"https:\/\/nbg.eu\/mt\/product\/magazin-bergara-b14-aics-7-prc-5-tiri\/","title":{"rendered":"Arju Accurate-Mag AICS 7 PRC Azzjoni Fit-Tul 5-Ru\u0127"},"content":{"rendered":"<h2>Accurate-Mag AICS .300 Win Mag \u2014 maga\u017cin 5 tiri<\/h2>\n<p>Il-maga\u017cin Accurate-Mag AICS huwa maga\u017cin li jitne\u0127\u0127a ta&#8217; kwalit\u00e0 OEM g\u0127al kalibri magnum long-action. U\u017cat minn Colt, Savage, Ruger u Remington \u2014 standard industrijali g\u0127al sistemi AICS.<\/p>\n<h3>Kostruzzjoni premium<\/h3>\n<p>Mag\u0127mul mill-azzar, ittrattat bis-s\u0127ana u miksi b&#8217;teflon. Disinn SSSF ji\u017cgura alimentazzjoni konsistenti.<\/p>\n<h3>Kompatibbilt\u00e0 AICS universali<\/h3>\n<p>Jaqbel f&#8217;kull AICS \u2014 Bergara B14 HMR, B14 Wild HMR, Remington 700 f&#8217;AICS, Savage b&#8217;AICS.<\/p>\n<table>\n<tbody>\n<tr>\n<td>Kapa\u010bit\u00e0<\/td>\n<td>5<\/td>\n<\/tr>\n<tr>\n<td>Kalibri kompatibbli<\/td>\n<td>.300 Win Mag, 7mm Rem Mag, .338 Win Mag, 7 PRC<\/td>\n<\/tr>\n<tr>\n<td>Tip alimentazzjoni<\/td>\n<td>SSSF<\/td>\n<\/tr>\n<tr>\n<td>Materjal<\/td>\n<td>Azzar, ittrattat bis-s\u0127ana, miksi teflon<\/td>\n<\/tr>\n<tr>\n<td>Pjattaforma<\/td>\n<td>AICS (Accuracy International)<\/td>\n<\/tr>\n<tr>\n<td>Manifattur<\/td>\n<td>Accurate-Mag, USA<\/td>\n<\/tr>\n<\/tbody>\n<\/table>\n","protected":false},"excerpt":{"rendered":"<p>Maga\u017cin Accurate-Mag AICS 5 tiri long-action. Azzar b&#8217;teflon. Kompatibbli .300 Win Mag, 7mm Rem Mag, .338 Win Mag u 7 PRC.<\/p>\n","protected":false},"featured_media":745026,"template":"","meta":{"_acf_changed":false},"product_brand":[16033],"product_cat":[14165],"product_tag":[],"class_list":{"0":"post-734275","1":"product","2":"type-product","3":"status-publish","4":"has-post-thumbnail","6":"product_brand-accurate-mag","7":"product_cat-magazines-tar-rifle","9":"first","10":"instock","11":"taxable","12":"shipping-taxable","13":"purchasable","14":"product-type-simple"},"acf":[],"_links":{"self":[{"href":"https:\/\/nbg.eu\/mt\/wp-json\/wp\/v2\/product\/734275","targetHints":{"allow":["GET"]}}],"collection":[{"href":"https:\/\/nbg.eu\/mt\/wp-json\/wp\/v2\/product"}],"about":[{"href":"https:\/\/nbg.eu\/mt\/wp-json\/wp\/v2\/types\/product"}],"wp:featuredmedia":[{"embeddable":true,"href":"https:\/\/nbg.eu\/mt\/wp-json\/wp\/v2\/media\/745026"}],"wp:attachment":[{"href":"https:\/\/nbg.eu\/mt\/wp-json\/wp\/v2\/media?parent=734275"}],"wp:term":[{"taxonomy":"product_brand","embeddable":true,"href":"https:\/\/nbg.eu\/mt\/wp-json\/wp\/v2\/product_brand?post=734275"},{"taxonomy":"product_cat","embeddable":true,"href":"https:\/\/nbg.eu\/mt\/wp-json\/wp\/v2\/product_cat?post=734275"},{"taxonomy":"product_tag","embeddable":true,"href":"https:\/\/nbg.eu\/mt\/wp-json\/wp\/v2\/product_tag?post=734275"}],"curies":[{"name":"wp","href":"https:\/\/api.w.org\/{rel}","templated":true}]}}