{"id":734321,"date":"2026-03-24T13:40:18","date_gmt":"2026-03-24T10:40:18","guid":{"rendered":"https:\/\/nbg.eu\/product\/magazin-bergara-b14-aics-short-action-10-tiri\/"},"modified":"2026-04-02T14:37:46","modified_gmt":"2026-04-02T11:37:46","slug":"magazin-bergara-b14-aics-short-action-10-tiri","status":"publish","type":"product","link":"https:\/\/nbg.eu\/mt\/product\/magazin-bergara-b14-aics-short-action-10-tiri\/","title":{"rendered":"Maga\u017cin Bergara B14 AICS Short Action 10 tiri"},"content":{"rendered":"<h2>Bergara B14 AICS Magazine Short Action 10-Round<\/h2>\n<p>Maga\u017cin AICS 10 tiri g\u0127al B14 HMR. Kompatibbli ma&#8217; 6.5 Creedmoor u .308 Win.<\/p>\n<table class=\"product-specs\">\n<tbody>\n<tr>\n<th>Kalibru<\/th>\n<td>6.5 Creedmoor \/ .308 Win<\/td>\n<\/tr>\n<tr>\n<th>Kapa\u010bit\u00e0 tal-ma\u0121a\u017cin<\/th>\n<td>10 rounds<\/td>\n<\/tr>\n<tr>\n<th>Platform<\/th>\n<td>Bergara B14 Short Action (AICS)<\/td>\n<\/tr>\n<tr>\n<th>Materjal<\/th>\n<td>Polyamide<\/td>\n<\/tr>\n<tr>\n<th>Manufacturer<\/th>\n<td>Bergara, Spain<\/td>\n<\/tr>\n<\/tbody>\n<\/table>\n","protected":false},"excerpt":{"rendered":"<p>Maga\u017cin slim-line Bergara ori\u0121inali ta&#8217; 10 tiri g\u0127al azzarini B14 AICS Short Action. Kompatibbli ma&#8217; 6.5 Creedmoor, .308 Win. Kostruzzjoni \u0127afifa tal-polimeru g\u0127al alimentazzjoni affidabbli f&#8217;kompetizzjonijiet u ka\u010b\u010ba.<\/p>\n","protected":false},"featured_media":734322,"template":"","meta":{"_acf_changed":false},"product_brand":[16018],"product_cat":[14165],"product_tag":[],"class_list":{"0":"post-734321","1":"product","2":"type-product","3":"status-publish","4":"has-post-thumbnail","6":"product_brand-bergara","7":"product_cat-magazines-tar-rifle","9":"first","10":"instock","11":"taxable","12":"shipping-taxable","13":"purchasable","14":"product-type-simple"},"acf":[],"_links":{"self":[{"href":"https:\/\/nbg.eu\/mt\/wp-json\/wp\/v2\/product\/734321","targetHints":{"allow":["GET"]}}],"collection":[{"href":"https:\/\/nbg.eu\/mt\/wp-json\/wp\/v2\/product"}],"about":[{"href":"https:\/\/nbg.eu\/mt\/wp-json\/wp\/v2\/types\/product"}],"wp:featuredmedia":[{"embeddable":true,"href":"https:\/\/nbg.eu\/mt\/wp-json\/wp\/v2\/media\/734322"}],"wp:attachment":[{"href":"https:\/\/nbg.eu\/mt\/wp-json\/wp\/v2\/media?parent=734321"}],"wp:term":[{"taxonomy":"product_brand","embeddable":true,"href":"https:\/\/nbg.eu\/mt\/wp-json\/wp\/v2\/product_brand?post=734321"},{"taxonomy":"product_cat","embeddable":true,"href":"https:\/\/nbg.eu\/mt\/wp-json\/wp\/v2\/product_cat?post=734321"},{"taxonomy":"product_tag","embeddable":true,"href":"https:\/\/nbg.eu\/mt\/wp-json\/wp\/v2\/product_tag?post=734321"}],"curies":[{"name":"wp","href":"https:\/\/api.w.org\/{rel}","templated":true}]}}