{"id":73967,"date":"2024-10-16T23:13:36","date_gmt":"2024-10-16T20:13:36","guid":{"rendered":"https:\/\/nbg.eu\/product\/casio-gbd-800uc-5er\/"},"modified":"2026-01-21T12:00:55","modified_gmt":"2026-01-21T09:00:55","slug":"casio-gbd-800uc-5er","status":"publish","type":"product","link":"https:\/\/nbg.eu\/mt\/product\/casio-gbd-800uc-5er\/","title":{"rendered":"Casio GBD-800UC-5ER"},"content":{"rendered":"<div class=\"product-description\">\n<h2>Casio GBD-800UC-5ER: Arlo\u0121\u0121 g\u0127all-Kundizzjoni Fi\u017cika<\/h2>\n<p>Il-Casio GBD-800UC-5ER g\u0127andu kaxxa u \u010binga tar-re\u017cina, mag\u0127mula biex jirre\u017cistu l-u\u017cu attiv.<\/p>\n<ul>\n<li>Qisien: 54.1 \u00d7 48.6 \u00d7 15.5 mm, pi\u017c: 59g<\/li>\n<li>Re\u017cistenti g\u0127ax-xokkijiet<\/li>\n<li>Re\u017cistenti g\u0127all-ilma sa 200 metru<\/li>\n<li>Batterija CR2025 b&#8217;\u0127ajja ta&#8217; 3 snin<\/li>\n<li>Jg\u0127odd il-passi b&#8217;sensor ta&#8217; a\u010b\u010belerazzjoni bi 3 assi<\/li>\n<li>Juri l-progress lejn il-mira tal-passi u grafika tal-passi g\u0127al 7 sig\u0127at<\/li>\n<li>Funzjoni ta&#8217; ffrankar tal-ener\u0121ija<\/li>\n<\/ul>\n<p>Il-GBD-800UC-5ER jista&#8217; jsegwi l-attivit\u00e0 fi\u017cika tieg\u0127ek b&#8217;pre\u010bi\u017cjoni.<\/p>\n<\/div>\n","protected":false},"excerpt":{"rendered":"<p>G-Shock b&#8217;sa\u0127\u0127tu b&#8217;tra\u010b\u010batur tal-passi, re\u017cistenti g\u0127all-ilma sa 200m, b&#8217;batterija li ddum tliet snin.<\/p>\n","protected":false},"featured_media":71247,"template":"","meta":{"_acf_changed":false},"product_brand":[11205],"product_cat":[14143],"product_tag":[],"class_list":{"0":"post-73967","1":"product","2":"type-product","3":"status-publish","4":"has-post-thumbnail","6":"product_brand-casio","7":"product_cat-edc","9":"first","10":"instock","11":"taxable","12":"shipping-taxable","13":"purchasable","14":"product-type-simple"},"acf":[],"_links":{"self":[{"href":"https:\/\/nbg.eu\/mt\/wp-json\/wp\/v2\/product\/73967","targetHints":{"allow":["GET"]}}],"collection":[{"href":"https:\/\/nbg.eu\/mt\/wp-json\/wp\/v2\/product"}],"about":[{"href":"https:\/\/nbg.eu\/mt\/wp-json\/wp\/v2\/types\/product"}],"wp:featuredmedia":[{"embeddable":true,"href":"https:\/\/nbg.eu\/mt\/wp-json\/wp\/v2\/media\/71247"}],"wp:attachment":[{"href":"https:\/\/nbg.eu\/mt\/wp-json\/wp\/v2\/media?parent=73967"}],"wp:term":[{"taxonomy":"product_brand","embeddable":true,"href":"https:\/\/nbg.eu\/mt\/wp-json\/wp\/v2\/product_brand?post=73967"},{"taxonomy":"product_cat","embeddable":true,"href":"https:\/\/nbg.eu\/mt\/wp-json\/wp\/v2\/product_cat?post=73967"},{"taxonomy":"product_tag","embeddable":true,"href":"https:\/\/nbg.eu\/mt\/wp-json\/wp\/v2\/product_tag?post=73967"}],"curies":[{"name":"wp","href":"https:\/\/api.w.org\/{rel}","templated":true}]}}