{"id":74033,"date":"2024-10-16T23:26:30","date_gmt":"2024-10-16T20:26:30","guid":{"rendered":"https:\/\/nbg.eu\/product\/casio-gbdh2000-1aer\/"},"modified":"2026-01-21T11:39:13","modified_gmt":"2026-01-21T08:39:13","slug":"casio-gbdh2000-1aer","status":"publish","type":"product","link":"https:\/\/nbg.eu\/mt\/product\/casio-gbdh2000-1aer\/","title":{"rendered":"Casio GBDH2000-1AER"},"content":{"rendered":"<h2>Casio GBDH2000-1AER: Arlo\u0121\u0121 g\u0127all-Fitness<\/h2>\n<p>Il-Casio GBDH2000-1AER g\u0127andu 6 sensuri u funzjonalit\u00e0 GPS. Dan l-arlo\u0121\u0121 jimmonitorja l-attivit\u00e0 fi\u017cika tieg\u0127ek f&#8217;\u0127in reali f&#8217;8 sports differenti, inklu\u017c \u0121iri, \u010bikli\u017cmu, u g\u0127awm.<\/p>\n<ul>\n<li>Jirre\u0121istra d-distanza, il-velo\u010bit\u00e0, il-\u0127in, il-pass, ir-rata tal-qalb, u l-kaloriji ma\u0127ruqa<\/li>\n<li>Ikejjel il-livelli tal-ossi\u0121nu fid-demm<\/li>\n<li>Disinn ta&#8217; qafas b&#8217;\u017cew\u0121 saffi g\u0127all-kumdit\u00e0 u operazzjoni fa\u010bli<\/li>\n<li>I\u010b\u010bar\u0121jar assistit mix-xemx g\u0127al \u0127ajja tal-batterija itwal<\/li>\n<li>Funzjonijiet intelli\u0121enti jinkludu notifiki u \u0127in dinji g\u0127al 300 belt<\/li>\n<\/ul>\n<p>Il-GBDH2000-1AER huwa mag\u0127mul minn plastik tal-bijomassa li ma jag\u0127milx \u0127sara lill-ambjent. Dan l-arlo\u0121\u0121 jikkombina teknolo\u0121ija avvanzata ma&#8217; kuxjenza ambjentali. Huwa adattat g\u0127all-atleti u l-entu\u017cjasti tal-fitness.<\/p>\n","protected":false},"excerpt":{"rendered":"<p>Arlo\u0121\u0121 tal-isport b&#8217;GPS inkorporat b&#8217;6 sensuri, li j\u017comm rekord ta&#8217; 8 attivitajiet.<\/p>\n","protected":false},"featured_media":71411,"template":"","meta":{"_acf_changed":false},"product_brand":[11205],"product_cat":[14143],"product_tag":[],"class_list":{"0":"post-74033","1":"product","2":"type-product","3":"status-publish","4":"has-post-thumbnail","6":"product_brand-casio","7":"product_cat-edc","9":"first","10":"instock","11":"taxable","12":"shipping-taxable","13":"purchasable","14":"product-type-simple"},"acf":[],"_links":{"self":[{"href":"https:\/\/nbg.eu\/mt\/wp-json\/wp\/v2\/product\/74033","targetHints":{"allow":["GET"]}}],"collection":[{"href":"https:\/\/nbg.eu\/mt\/wp-json\/wp\/v2\/product"}],"about":[{"href":"https:\/\/nbg.eu\/mt\/wp-json\/wp\/v2\/types\/product"}],"wp:featuredmedia":[{"embeddable":true,"href":"https:\/\/nbg.eu\/mt\/wp-json\/wp\/v2\/media\/71411"}],"wp:attachment":[{"href":"https:\/\/nbg.eu\/mt\/wp-json\/wp\/v2\/media?parent=74033"}],"wp:term":[{"taxonomy":"product_brand","embeddable":true,"href":"https:\/\/nbg.eu\/mt\/wp-json\/wp\/v2\/product_brand?post=74033"},{"taxonomy":"product_cat","embeddable":true,"href":"https:\/\/nbg.eu\/mt\/wp-json\/wp\/v2\/product_cat?post=74033"},{"taxonomy":"product_tag","embeddable":true,"href":"https:\/\/nbg.eu\/mt\/wp-json\/wp\/v2\/product_tag?post=74033"}],"curies":[{"name":"wp","href":"https:\/\/api.w.org\/{rel}","templated":true}]}}