{"id":74059,"date":"2024-10-16T23:20:06","date_gmt":"2024-10-16T20:20:06","guid":{"rendered":"https:\/\/nbg.eu\/product\/product-7\/"},"modified":"2026-01-21T12:03:59","modified_gmt":"2026-01-21T09:03:59","slug":"product-7","status":"publish","type":"product","link":"https:\/\/nbg.eu\/mt\/product\/product-7\/","title":{"rendered":"Casio GBA-900UU-5AER"},"content":{"rendered":"<h2>Casio GBA-900UU-5AER: Arlo\u0121\u0121 g\u0127at-Ta\u0127ri\u0121 Urban<\/h2>\n<p>Il-Casio GBA-900UU-5AER huwa arlo\u0121\u0121 G-SQUAD li jg\u0127aqqad stil urban ma&#8217; karatteristi\u010bi ta&#8217; ta\u0127ri\u0121 avvanzati.<\/p>\n<ul>\n<li>Kejl pre\u010bi\u017c tad-distanza bl-g\u0127add tal-passi u l-a\u0121\u0121ustament tal-GPS<\/li>\n<li>Wi\u010b\u010b kombinat li juri l-\u0127in u l-kejl<\/li>\n<li>Disinn ergonomiku b&#8217;operabbilt\u00e0 u ventilazzjoni mtejba<\/li>\n<li>Displej di\u0121itali b&#8217;funzjonijiet multipli bi graff tal-intensit\u00e0 tal-e\u017cer\u010bizzju<\/li>\n<li>Kejl komprensiv tal-\u0121iri inklu\u017c id-distanza, il-velo\u010bit\u00e0, u l-pass<\/li>\n<li>Tra\u010b\u010bar awtomatiku tal-passi b&#8217;indikatur tal-progress ta&#8217; kuljum<\/li>\n<li>Timer tal-intervalli b&#8217;integrazzjoni mal-ismartphone<\/li>\n<li>Dawl LED doppju Super Illuminator g\u0127al vi\u017cibilit\u00e0 mtejba<\/li>\n<\/ul>\n<p>Il-Casio GBA-900UU-5AER jg\u0127aqqad stil u funzjonalit\u00e0, u huwa adattat g\u0127all-avventuri urbani u t-ta\u0127ri\u0121 barra.<\/p>\n","protected":false},"excerpt":{"rendered":"<p>Arlo\u0121\u0121 sportiv G-SQUAD bi stil urban, monitora\u0121\u0121 tal-fitness u dawl LED.<\/p>\n","protected":false},"featured_media":71294,"template":"","meta":{"_acf_changed":false},"product_brand":[11205],"product_cat":[14143],"product_tag":[],"class_list":{"0":"post-74059","1":"product","2":"type-product","3":"status-publish","4":"has-post-thumbnail","6":"product_brand-casio","7":"product_cat-edc","9":"first","10":"instock","11":"taxable","12":"shipping-taxable","13":"purchasable","14":"product-type-simple"},"acf":[],"_links":{"self":[{"href":"https:\/\/nbg.eu\/mt\/wp-json\/wp\/v2\/product\/74059","targetHints":{"allow":["GET"]}}],"collection":[{"href":"https:\/\/nbg.eu\/mt\/wp-json\/wp\/v2\/product"}],"about":[{"href":"https:\/\/nbg.eu\/mt\/wp-json\/wp\/v2\/types\/product"}],"wp:featuredmedia":[{"embeddable":true,"href":"https:\/\/nbg.eu\/mt\/wp-json\/wp\/v2\/media\/71294"}],"wp:attachment":[{"href":"https:\/\/nbg.eu\/mt\/wp-json\/wp\/v2\/media?parent=74059"}],"wp:term":[{"taxonomy":"product_brand","embeddable":true,"href":"https:\/\/nbg.eu\/mt\/wp-json\/wp\/v2\/product_brand?post=74059"},{"taxonomy":"product_cat","embeddable":true,"href":"https:\/\/nbg.eu\/mt\/wp-json\/wp\/v2\/product_cat?post=74059"},{"taxonomy":"product_tag","embeddable":true,"href":"https:\/\/nbg.eu\/mt\/wp-json\/wp\/v2\/product_tag?post=74059"}],"curies":[{"name":"wp","href":"https:\/\/api.w.org\/{rel}","templated":true}]}}