{"id":74081,"date":"2024-10-18T21:54:11","date_gmt":"2024-10-18T18:54:11","guid":{"rendered":"https:\/\/nbg.eu\/product\/casio-prg-270-1er\/"},"modified":"2026-01-21T11:33:37","modified_gmt":"2026-01-21T08:33:37","slug":"casio-prg-270-1er","status":"publish","type":"product","link":"https:\/\/nbg.eu\/mt\/product\/casio-prg-270-1er\/","title":{"rendered":"Casio PRG-270-1ER"},"content":{"rendered":"<div class=\"product-description\">\n<h2>Casio PRG-270-1ER: Arlo\u0121\u0121 g\u0127all-Attivitajiet ta&#8217; Barra<\/h2>\n<p>Il-Casio PRG-270-1ER g\u0127andu t-Triple Sensor Version 3. Dan il-mudell PRO TREK jipprovdi qari ta&#8217; altitudni, pressjoni barometrika, u direzzjoni.<\/p>\n<ul>\n<li>Ener\u0121ija solari<\/li>\n<li>Triple Sensor: Kumpass, Barometru\/Termometru, Altimetru<\/li>\n<li>Re\u017cistenti g\u0127al temperaturi baxxi (-10\u00baC\/14\u00baF)<\/li>\n<li>Re\u017cistenza g\u0127all-ilma sa 100 metru<\/li>\n<li>Allarm g\u0127at-tendenza tal-pressjoni barometrika<\/li>\n<li>Buttuni kbar fil-\u0121enb<\/li>\n<li>Wiri tal-\u0127in tat-tlug\u0127 u n\u017cul tax-xemx<\/li>\n<li>Dawl awtomatiku g\u0127al kundizzjonijiet ta&#8217; dawl baxx<\/li>\n<\/ul>\n<p>Dan l-arlo\u0121\u0121 huwa ma\u0127sub g\u0127al dawk li j\u0127obbu l-attivitajiet ta&#8217; barra. Il-Casio PRG-270-1ER huwa g\u0127odda utli g\u0127all-avventuri tieg\u0127ek.<\/p>\n<\/div>\n","protected":false},"excerpt":{"rendered":"<p>Arlo\u0121\u0121 b&#8217;sa\u0127\u0127tu g\u0127all-barra b&#8217;Triple Sensor u ener\u0121ija Tough Solar.<\/p>\n","protected":false},"featured_media":71527,"template":"","meta":{"_acf_changed":false},"product_brand":[11205],"product_cat":[14143],"product_tag":[],"class_list":{"0":"post-74081","1":"product","2":"type-product","3":"status-publish","4":"has-post-thumbnail","6":"product_brand-casio","7":"product_cat-edc","9":"first","10":"instock","11":"taxable","12":"shipping-taxable","13":"purchasable","14":"product-type-simple"},"acf":[],"_links":{"self":[{"href":"https:\/\/nbg.eu\/mt\/wp-json\/wp\/v2\/product\/74081","targetHints":{"allow":["GET"]}}],"collection":[{"href":"https:\/\/nbg.eu\/mt\/wp-json\/wp\/v2\/product"}],"about":[{"href":"https:\/\/nbg.eu\/mt\/wp-json\/wp\/v2\/types\/product"}],"wp:featuredmedia":[{"embeddable":true,"href":"https:\/\/nbg.eu\/mt\/wp-json\/wp\/v2\/media\/71527"}],"wp:attachment":[{"href":"https:\/\/nbg.eu\/mt\/wp-json\/wp\/v2\/media?parent=74081"}],"wp:term":[{"taxonomy":"product_brand","embeddable":true,"href":"https:\/\/nbg.eu\/mt\/wp-json\/wp\/v2\/product_brand?post=74081"},{"taxonomy":"product_cat","embeddable":true,"href":"https:\/\/nbg.eu\/mt\/wp-json\/wp\/v2\/product_cat?post=74081"},{"taxonomy":"product_tag","embeddable":true,"href":"https:\/\/nbg.eu\/mt\/wp-json\/wp\/v2\/product_tag?post=74081"}],"curies":[{"name":"wp","href":"https:\/\/api.w.org\/{rel}","templated":true}]}}