{"id":74103,"date":"2024-10-18T22:05:21","date_gmt":"2024-10-18T19:05:21","guid":{"rendered":"https:\/\/nbg.eu\/product\/casio-prg-340t-7er\/"},"modified":"2026-01-21T11:49:01","modified_gmt":"2026-01-21T08:49:01","slug":"casio-prg-340t-7er","status":"publish","type":"product","link":"https:\/\/nbg.eu\/mt\/product\/casio-prg-340t-7er\/","title":{"rendered":"Casio PRG-340T-7ER"},"content":{"rendered":"<h2>Casio PRG-340T-7ER<\/h2>\n<p>Il-Casio PRG-340T-7ER huwa arlo\u0121\u0121 g\u0127all-barra. Dan l-arlo\u0121\u0121 g\u0127andu:<\/p>\n<ul>\n<li>Kumpass di\u0121itali<\/li>\n<li>Altimetru u barometru<\/li>\n<li>Termometru<\/li>\n<li>LCD dupplex<\/li>\n<li>Plastik tal-bijomassa<\/li>\n<li>Buttuni ta&#8217; funzjoni diretta<\/li>\n<li>Ener\u0121ija solari<\/li>\n<li>Illuminatur<\/li>\n<\/ul>\n<p>L-arlo\u0121\u0121 g\u0127andu re\u017cistenza g\u0127all-ilma ta&#8217; 10 bar, re\u017cistenza g\u0127al temperatura baxxa, \u0127in dinji u wiri ta&#8217; tlug\u0127 u n\u017cul tax-xemx.<\/p>\n","protected":false},"excerpt":{"rendered":"<p>Arlo\u0121\u0121 robust g\u0127all-u\u017cu barra b&#8217;kumpass, altimetru, u disinn li jirrispetta l-ambjent.<\/p>\n","protected":false},"featured_media":71758,"template":"","meta":{"_acf_changed":false},"product_brand":[11205],"product_cat":[14143],"product_tag":[],"class_list":{"0":"post-74103","1":"product","2":"type-product","3":"status-publish","4":"has-post-thumbnail","6":"product_brand-casio","7":"product_cat-edc","9":"first","10":"instock","11":"taxable","12":"shipping-taxable","13":"purchasable","14":"product-type-simple"},"acf":[],"_links":{"self":[{"href":"https:\/\/nbg.eu\/mt\/wp-json\/wp\/v2\/product\/74103","targetHints":{"allow":["GET"]}}],"collection":[{"href":"https:\/\/nbg.eu\/mt\/wp-json\/wp\/v2\/product"}],"about":[{"href":"https:\/\/nbg.eu\/mt\/wp-json\/wp\/v2\/types\/product"}],"wp:featuredmedia":[{"embeddable":true,"href":"https:\/\/nbg.eu\/mt\/wp-json\/wp\/v2\/media\/71758"}],"wp:attachment":[{"href":"https:\/\/nbg.eu\/mt\/wp-json\/wp\/v2\/media?parent=74103"}],"wp:term":[{"taxonomy":"product_brand","embeddable":true,"href":"https:\/\/nbg.eu\/mt\/wp-json\/wp\/v2\/product_brand?post=74103"},{"taxonomy":"product_cat","embeddable":true,"href":"https:\/\/nbg.eu\/mt\/wp-json\/wp\/v2\/product_cat?post=74103"},{"taxonomy":"product_tag","embeddable":true,"href":"https:\/\/nbg.eu\/mt\/wp-json\/wp\/v2\/product_tag?post=74103"}],"curies":[{"name":"wp","href":"https:\/\/api.w.org\/{rel}","templated":true}]}}