{"id":74125,"date":"2024-10-18T22:20:25","date_gmt":"2024-10-18T19:20:25","guid":{"rendered":"https:\/\/nbg.eu\/product\/casio-prw-61y-3er\/"},"modified":"2026-01-21T11:42:09","modified_gmt":"2026-01-21T08:42:09","slug":"casio-prw-61y-3er","status":"publish","type":"product","link":"https:\/\/nbg.eu\/mt\/product\/casio-prw-61y-3er\/","title":{"rendered":"Casio PRW-61Y-3ER"},"content":{"rendered":"<div class=\"product-description\">\n<h2>Casio PRW-61Y-3ER: Arlo\u0121\u0121 g\u0127all-Barra<\/h2>\n<p>Il-PRO TREK PRW-61Y-3ER huwa l-ewwel arlo\u0121\u0121 ta&#8217; Casio b&#8217;plastik bijomassa fil-kaxxa u \u010b-\u010binga. Dan l-arlo\u0121\u0121 jg\u0127aqqad is-sostenibbilt\u00e0 mad-durabbilt\u00e0, u joffri re\u017cistenza g\u0127all-u\u017cu iebes u kumdit\u00e0.<\/p>\n<ul>\n<li>Plastik bijomassa mag\u0127mul minn \u017cerrieg\u0127a tar-ri\u0121nu u l-qam\u0127irrum<\/li>\n<li>Wi\u010b\u010b b&#8217;indi\u010bi bojod g\u0127al vi\u017cibbilt\u00e0 a\u0127jar<\/li>\n<li>Sensur triplu: kumpass di\u0121itali, barometru\/altimetru, u termometru<\/li>\n<li>\u017bamma tal-\u0127in ikkontrollata bir-radju Multi Band 6<\/li>\n<li>Sistema ta&#8217; ener\u0121ija solari<\/li>\n<li>Dawl LED doppju awtomatiku<\/li>\n<li>\u010ainga tal-urethane ratba<\/li>\n<li>Bezel tal-azzar inossidabbli b&#8217;kodi\u010bi tal-bliet<\/li>\n<li>Disinn kompatt<\/li>\n<\/ul>\n<p>Il-PRW-61Y-3ER huwa arlo\u0121\u0121 g\u0127al dawk li j\u0127obbu l-barra u jinteressahom il-prestazzjoni u r-responsabbilt\u00e0 ambjentali.<\/p>\n<\/div>\n","protected":false},"excerpt":{"rendered":"<p>&#8220;Arlo\u0121\u0121 PRO TREK li ma jag\u0127milx \u0127sara lill-ambjent b&#8217;plastik bijomassa u karatteristi\u010bi g\u0127all-attivitajiet barra.&#8221;<\/p>\n","protected":false},"featured_media":71874,"template":"","meta":{"_acf_changed":false},"product_brand":[11205],"product_cat":[14143],"product_tag":[],"class_list":{"0":"post-74125","1":"product","2":"type-product","3":"status-publish","4":"has-post-thumbnail","6":"product_brand-casio","7":"product_cat-edc","9":"first","10":"instock","11":"taxable","12":"shipping-taxable","13":"purchasable","14":"product-type-simple"},"acf":[],"_links":{"self":[{"href":"https:\/\/nbg.eu\/mt\/wp-json\/wp\/v2\/product\/74125","targetHints":{"allow":["GET"]}}],"collection":[{"href":"https:\/\/nbg.eu\/mt\/wp-json\/wp\/v2\/product"}],"about":[{"href":"https:\/\/nbg.eu\/mt\/wp-json\/wp\/v2\/types\/product"}],"wp:featuredmedia":[{"embeddable":true,"href":"https:\/\/nbg.eu\/mt\/wp-json\/wp\/v2\/media\/71874"}],"wp:attachment":[{"href":"https:\/\/nbg.eu\/mt\/wp-json\/wp\/v2\/media?parent=74125"}],"wp:term":[{"taxonomy":"product_brand","embeddable":true,"href":"https:\/\/nbg.eu\/mt\/wp-json\/wp\/v2\/product_brand?post=74125"},{"taxonomy":"product_cat","embeddable":true,"href":"https:\/\/nbg.eu\/mt\/wp-json\/wp\/v2\/product_cat?post=74125"},{"taxonomy":"product_tag","embeddable":true,"href":"https:\/\/nbg.eu\/mt\/wp-json\/wp\/v2\/product_tag?post=74125"}],"curies":[{"name":"wp","href":"https:\/\/api.w.org\/{rel}","templated":true}]}}