{"id":74149,"date":"2024-10-18T22:52:52","date_gmt":"2024-10-18T19:52:52","guid":{"rendered":"https:\/\/nbg.eu\/product\/mag-release-button-kmr-black\/"},"modified":"2026-05-13T16:41:19","modified_gmt":"2026-05-13T13:41:19","slug":"mag-release-button-kmr-black","status":"publish","type":"product","link":"https:\/\/nbg.eu\/mt\/product\/mag-release-button-kmr-black\/","title":{"rendered":"KMR Buttuna tar-Rilaxx tal-Maga\u017cin Standard Iswed"},"content":{"rendered":"<h2>Buttuna tar-Rilaxx tal-Ma\u0121ni KMR &#8211; Iswed<\/h2>\n<p>Il-Buttuna tar-Rilaxx tal-Ma\u0121ni KMR hija a\u010b\u010bessorju essenzjali g\u0127as-sistemi tal-armi tieg\u0127ek, ma\u0127suba biex tipprovdi mekkani\u017cmu tal-rilaxx tal-ma\u0121ni sigur u affidabbli.<\/p>\n<p>B&#8217;finish iswed eleganti, il-Buttuna tar-Rilaxx tal-Ma\u0121ni KMR mhux biss funzjonali, i\u017cda \u017c\u017cid ukoll note ta&#8217; eleganza tattika g\u0127all-arma tieg\u0127ek. Mag\u0127mula minn materjali durabbli, din il-buttuna ti\u017cgura rilaxx tal-ma\u0121ni \u0121entili u affidabbli kull darba, li jippermetti rika\u0121\u0121ar velo\u010bi u tran\u017cizzjoni bla xkiel bejn tiri.<\/p>\n<p>Sew jekk int tirga&#8217; tirga&#8217; jew qed tibda biss, il-Buttuna tar-Rilaxx tal-Ma\u0121ni KMR hija a\u010b\u010bessorju essenzjali li jista&#8217; j\u0127affef il-prestazzjoni u l-affidabbilt\u00e0 tas-sistemi tal-armi tieg\u0127ek. B&#8217;kompatibbilt\u00e0 versatili u disinn robusti, din il-buttuna hija essenzjali g\u0127al kull amatier serju tal-armi tan-nar.<\/p>\n<p>G\u0127all-Armi KMR:<\/p>\n<p>KMR L-02 EMIQ<\/p>\n<p>KMR L-02 EMIQ (OR)<\/p>\n<p>KMR L-02 ORCA SAKEMM 2023<\/p>\n<p>KMR L-02 SPECTRA MINN 2024<\/p>\n<p>KMR L-02 SPECTRA SAKEMM 2023<\/p>\n<p>KMR L-02 UMBRA MINN 2024<\/p>\n<p>KMR L-02 UMBRA SAKEMM 2023<\/p>\n<p>KMR S-01 LANCE (OR)<\/p>\n<p>KMR S-02 SAKEMM 2023<\/p>\n<p>KMR W-02 CUDA MINN 2024<\/p>\n<p>KMR W-02 CUDA SAKEMM 2023<\/p>\n<p>KMR W-02 UMBRA<\/p>\n<p>KMR W-02 UMBRA (OR)<\/p>\n<p>Referenza 0180-00801-0101<\/p>\n","protected":false},"excerpt":{"rendered":"<p>Buttuna tar-rilaxx Mag g\u0127al armamenti KMR, disponibbli fil-kulur iswed.<\/p>\n","protected":false},"featured_media":72245,"template":"","meta":{"_acf_changed":false},"product_brand":[11500],"product_cat":[14108],"product_tag":[],"class_list":{"0":"post-74149","1":"product","2":"type-product","3":"status-publish","4":"has-post-thumbnail","6":"product_brand-kmr-precision","7":"product_cat-partijiet-kmr","9":"first","10":"instock","11":"taxable","12":"shipping-taxable","13":"purchasable","14":"product-type-simple"},"acf":[],"_links":{"self":[{"href":"https:\/\/nbg.eu\/mt\/wp-json\/wp\/v2\/product\/74149","targetHints":{"allow":["GET"]}}],"collection":[{"href":"https:\/\/nbg.eu\/mt\/wp-json\/wp\/v2\/product"}],"about":[{"href":"https:\/\/nbg.eu\/mt\/wp-json\/wp\/v2\/types\/product"}],"wp:featuredmedia":[{"embeddable":true,"href":"https:\/\/nbg.eu\/mt\/wp-json\/wp\/v2\/media\/72245"}],"wp:attachment":[{"href":"https:\/\/nbg.eu\/mt\/wp-json\/wp\/v2\/media?parent=74149"}],"wp:term":[{"taxonomy":"product_brand","embeddable":true,"href":"https:\/\/nbg.eu\/mt\/wp-json\/wp\/v2\/product_brand?post=74149"},{"taxonomy":"product_cat","embeddable":true,"href":"https:\/\/nbg.eu\/mt\/wp-json\/wp\/v2\/product_cat?post=74149"},{"taxonomy":"product_tag","embeddable":true,"href":"https:\/\/nbg.eu\/mt\/wp-json\/wp\/v2\/product_tag?post=74149"}],"curies":[{"name":"wp","href":"https:\/\/api.w.org\/{rel}","templated":true}]}}