{"id":74215,"date":"2024-10-18T23:28:40","date_gmt":"2024-10-18T20:28:40","guid":{"rendered":"https:\/\/nbg.eu\/product\/extractor-l-02-40sw-kmr\/"},"modified":"2026-04-16T18:05:39","modified_gmt":"2026-04-16T15:05:39","slug":"extractor-l-02-40sw-kmr","status":"publish","type":"product","link":"https:\/\/nbg.eu\/mt\/product\/extractor-l-02-40sw-kmr\/","title":{"rendered":"KMR Estrattur L-02 .40 S&amp;W"},"content":{"rendered":"<div class=\"product-description\">\n<h2>Estrattur L-02 .40SW &#8211; KMR<\/h2>\n<p>Dan l-estrattur huwa ma\u0127dum g\u0127all-pistola KMR L-02. Huwa ddisinjat g\u0127all-kalibru .40 S&amp;W u ji\u017cgura estrazzjoni affidabbli. Mag\u0127mul minn materjali b&#8217;sa\u0127\u0127ithom, jifla\u0127 g\u0127all-u\u017cu frekwenti. Dan il-komponent huwa ma\u0127sub biex itejjeb il-prestazzjoni tal-arma tan-nar.<\/p>\n<\/div>\n","protected":false},"excerpt":{"rendered":"<p>Estrattur ta&#8217; pre\u010bi\u017cjoni 40 S&amp;W g\u0127all-pistola KMR L-02.<\/p>\n","protected":false},"featured_media":72594,"template":"","meta":{"_acf_changed":false},"product_brand":[11500],"product_cat":[14108],"product_tag":[],"class_list":{"0":"post-74215","1":"product","2":"type-product","3":"status-publish","4":"has-post-thumbnail","6":"product_brand-kmr-precision","7":"product_cat-partijiet-kmr","9":"first","10":"instock","11":"taxable","12":"shipping-taxable","13":"purchasable","14":"product-type-simple"},"acf":[],"_links":{"self":[{"href":"https:\/\/nbg.eu\/mt\/wp-json\/wp\/v2\/product\/74215","targetHints":{"allow":["GET"]}}],"collection":[{"href":"https:\/\/nbg.eu\/mt\/wp-json\/wp\/v2\/product"}],"about":[{"href":"https:\/\/nbg.eu\/mt\/wp-json\/wp\/v2\/types\/product"}],"wp:featuredmedia":[{"embeddable":true,"href":"https:\/\/nbg.eu\/mt\/wp-json\/wp\/v2\/media\/72594"}],"wp:attachment":[{"href":"https:\/\/nbg.eu\/mt\/wp-json\/wp\/v2\/media?parent=74215"}],"wp:term":[{"taxonomy":"product_brand","embeddable":true,"href":"https:\/\/nbg.eu\/mt\/wp-json\/wp\/v2\/product_brand?post=74215"},{"taxonomy":"product_cat","embeddable":true,"href":"https:\/\/nbg.eu\/mt\/wp-json\/wp\/v2\/product_cat?post=74215"},{"taxonomy":"product_tag","embeddable":true,"href":"https:\/\/nbg.eu\/mt\/wp-json\/wp\/v2\/product_tag?post=74215"}],"curies":[{"name":"wp","href":"https:\/\/api.w.org\/{rel}","templated":true}]}}