{"id":74281,"date":"2024-10-20T13:20:59","date_gmt":"2024-10-20T10:20:59","guid":{"rendered":"https:\/\/nbg.eu\/product\/fully-adjustable-rear-sight-kmr\/"},"modified":"2026-04-16T18:05:28","modified_gmt":"2026-04-16T15:05:28","slug":"fully-adjustable-rear-sight-kmr","status":"publish","type":"product","link":"https:\/\/nbg.eu\/mt\/product\/fully-adjustable-rear-sight-kmr\/","title":{"rendered":"KMR Mira ta&#8217; Wara Kompletament A\u0121\u0121ustabbli"},"content":{"rendered":"<div class=\"product-description\">\n<h2>Mira ta&#8217; Wara A\u0121\u0121ustabbli Kompletament g\u0127al KMR<\/h2>\n<p>Mira ta&#8217; wara a\u0121\u0121ustabbli kompletament iddisinjata g\u0127al mudelli KMR u CZ. Din il-mira toffri:<\/p>\n<ul>\n<li>Kompatibbilt\u00e0 ma&#8217; CZ SP01 Shadow 1 u CZ Shadow 2<\/li>\n<li>Prestazzjoni ma&#8217; miri ta&#8217; quddiem b&#8217;g\u0127oli ta&#8217; 7.5-8.0mm<\/li>\n<li>A\u0121\u0121ustamenti g\u0127al pre\u010bi\u017cjoni<\/li>\n<li>Kostruzzjoni g\u0127all-u\u017cu fit-tul<\/li>\n<\/ul>\n<p>Nota: Din il-mira mhix kompatibbli ma&#8217; mudelli CZ 75 TS.<\/p>\n<\/div>\n","protected":false},"excerpt":{"rendered":"<p>Mira ta&#8217; wara pre\u010bi\u017ca g\u0127al KMR u CZ.<\/p>\n","protected":false},"featured_media":73525,"template":"","meta":{"_acf_changed":false},"product_brand":[11500],"product_cat":[14108],"product_tag":[],"class_list":{"0":"post-74281","1":"product","2":"type-product","3":"status-publish","4":"has-post-thumbnail","6":"product_brand-kmr-precision","7":"product_cat-partijiet-kmr","9":"first","10":"instock","11":"taxable","12":"shipping-taxable","13":"purchasable","14":"product-type-simple"},"acf":[],"_links":{"self":[{"href":"https:\/\/nbg.eu\/mt\/wp-json\/wp\/v2\/product\/74281","targetHints":{"allow":["GET"]}}],"collection":[{"href":"https:\/\/nbg.eu\/mt\/wp-json\/wp\/v2\/product"}],"about":[{"href":"https:\/\/nbg.eu\/mt\/wp-json\/wp\/v2\/types\/product"}],"wp:featuredmedia":[{"embeddable":true,"href":"https:\/\/nbg.eu\/mt\/wp-json\/wp\/v2\/media\/73525"}],"wp:attachment":[{"href":"https:\/\/nbg.eu\/mt\/wp-json\/wp\/v2\/media?parent=74281"}],"wp:term":[{"taxonomy":"product_brand","embeddable":true,"href":"https:\/\/nbg.eu\/mt\/wp-json\/wp\/v2\/product_brand?post=74281"},{"taxonomy":"product_cat","embeddable":true,"href":"https:\/\/nbg.eu\/mt\/wp-json\/wp\/v2\/product_cat?post=74281"},{"taxonomy":"product_tag","embeddable":true,"href":"https:\/\/nbg.eu\/mt\/wp-json\/wp\/v2\/product_tag?post=74281"}],"curies":[{"name":"wp","href":"https:\/\/api.w.org\/{rel}","templated":true}]}}