{"id":745499,"date":"2026-04-03T17:00:37","date_gmt":"2026-04-03T14:00:37","guid":{"rendered":"https:\/\/nbg.eu\/product\/munizzjon-turan-9x19mm-luger-fmj-124-gr\/"},"modified":"2026-04-03T17:09:36","modified_gmt":"2026-04-03T14:09:36","slug":"munizzjon-turan-9x19mm-luger-fmj-124-gr","status":"publish","type":"product","link":"https:\/\/nbg.eu\/mt\/product\/munizzjon-turan-9x19mm-luger-fmj-124-gr\/","title":{"rendered":"Munizzjon Turan 9x19mm Luger FMJ 124 gr"},"content":{"rendered":"<h2>Munizzjon Turan 9x19mm Luger FMJ 124 gr<\/h2>\n<p>Munizzjon Turan 9x19mm Luger FMJ, 124 grain. Kartoccia brass, primer Boxer, projettili FMJ mhux manjetiku. Manifatturat fit-Turkija skont spe\u010bifikazzjonijiet NATO. Velo\u010bit\u00e0 370 m\/s. G\u0127at-ta\u0127ri\u0121, spara<\/p>\n<h3>Prestazzjoni konsistenti<\/h3>\n<p>B&#8217;velo\u010bit\u00e0 1214 fps (370 m\/s) u ener\u0121ija 339 ft-lbs (460 J), dawn il-kartu\u010b\u010bi jipprovdu ballistika konsistenti g\u0127al ta\u0127ri\u0121 pre\u010bi\u017c u kompetizzjoni. Il-pi\u017c ta&#8217; 124 grain huwa l-istandard NATO g\u0127al 9mm, li joffri bilan\u010b bejn ritorn kontrollabbli u funzjonament affidabbli.<\/p>\n<h3>Munizzjon prattika g\u0127at-ta\u0127ri\u0121<\/h3>\n<p>Turan 9x19mm hija ddisinjata b\u0127ala munizzjon ta&#8217; ta\u0127ri\u0121 b&#8217;volum kbir bi prezz a\u010b\u010bessibbli. Il-kombinazzjoni ta&#8217; manifattura ta&#8217; kwalit\u00e0, konsistenza NATO u prezzijiet kompetittivi jag\u0127milha g\u0127a\u017cla e\u010b\u010bellenti g\u0127al programmi ta&#8217; ta\u0127ri\u0121, klabbs ta&#8217; sparar u prattika individwali.<\/p>\n<table>\n<tbody>\n<tr>\n<td>Kalibru<\/td>\n<td>9x19mm Luger \/ Parabellum<\/td>\n<\/tr>\n<tr>\n<td>Pi\u017c tal-balla<\/td>\n<td>124 gr (8.0 g)<\/td>\n<\/tr>\n<tr>\n<td>Tip ta&#8217; balla<\/td>\n<td>Full Metal Jacket (FMJ)<\/td>\n<\/tr>\n<tr>\n<td>Velo\u010bit\u00e0 tal-\u0127alq<\/td>\n<td>1,214 fps (370 m\/s)<\/td>\n<\/tr>\n<tr>\n<td>Ener\u0121ija tal-\u0127alq<\/td>\n<td>339 ft-lbs (460 J)<\/td>\n<\/tr>\n<tr>\n<td>Materjal tal-kartoccia<\/td>\n<td>Brass, \u0121did<\/td>\n<\/tr>\n<tr>\n<td>Primer<\/td>\n<td>Boxer<\/td>\n<\/tr>\n<tr>\n<td>Manjetiku<\/td>\n<td>Le<\/td>\n<\/tr>\n<tr>\n<td>Rikarikabbli<\/td>\n<td>Iva<\/td>\n<\/tr>\n<tr>\n<td>Manifattur<\/td>\n<td>Turan, Turkey<\/td>\n<\/tr>\n<\/tbody>\n<\/table>\n","protected":false},"excerpt":{"rendered":"<p>Munizzjon Turan 9x19mm Luger FMJ, 124 grain. Kartoccia brass, primer Boxer, projettili FMJ mhux manjetiku. Manifatturat fit-Turkija skont spe\u010bifikazzjonijiet NATO. Velo\u010bit\u00e0 370 m\/s. G\u0127at-ta\u0127ri\u0121, sparar fil-mira u kompetizzjoni. Jinbieg\u0127 bil-bi\u010b\u010ba.<\/p>\n","protected":false},"featured_media":745500,"template":"","meta":{"_acf_changed":false},"product_brand":[],"product_cat":[14161,14151],"product_tag":[],"class_list":{"0":"post-745499","1":"product","2":"type-product","3":"status-publish","4":"has-post-thumbnail","6":"product_cat-munizzjon","7":"product_cat-munizzjon-tal-pistola","9":"first","10":"instock","11":"taxable","12":"shipping-taxable","13":"product-type-simple"},"acf":[],"_links":{"self":[{"href":"https:\/\/nbg.eu\/mt\/wp-json\/wp\/v2\/product\/745499","targetHints":{"allow":["GET"]}}],"collection":[{"href":"https:\/\/nbg.eu\/mt\/wp-json\/wp\/v2\/product"}],"about":[{"href":"https:\/\/nbg.eu\/mt\/wp-json\/wp\/v2\/types\/product"}],"wp:featuredmedia":[{"embeddable":true,"href":"https:\/\/nbg.eu\/mt\/wp-json\/wp\/v2\/media\/745500"}],"wp:attachment":[{"href":"https:\/\/nbg.eu\/mt\/wp-json\/wp\/v2\/media?parent=745499"}],"wp:term":[{"taxonomy":"product_brand","embeddable":true,"href":"https:\/\/nbg.eu\/mt\/wp-json\/wp\/v2\/product_brand?post=745499"},{"taxonomy":"product_cat","embeddable":true,"href":"https:\/\/nbg.eu\/mt\/wp-json\/wp\/v2\/product_cat?post=745499"},{"taxonomy":"product_tag","embeddable":true,"href":"https:\/\/nbg.eu\/mt\/wp-json\/wp\/v2\/product_tag?post=745499"}],"curies":[{"name":"wp","href":"https:\/\/api.w.org\/{rel}","templated":true}]}}