{"id":745634,"date":"2026-04-03T17:24:57","date_gmt":"2026-04-03T14:24:57","guid":{"rendered":"https:\/\/nbg.eu\/product\/munizzjon-maxxtech-45-acp-fmj-230-gr\/"},"modified":"2026-04-03T17:39:45","modified_gmt":"2026-04-03T14:39:45","slug":"munizzjon-maxxtech-45-acp-fmj-230-gr","status":"publish","type":"product","link":"https:\/\/nbg.eu\/mt\/product\/munizzjon-maxxtech-45-acp-fmj-230-gr\/","title":{"rendered":"Munizzjon MaxxTech .45 ACP FMJ 230 gr"},"content":{"rendered":"<h2>Munizzjon MaxxTech .45 ACP FMJ 230 gr<\/h2>\n<p>MaxxTech .45 ACP tipprovdi prestazzjoni affidabbli ta&#8217; qawwa s\u0127i\u0127a g\u0127at-ta\u0127ri\u0121 u sparar sportiv. Mimlija minn POBJEDA Technology \u2014 60+ sena esperjenza \u2014 munizzjon MaxxTech mibnija skont standards konsistenti g\u0127al alimentazzjoni affidabbli f&#8217;pjattaformi .45 ACP.<\/p>\n<h3>Prestazzjoni konsistenti<\/h3>\n<p>Il-balla FMJ ta&#8217; 230 grain hija l-pi\u017c standard g\u0127al .45 ACP bl-impuls familjari ta&#8217; ritorn u punt ta&#8217; impatt. B&#8217;velo\u010bit\u00e0 ta&#8217; 853 fps (260 m\/s), dawn il-kartu\u010b\u010bi jipprovdu ballistika konsistenti sessjoni wara sessjoni \u2014 essenzjali g\u0127all-fundamenti tas-sparar.<\/p>\n<h3>Munizzjon prattika g\u0127at-ta\u0127ri\u0121<\/h3>\n<p>MaxxTech .45 ACP hija ddisinjata b\u0127ala munizzjon ta&#8217; ta\u0127ri\u0121 b&#8217;volum kbir bi prezz kompetittiv. Kartocci brass \u0121odda b&#8217;primer Boxer g\u0127al tqabbid affidabbli, rikarikabbli. Formula mhux korrosiva ming\u0127ajr tindif spe\u010bjali. G\u0127a\u017cla e\u010b\u010bellenti g\u0127at-ta\u0127ri\u0121, klabbs u prattika personali.<\/p>\n<table>\n<tbody>\n<tr>\n<td>Kalibru<\/td>\n<td>.45 ACP (Auto)<\/td>\n<\/tr>\n<tr>\n<td>Pi\u017c tal-balla<\/td>\n<td>230 gr (14.9 g)<\/td>\n<\/tr>\n<tr>\n<td>Tip ta&#8217; balla<\/td>\n<td>Full Metal Jacket (FMJ)<\/td>\n<\/tr>\n<tr>\n<td>Velo\u010bit\u00e0 tal-\u0127alq<\/td>\n<td>853 fps (260 m\/s)<\/td>\n<\/tr>\n<tr>\n<td>Materjal tal-kartoccia<\/td>\n<td>Brass, \u0121did<\/td>\n<\/tr>\n<tr>\n<td>Primer<\/td>\n<td>Boxer, mhux korrosiv<\/td>\n<\/tr>\n<tr>\n<td>Rikarikabbli<\/td>\n<td>Iva<\/td>\n<\/tr>\n<tr>\n<td>Manifattur<\/td>\n<td>MaxxTech \/ POBJEDA Technology<\/td>\n<\/tr>\n<\/tbody>\n<\/table>\n","protected":false},"excerpt":{"rendered":"<p>Munizzjon MaxxTech .45 ACP FMJ, 230 grain. Kartoccia brass, primer Boxer, mhux korrosiv. Manifattur POBJEDA Technology b&#8217;60+ sena esperjenza. Velo\u010bit\u00e0 260 m\/s. Munizzjon ta&#8217; ta\u0127ri\u0121 affidabbli. Bil-bi\u010b\u010ba.<\/p>\n","protected":false},"featured_media":745635,"template":"","meta":{"_acf_changed":false},"product_brand":[11577],"product_cat":[14161,14151],"product_tag":[],"class_list":{"0":"post-745634","1":"product","2":"type-product","3":"status-publish","4":"has-post-thumbnail","6":"product_brand-maxxtech","7":"product_cat-munizzjon","8":"product_cat-munizzjon-tal-pistola","10":"first","11":"outofstock","12":"taxable","13":"shipping-taxable","14":"product-type-simple"},"acf":[],"_links":{"self":[{"href":"https:\/\/nbg.eu\/mt\/wp-json\/wp\/v2\/product\/745634","targetHints":{"allow":["GET"]}}],"collection":[{"href":"https:\/\/nbg.eu\/mt\/wp-json\/wp\/v2\/product"}],"about":[{"href":"https:\/\/nbg.eu\/mt\/wp-json\/wp\/v2\/types\/product"}],"wp:featuredmedia":[{"embeddable":true,"href":"https:\/\/nbg.eu\/mt\/wp-json\/wp\/v2\/media\/745635"}],"wp:attachment":[{"href":"https:\/\/nbg.eu\/mt\/wp-json\/wp\/v2\/media?parent=745634"}],"wp:term":[{"taxonomy":"product_brand","embeddable":true,"href":"https:\/\/nbg.eu\/mt\/wp-json\/wp\/v2\/product_brand?post=745634"},{"taxonomy":"product_cat","embeddable":true,"href":"https:\/\/nbg.eu\/mt\/wp-json\/wp\/v2\/product_cat?post=745634"},{"taxonomy":"product_tag","embeddable":true,"href":"https:\/\/nbg.eu\/mt\/wp-json\/wp\/v2\/product_tag?post=745634"}],"curies":[{"name":"wp","href":"https:\/\/api.w.org\/{rel}","templated":true}]}}