{"id":74951,"date":"2024-10-21T12:39:10","date_gmt":"2024-10-21T09:39:10","guid":{"rendered":"https:\/\/nbg.eu\/product\/grips-kmr-s-modular-sandpaper-black\/"},"modified":"2026-01-21T11:59:57","modified_gmt":"2026-01-21T08:59:57","slug":"grips-kmr-s-modular-sandpaper-black","status":"publish","type":"product","link":"https:\/\/nbg.eu\/mt\/product\/grips-kmr-s-modular-sandpaper-black\/","title":{"rendered":"GRIPS KMR S Modular Sandpaper &#8211; Black"},"content":{"rendered":"<h2>GRIPS KMR S Modular Sandpaper &#8211; Iswed<\/h2>\n<p>\u0126e\u0121\u0121e\u0121 il-pistola tieg\u0127ek KMR S-02 bit-truffi tas-sandpaper modulari premjum tag\u0127na. Imfassla minn duralumin anodizzat, dawn it-truffi tat-tul joffru mmani\u0121\u0121jar u kumdit\u00e0 superjuri.<\/p>\n<h2>Karatteristi\u010bi:<\/h2>\n<ul>\n<li>In\u0127assar esklu\u017civ g\u0127all-mudelli KMR S-02 .22 LR<\/li>\n<li>Kostruzzjoni ta&#8217; duralumin anodizzat li jdumu<\/li>\n<li>Imfassla g\u0127all-u\u017cu bla gwida tal-magazin<\/li>\n<li>Jinkludu l-viti torx g\u0127all-installazzjoni fa\u010bli<\/li>\n<li>Finish iswed s\u0127i\u0127 bil-logo KMR<\/li>\n<\/ul>\n<p>Nota: Dawn it-truffi huma spe\u010bifikament imfassla g\u0127all-qafas ta&#8217; aluminju ta&#8217; 26 mm tal-KMR S-02 u mhumiex kompatibbli mal-\u0127jie\u017cer W-02 jew L-02. Itejjeb il-qbid u l-pre\u010bi\u017cjoni tal-isparar tieg\u0127ek b&#8217;din is-soluzzjoni personalizzata g\u0127all-pistola tieg\u0127ek KMR S-02.<\/p>\n<dl class=\"data-sheet\">\n<dt class=\"name\">G\u0127al Armamenti KMR<\/dt>\n<dd class=\"value\">KMR S-01 LANCE (JEW)<br \/>\nKMR S-02 SAS 2023<\/dd>\n<dt class=\"name\">G\u0127a\u017cla skont l-Armamenti CZ<\/dt>\n<dd class=\"value\">CZ SHADOW 1<br \/>\nCZ SHADOW 2<br \/>\nCZ SHADOW 2 (JEW)<br \/>\nCZ SP-01<\/dd>\n<\/dl>\n","protected":false},"excerpt":{"rendered":"<p>A\u0121\u0121ustatur tal-Grip Modulari KMR S-02 iswed, kompatibbli mal-Qafas tal-Aluminju.<br \/>\n0611-03101-0101<\/p>\n","protected":false},"featured_media":73899,"template":"","meta":{"_acf_changed":false},"product_brand":[11500],"product_cat":[14108,14879],"product_tag":[],"class_list":{"0":"post-74951","1":"product","2":"type-product","3":"status-publish","4":"has-post-thumbnail","6":"product_brand-kmr-precision","7":"product_cat-partijiet-kmr","8":"product_cat-pistol-grips-mt","10":"first","11":"instock","12":"taxable","13":"shipping-taxable","14":"purchasable","15":"product-type-simple"},"acf":[],"_links":{"self":[{"href":"https:\/\/nbg.eu\/mt\/wp-json\/wp\/v2\/product\/74951","targetHints":{"allow":["GET"]}}],"collection":[{"href":"https:\/\/nbg.eu\/mt\/wp-json\/wp\/v2\/product"}],"about":[{"href":"https:\/\/nbg.eu\/mt\/wp-json\/wp\/v2\/types\/product"}],"wp:featuredmedia":[{"embeddable":true,"href":"https:\/\/nbg.eu\/mt\/wp-json\/wp\/v2\/media\/73899"}],"wp:attachment":[{"href":"https:\/\/nbg.eu\/mt\/wp-json\/wp\/v2\/media?parent=74951"}],"wp:term":[{"taxonomy":"product_brand","embeddable":true,"href":"https:\/\/nbg.eu\/mt\/wp-json\/wp\/v2\/product_brand?post=74951"},{"taxonomy":"product_cat","embeddable":true,"href":"https:\/\/nbg.eu\/mt\/wp-json\/wp\/v2\/product_cat?post=74951"},{"taxonomy":"product_tag","embeddable":true,"href":"https:\/\/nbg.eu\/mt\/wp-json\/wp\/v2\/product_tag?post=74951"}],"curies":[{"name":"wp","href":"https:\/\/api.w.org\/{rel}","templated":true}]}}