{"id":749526,"date":"2026-04-24T11:17:29","date_gmt":"2026-04-24T08:17:29","guid":{"rendered":"https:\/\/nbg.eu\/product\/eberlestock-freefall-2000-basket\/"},"modified":"2026-04-24T11:59:48","modified_gmt":"2026-04-24T08:59:48","slug":"eberlestock-freefall-2000-basket","status":"publish","type":"product","link":"https:\/\/nbg.eu\/mt\/product\/eberlestock-freefall-2000-basket\/","title":{"rendered":"Eberlestock FreeFall 2000 Basket"},"content":{"rendered":"<h2>Eberlestock FreeFall 2000 Basket<\/h2>\n<p>L-Eberlestock FreeFall 2000 hija pjattaforma versatili b&#8217;profil baxx, kapa\u010bi li tie\u0127u eskursjonijiet ta&#8217; \u0127afna \u0121ranet b&#8217;tag\u0127mir minimu jew vja\u0121\u0121i ta&#8217; \u0121urnata b&#8217;setup robust. B&#8217;g\u0127atu ta&#8217; fuq spazzju\u017c, seba&#8217; bwiet interni, kompartiment g\u0127al bor\u017ca tal-ilma, \u010binturini tal-kompressjoni u bwiet tal-\u0121enbejn, dan il-basket huwa mibni g\u0127al dilettanti tal-outdoor u operaturi tatti\u010bi serji.<\/p>\n<h3>Karatteristi\u010bi ewlenin<\/h3>\n<ul>\n<li>2000 c.i. \/ 32.8L capacity<\/li>\n<li>Spacious top lid<\/li>\n<li>Seven interior pockets<\/li>\n<li>Water bladder sleeve<\/li>\n<li>Compression straps<\/li>\n<li>Hip-belt pockets<\/li>\n<li>Aluminum frame<\/li>\n<li>Eberlestock Lifetime Warranty<\/li>\n<\/ul>\n<h3>Spe\u010bifikazzjonijiet<\/h3>\n<table>\n<tr>\n<td><strong>Volum<\/strong><\/td>\n<td>2000 c.i. \/ 32.8L<\/td>\n<\/tr>\n<tr>\n<td><strong>Pi\u017c<\/strong><\/td>\n<td>4 lbs 9 oz<\/td>\n<\/tr>\n<tr>\n<td><strong>Qafas<\/strong><\/td>\n<td>Aluminum<\/td>\n<\/tr>\n<tr>\n<td><strong>Kodi\u010bijiet tal-prodott<\/strong><\/td>\n<td>V7MC, V7GY, V7MB, V7ME, V7MJ, V7MM<\/td>\n<\/tr>\n<tr>\n<td><strong>Manifattur<\/strong><\/td>\n<td>Eberlestock (Kumpanija ta&#8217; veterani)<\/td>\n<\/tr>\n<\/table>\n","protected":false},"excerpt":{"rendered":"<p>L-Eberlestock FreeFall 2000 hija pjattaforma versatili b&#8217;profil baxx, kapa\u010bi li tie\u0127u eskursjonijiet ta&#8217; \u0127afna \u0121ranet b&#8217;tag\u0127mir minimu jew vja\u0121\u0121i ta&#8217; \u0121urnata b&#8217;setup robust. B&#8217;g\u0127atu ta&#8217; fuq spazzju\u017c, seba&#8217; bwiet interni, kompartiment g\u0127al bor\u017ca tal-ilma, \u010binturini tal-kompressjoni u bwiet tal-\u0121enbejn, dan il-basket huwa mibni g\u0127al dilettanti tal-outdoor u operaturi tatti\u010bi serji.<\/p>\n","protected":false},"featured_media":749527,"template":"","meta":{"_acf_changed":false},"product_brand":[15150],"product_cat":[14102],"product_tag":[],"class_list":{"0":"post-749526","1":"product","2":"type-product","3":"status-publish","4":"has-post-thumbnail","6":"product_brand-eberlestock","7":"product_cat-boroz-tad-dahar","9":"first","10":"outofstock","11":"taxable","12":"shipping-taxable","13":"purchasable","14":"product-type-variable","15":"wvs-archive-product-wrapper"},"acf":[],"_links":{"self":[{"href":"https:\/\/nbg.eu\/mt\/wp-json\/wp\/v2\/product\/749526","targetHints":{"allow":["GET"]}}],"collection":[{"href":"https:\/\/nbg.eu\/mt\/wp-json\/wp\/v2\/product"}],"about":[{"href":"https:\/\/nbg.eu\/mt\/wp-json\/wp\/v2\/types\/product"}],"wp:featuredmedia":[{"embeddable":true,"href":"https:\/\/nbg.eu\/mt\/wp-json\/wp\/v2\/media\/749527"}],"wp:attachment":[{"href":"https:\/\/nbg.eu\/mt\/wp-json\/wp\/v2\/media?parent=749526"}],"wp:term":[{"taxonomy":"product_brand","embeddable":true,"href":"https:\/\/nbg.eu\/mt\/wp-json\/wp\/v2\/product_brand?post=749526"},{"taxonomy":"product_cat","embeddable":true,"href":"https:\/\/nbg.eu\/mt\/wp-json\/wp\/v2\/product_cat?post=749526"},{"taxonomy":"product_tag","embeddable":true,"href":"https:\/\/nbg.eu\/mt\/wp-json\/wp\/v2\/product_tag?post=749526"}],"curies":[{"name":"wp","href":"https:\/\/api.w.org\/{rel}","templated":true}]}}